{"id":10645,"date":"2026-01-27T17:55:28","date_gmt":"2026-01-27T16:55:28","guid":{"rendered":"https:\/\/monechelle.ma\/?post_type=product&#038;p=10645"},"modified":"2026-04-07T15:04:02","modified_gmt":"2026-04-07T14:04:02","slug":"echelle-2-plans-es-doble","status":"publish","type":"product","link":"https:\/\/monechelle.ma\/ar\/product\/echelle-2-plans-es-doble\/","title":{"rendered":"\u0633\u0644\u0645 \u0645\u0646 2 \u0623\u0642\u0633\u0627\u0645  ES-DOBLE"},"content":{"rendered":"<p>\u0633\u0644\u0645 ES-DOBLE \u0647\u0648 \u0633\u0644\u0645 \u0645\u0632\u062f\u0648\u062c \u0645\u0635\u0646\u0648\u0639 \u0645\u0646 \u0627\u0644\u0623\u0644\u0648\u0645\u0646\u064a\u0648\u0645. \u064a\u062a\u0645\u064a\u0632 \u0647\u0630\u0627 \u0627\u0644\u0633\u0644\u0645 \u0645\u062a\u0639\u062f\u062f \u0627\u0644\u0627\u0633\u062a\u062e\u062f\u0627\u0645\u0627\u062a \u0628\u0625\u0645\u0643\u0627\u0646\u064a\u0629 \u0627\u0633\u062a\u062e\u062f\u0627\u0645\u0647 \u0643\u0633\u0644\u0651\u0645 \u0645\u0632\u062f\u0648\u062c (\u0643\u0644\u0627 \u0627\u0644\u062c\u0632\u0623\u064a\u0646 \u0642\u0627\u0628\u0644\u0627\u0646 \u0644\u0644\u062a\u0645\u062f\u064a\u062f) \u0623\u0648 \u0643\u0633\u0644\u0651\u0645 \u0645\u062a\u0643\u0626 \u0639\u0644\u0649 \u0627\u0644\u062d\u0627\u0626\u0637. \u0643\u0645\u0627 \u0623\u0646\u0647 \u0645\u0646\u0627\u0633\u0628 \u0644\u0644\u0627\u0633\u062a\u062e\u062f\u0627\u0645 \u0639\u0644\u0649 \u0627\u0644\u0623\u0633\u0637\u062d \u063a\u064a\u0631 \u0627\u0644\u0645\u0633\u062a\u0648\u064a\u0629\u060c \u0645\u0645\u0627 \u064a\u062c\u0639\u0644\u0647 \u0645\u062b\u0627\u0644\u064a\u0627\u064b \u0644\u0644\u0639\u0645\u0644 \u0639\u0644\u0649 \u0627\u0644\u0623\u0631\u0635\u0641\u0629 \u0623\u0648 \u0627\u0644\u0633\u0644\u0627\u0644\u0645.<\/p>\n<p>\u064a\u062a\u0645\u064a\u0632 \u0647\u0630\u0627 \u0627\u0644\u0645\u0646\u062a\u062c \u0628\u062f\u0631\u062c\u0627\u062a \u0645\u0627\u0646\u0639\u0629 \u0644\u0644\u0627\u0646\u0632\u0644\u0627\u0642 \u0628\u0639\u0645\u0642 3 \u0633\u0645\u060c \u0648\u0642\u0627\u0639\u062f\u0629 \u062b\u0627\u0628\u062a\u0629 \u0645\u0632\u0648\u062f\u0629 \u0628\u0642\u062f\u0645\u064a\u0646 \u0645\u0637\u0627\u0637\u064a\u062a\u064a\u0646 \u0639\u0631\u064a\u0636\u062a\u064a\u0646 \u0644\u0632\u064a\u0627\u062f\u0629 \u0627\u0644\u0623\u0645\u0627\u0646 \u0648\u0627\u0644\u062b\u0628\u0627\u062a\u060c \u062e\u0627\u0635\u0629 \u0639\u0644\u0649 \u0627\u0644\u0623\u0631\u0636\u064a\u0627\u062a \u063a\u064a\u0631 \u0627\u0644\u0645\u0633\u062a\u0648\u064a\u0629. \u0643\u0645\u0627 \u064a\u062d\u062a\u0648\u064a \u0639\u0644\u0649 \u0639\u062c\u0644\u062a\u064a\u0646 \u0641\u064a \u0623\u062d\u062f \u0637\u0631\u0641\u064a\u0647 \u0644\u0633\u0647\u0648\u0644\u0629 \u062a\u0631\u0643\u064a\u0628\u0647 \u0639\u0644\u0649 \u0627\u0644\u062d\u0627\u0626\u0637\u060c \u0648\u0645\u0641\u0635\u0644\u0629 \u0645\u062a\u064a\u0646\u0629 \u0644\u062a\u0633\u0648\u064a\u0629 \u0627\u0644\u062c\u0632\u0621 \u0639\u0646\u062f \u0627\u0644\u0639\u0645\u0644 \u0639\u0644\u0649 \u0627\u0644\u0623\u0633\u0637\u062d \u063a\u064a\u0631 \u0627\u0644\u0645\u0633\u062a\u0648\u064a\u0629\u060c \u0648\u0642\u0641\u0644 \u0623\u0645\u0627\u0646 \u0632\u0646\u0628\u0631\u0643\u064a \u0645\u0631\u064a\u062d \u0648\u0622\u0645\u0646.<\/p>\n<p>\u064a\u062a\u0648\u0627\u0641\u0642 \u0647\u0630\u0627 \u0627\u0644\u0645\u0646\u062a\u062c \u0645\u0639 \u0627\u0644\u0645\u0639\u064a\u0627\u0631 EN131.1.2.3\u060c \u0648\u064a\u0623\u062a\u064a \u0645\u0632\u0648\u062f\u0627\u064b \u0628\u0634\u0647\u0627\u062f\u0629 \u0645\u0637\u0627\u0628\u0642\u0629 \u0648\u062a\u0639\u0644\u064a\u0645\u0627\u062a \u0627\u0644\u0627\u0633\u062a\u062e\u062f\u0627\u0645. \u0627\u0644\u062d\u062f \u0627\u0644\u0623\u0642\u0635\u0649 \u0644\u0644\u062d\u0645\u0648\u0644\u0629 \u0627\u0644\u0645\u0633\u0645\u0648\u062d \u0628\u0647\u0627 \u0647\u0648 150 \u0643\u062c\u0645.<\/p>\n<p><img data-dominant-color=\"2d4535\" data-has-transparency=\"true\" style=\"--dominant-color: #2d4535;\" decoding=\"async\" class=\"size-full wp-image-10664 has-transparency\" src=\"https:\/\/monechelle.ma\/wp-content\/uploads\/2026\/01\/ES-SIMPLE.webp\" alt=\"certif-es-doble\" width=\"462\" height=\"75\" srcset=\"https:\/\/monechelle.ma\/wp-content\/uploads\/2026\/01\/ES-SIMPLE.webp 462w, https:\/\/monechelle.ma\/wp-content\/uploads\/2026\/01\/ES-SIMPLE-300x49.webp 300w, https:\/\/monechelle.ma\/wp-content\/uploads\/2026\/01\/ES-SIMPLE-460x75.webp 460w\" sizes=\"(max-width: 462px) 100vw, 462px\" \/><\/p>","protected":false},"excerpt":{"rendered":"<p>L&rsquo;ES-DOBLE est une \u00e9chelle double en aluminium. \u00c9chelle multifonctionnelle, elle peut servir d&rsquo;escabeau double (les deux sections sont extensibles) et d&rsquo;\u00e9chelle d&rsquo;appui contre un mur. Elle peut \u00e9galement \u00eatre utilis\u00e9e sur des surfaces irr\u00e9guli\u00e8res, ce qui la rend id\u00e9ale pour les travaux sur les trottoirs ou les escaliers. Elle est dot\u00e9e de marches antid\u00e9rapantes de&#8230;<\/p>","protected":false},"featured_media":10647,"comment_status":"open","ping_status":"closed","template":"","meta":{"_acf_changed":false,"_bst_post_transparent":"default","_bst_post_title":"","_bst_post_layout":"default","_bst_post_sidebar_id":"","_bst_post_content_style":"default","_bst_post_vertical_padding":"default","_bst_post_feature":"","_bst_post_feature_position":"","_bst_post_header":false,"_bst_post_footer":false},"pwb-brand":[649],"product_brand":[],"product_cat":[463],"product_tag":[],"product_brands":[],"class_list":{"0":"post-10645","1":"product","2":"type-product","3":"status-publish","4":"has-post-thumbnail","6":"pwb-brand-escalibur","7":"product_cat-echelles","9":"first","10":"instock","11":"shipping-taxable","12":"purchasable","13":"product-type-variable","14":"entry","15":"content-bg","16":"loop-entry"},"acf":[],"brands":[{"id":649,"name":"\u0625\u0633\u0643\u0627\u0644\u064a\u0628\u0648\u0631","slug":"escalibur"}],"_links":{"self":[{"href":"https:\/\/monechelle.ma\/ar\/wp-json\/wp\/v2\/product\/10645","targetHints":{"allow":["GET"]}}],"collection":[{"href":"https:\/\/monechelle.ma\/ar\/wp-json\/wp\/v2\/product"}],"about":[{"href":"https:\/\/monechelle.ma\/ar\/wp-json\/wp\/v2\/types\/product"}],"replies":[{"embeddable":true,"href":"https:\/\/monechelle.ma\/ar\/wp-json\/wp\/v2\/comments?post=10645"}],"version-history":[{"count":7,"href":"https:\/\/monechelle.ma\/ar\/wp-json\/wp\/v2\/product\/10645\/revisions"}],"predecessor-version":[{"id":10669,"href":"https:\/\/monechelle.ma\/ar\/wp-json\/wp\/v2\/product\/10645\/revisions\/10669"}],"wp:featuredmedia":[{"embeddable":true,"href":"https:\/\/monechelle.ma\/ar\/wp-json\/wp\/v2\/media\/10647"}],"wp:attachment":[{"href":"https:\/\/monechelle.ma\/ar\/wp-json\/wp\/v2\/media?parent=10645"}],"wp:term":[{"taxonomy":"pwb-brand","embeddable":true,"href":"https:\/\/monechelle.ma\/ar\/wp-json\/wp\/v2\/pwb-brand?post=10645"},{"taxonomy":"product_brand","embeddable":true,"href":"https:\/\/monechelle.ma\/ar\/wp-json\/wp\/v2\/product_brand?post=10645"},{"taxonomy":"product_cat","embeddable":true,"href":"https:\/\/monechelle.ma\/ar\/wp-json\/wp\/v2\/product_cat?post=10645"},{"taxonomy":"product_tag","embeddable":true,"href":"https:\/\/monechelle.ma\/ar\/wp-json\/wp\/v2\/product_tag?post=10645"},{"taxonomy":"product_brands","embeddable":true,"href":"https:\/\/monechelle.ma\/ar\/wp-json\/wp\/v2\/product_brands?post=10645"}],"curies":[{"name":"wp","href":"https:\/\/api.w.org\/{rel}","templated":true}]}}