{"id":10743,"date":"2026-01-29T17:13:08","date_gmt":"2026-01-29T16:13:08","guid":{"rendered":"https:\/\/monechelle.ma\/?post_type=product&#038;p=10743"},"modified":"2026-04-06T16:45:09","modified_gmt":"2026-04-06T15:45:09","slug":"plateforme-individuelle-gazelle-frig-fz","status":"publish","type":"product","link":"https:\/\/monechelle.ma\/ar\/product\/plateforme-individuelle-gazelle-frig-fz\/","title":{"rendered":"\u0645\u0646\u0635\u0629 Gazelle FRIG FZ \u0627\u0644\u0641\u0631\u062f\u064a\u0629"},"content":{"rendered":"<p>Plateforme pliante GAZELLE en aluminium avec grande surface de travail en bois trait\u00e9 antid\u00e9rapant, r\u00e9sistante \u00e0 l\u2019eau et aux taches. \u00c9quip\u00e9e d\u2019un garde-corps de s\u00e9curit\u00e9, de , de charni\u00e8res robustes et de patins antid\u00e9rapants pour une stabilit\u00e9 maximale. Compacte, l\u00e9g\u00e8re et durable, elle est id\u00e9ale pour les travaux rapides et s\u00e9curis\u00e9s \u00e0 faible hauteur.<\/p>","protected":false},"excerpt":{"rendered":"<p>Plateforme pliante GAZELLE en aluminium avec grande surface de travail en bois trait\u00e9 antid\u00e9rapant, r\u00e9sistante \u00e0 l\u2019eau et aux taches. \u00c9quip\u00e9e d\u2019un garde-corps de s\u00e9curit\u00e9, de , de charni\u00e8res robustes et de patins antid\u00e9rapants pour une stabilit\u00e9 maximale. Compacte, l\u00e9g\u00e8re et durable, elle est id\u00e9ale pour les travaux rapides et s\u00e9curis\u00e9s \u00e0 faible hauteur.<\/p>","protected":false},"featured_media":10779,"comment_status":"open","ping_status":"closed","template":"","meta":{"_acf_changed":false,"_bst_post_transparent":"default","_bst_post_title":"","_bst_post_layout":"default","_bst_post_sidebar_id":"","_bst_post_content_style":"default","_bst_post_vertical_padding":"default","_bst_post_feature":"","_bst_post_feature_position":"","_bst_post_header":false,"_bst_post_footer":false},"pwb-brand":[635],"product_brand":[],"product_cat":[566],"product_tag":[],"product_brands":[],"class_list":{"0":"post-10743","1":"product","2":"type-product","3":"status-publish","4":"has-post-thumbnail","6":"pwb-brand-frigerio","7":"product_cat-plateformes-pirl","9":"first","10":"instock","11":"shipping-taxable","12":"product-type-variable","13":"entry","14":"content-bg","15":"loop-entry"},"acf":[],"brands":[{"id":635,"name":"\u0641\u0631\u064a\u062c\u064a\u0631\u064a\u0648","slug":"frigerio"}],"_links":{"self":[{"href":"https:\/\/monechelle.ma\/ar\/wp-json\/wp\/v2\/product\/10743","targetHints":{"allow":["GET"]}}],"collection":[{"href":"https:\/\/monechelle.ma\/ar\/wp-json\/wp\/v2\/product"}],"about":[{"href":"https:\/\/monechelle.ma\/ar\/wp-json\/wp\/v2\/types\/product"}],"replies":[{"embeddable":true,"href":"https:\/\/monechelle.ma\/ar\/wp-json\/wp\/v2\/comments?post=10743"}],"version-history":[{"count":3,"href":"https:\/\/monechelle.ma\/ar\/wp-json\/wp\/v2\/product\/10743\/revisions"}],"predecessor-version":[{"id":10778,"href":"https:\/\/monechelle.ma\/ar\/wp-json\/wp\/v2\/product\/10743\/revisions\/10778"}],"wp:featuredmedia":[{"embeddable":true,"href":"https:\/\/monechelle.ma\/ar\/wp-json\/wp\/v2\/media\/10779"}],"wp:attachment":[{"href":"https:\/\/monechelle.ma\/ar\/wp-json\/wp\/v2\/media?parent=10743"}],"wp:term":[{"taxonomy":"pwb-brand","embeddable":true,"href":"https:\/\/monechelle.ma\/ar\/wp-json\/wp\/v2\/pwb-brand?post=10743"},{"taxonomy":"product_brand","embeddable":true,"href":"https:\/\/monechelle.ma\/ar\/wp-json\/wp\/v2\/product_brand?post=10743"},{"taxonomy":"product_cat","embeddable":true,"href":"https:\/\/monechelle.ma\/ar\/wp-json\/wp\/v2\/product_cat?post=10743"},{"taxonomy":"product_tag","embeddable":true,"href":"https:\/\/monechelle.ma\/ar\/wp-json\/wp\/v2\/product_tag?post=10743"},{"taxonomy":"product_brands","embeddable":true,"href":"https:\/\/monechelle.ma\/ar\/wp-json\/wp\/v2\/product_brands?post=10743"}],"curies":[{"name":"wp","href":"https:\/\/api.w.org\/{rel}","templated":true}]}}