{"id":11086,"date":"2026-02-06T11:45:34","date_gmt":"2026-02-06T10:45:34","guid":{"rendered":"https:\/\/monechelle.ma\/?post_type=product&#038;p=11086"},"modified":"2026-04-06T17:16:46","modified_gmt":"2026-04-06T16:16:46","slug":"echafaudage-roulant-x-tower","status":"publish","type":"product","link":"https:\/\/monechelle.ma\/ar\/product\/echafaudage-roulant-x-tower\/","title":{"rendered":"\u0625\u064a\u0634\u0627\u0641\u0648\u0636\u0627\u062c \u0623\u0644\u0648\u0645\u0646\u064a\u0648\u0645 \u0625\u0643\u0633 \u062a\u0627\u0648\u064a\u0631"},"content":{"rendered":"<p>\u0647\u0630\u0647 \u0627\u0644\u0633\u0642\u0627\u0644\u0629 \u0627\u0644\u062a\u0644\u0633\u0643\u0648\u0628\u064a\u0629 \u0627\u0644\u0645\u062a\u062d\u0631\u0643\u0629 \u0647\u064a \u0627\u0644\u0623\u062f\u0627\u0629 \u0627\u0644\u0645\u062b\u0627\u0644\u064a\u0629 \u0641\u064a \u0639\u0627\u0644\u0645 \u0627\u0644\u0633\u0642\u0627\u0644\u0627\u062a\u060c \u0645\u0647\u0645\u0627 \u0643\u0627\u0646 \u0627\u0633\u062a\u062e\u062f\u0627\u0645\u0643. \u0623\u062f\u0627\u0629 \u0645\u062a\u0643\u0627\u0645\u0644\u0629 \u062d\u0627\u0635\u0644\u0629 \u0639\u0644\u0649 \u0628\u0631\u0627\u0621\u0629 \u0627\u062e\u062a\u0631\u0627\u0639\u060c \u0645\u0635\u0646\u0648\u0639\u0629 \u0641\u064a \u0641\u0631\u0646\u0633\u0627 \u0648\u0645\u062a\u0648\u0627\u0641\u0642\u0629 \u0645\u0639 \u0627\u0644\u0644\u0648\u0627\u0626\u062d\u060c \u062a\u062a\u064a\u062d \u0644\u0643 \u0627\u0644\u0639\u0645\u0644 \u062d\u062a\u0649 \u0627\u0631\u062a\u0641\u0627\u0639 4.80 \u0645\u062a\u0631. \u0627\u0631\u062a\u0641\u0627\u0639\u0647\u0627 \u0642\u0627\u0628\u0644 \u0644\u0644\u062a\u0639\u062f\u064a\u0644 \u0628\u0632\u064a\u0627\u062f\u0627\u062a \u0642\u062f\u0631\u0647\u0627 25 \u0633\u0645. \u0628\u0641\u0636\u0644 \u062a\u0635\u0645\u064a\u0645\u0647\u0627 \u0627\u0644\u0645\u062f\u0645\u062c\u060c \u064a\u0633\u0647\u0644 \u0646\u0642\u0644\u0647\u0627 \u0644\u0644\u063a\u0627\u064a\u0629. \u0647\u064a\u0643\u0644\u0647\u0627 \u0627\u0644\u0645\u0648\u062d\u062f \u064a\u0633\u0645\u062d \u0628\u062a\u062c\u0645\u064a\u0639\u0647\u0627 \u0645\u0646 \u0642\u0628\u0644 \u0634\u062e\u0635 \u0648\u0627\u062d\u062f \u0641\u064a \u0623\u0642\u0644 \u0645\u0646 3 \u062f\u0642\u0627\u0626\u0642. \u0645\u062a\u0648\u0641\u0631\u0629 \u0628\u0646\u0645\u0648\u0630\u062c\u064a\u0646\u060c \u0633\u062a\u0644\u0628\u064a \u062c\u0645\u064a\u0639 \u0627\u062d\u062a\u064a\u0627\u062c\u0627\u062a\u0643.<\/p>","protected":false},"excerpt":{"rendered":"<p>Cet \u00e9chafaudage roulant, t\u00e9lescopique est le couteau suisse de l&rsquo;\u00e9chafaudage, quelle que soit votre utilisation. Un outil complet, brevet\u00e9, fabriqu\u00e9 en France et conforme \u00e0 la r\u00e9glementation. Il permet de travailler jusqu&rsquo;\u00e0 4,80m. Sa hauteur est r\u00e9glable tous les 25cm. Gr\u00e2ce \u00e0 sa compacit\u00e9 il est tr\u00e8s facile de le d\u00e9placer. Sa structure en un&#8230;<\/p>","protected":false},"featured_media":11104,"comment_status":"open","ping_status":"closed","template":"","meta":{"_acf_changed":false,"_bst_post_transparent":"default","_bst_post_title":"","_bst_post_layout":"default","_bst_post_sidebar_id":"","_bst_post_content_style":"default","_bst_post_vertical_padding":"default","_bst_post_feature":"","_bst_post_feature_position":"","_bst_post_header":false,"_bst_post_footer":false},"pwb-brand":[654],"product_brand":[],"product_cat":[89],"product_tag":[],"product_brands":[],"class_list":{"0":"post-11086","1":"product","2":"type-product","3":"status-publish","4":"has-post-thumbnail","6":"pwb-brand-tubesca-comabi","7":"product_cat-echafaudages-grandes-hauteurs","9":"first","10":"instock","11":"shipping-taxable","12":"product-type-simple","13":"entry","14":"content-bg","15":"loop-entry"},"acf":[],"brands":[{"id":654,"name":"\u062a\u0648\u0628\u064a\u0633\u0643\u0627 \u0643\u0648\u0645\u0627\u0628\u064a","slug":"tubesca-comabi"}],"_links":{"self":[{"href":"https:\/\/monechelle.ma\/ar\/wp-json\/wp\/v2\/product\/11086","targetHints":{"allow":["GET"]}}],"collection":[{"href":"https:\/\/monechelle.ma\/ar\/wp-json\/wp\/v2\/product"}],"about":[{"href":"https:\/\/monechelle.ma\/ar\/wp-json\/wp\/v2\/types\/product"}],"replies":[{"embeddable":true,"href":"https:\/\/monechelle.ma\/ar\/wp-json\/wp\/v2\/comments?post=11086"}],"version-history":[{"count":3,"href":"https:\/\/monechelle.ma\/ar\/wp-json\/wp\/v2\/product\/11086\/revisions"}],"predecessor-version":[{"id":11123,"href":"https:\/\/monechelle.ma\/ar\/wp-json\/wp\/v2\/product\/11086\/revisions\/11123"}],"wp:featuredmedia":[{"embeddable":true,"href":"https:\/\/monechelle.ma\/ar\/wp-json\/wp\/v2\/media\/11104"}],"wp:attachment":[{"href":"https:\/\/monechelle.ma\/ar\/wp-json\/wp\/v2\/media?parent=11086"}],"wp:term":[{"taxonomy":"pwb-brand","embeddable":true,"href":"https:\/\/monechelle.ma\/ar\/wp-json\/wp\/v2\/pwb-brand?post=11086"},{"taxonomy":"product_brand","embeddable":true,"href":"https:\/\/monechelle.ma\/ar\/wp-json\/wp\/v2\/product_brand?post=11086"},{"taxonomy":"product_cat","embeddable":true,"href":"https:\/\/monechelle.ma\/ar\/wp-json\/wp\/v2\/product_cat?post=11086"},{"taxonomy":"product_tag","embeddable":true,"href":"https:\/\/monechelle.ma\/ar\/wp-json\/wp\/v2\/product_tag?post=11086"},{"taxonomy":"product_brands","embeddable":true,"href":"https:\/\/monechelle.ma\/ar\/wp-json\/wp\/v2\/product_brands?post=11086"}],"curies":[{"name":"wp","href":"https:\/\/api.w.org\/{rel}","templated":true}]}}