{"id":2632,"date":"2024-11-28T12:52:57","date_gmt":"2024-11-28T11:52:57","guid":{"rendered":"https:\/\/monechelle.ma\/?post_type=product&#038;p=2632"},"modified":"2026-04-06T17:03:55","modified_gmt":"2026-04-06T16:03:55","slug":"echafaudage-aluminium-superminio","status":"publish","type":"product","link":"https:\/\/monechelle.ma\/ar\/product\/echafaudage-aluminium-superminio\/","title":{"rendered":"\u0625\u064a\u0634\u0627\u0641\u0648\u0636\u0627\u062c \u0623\u0644\u0648\u0645\u0646\u064a\u0648\u0645 \u0633\u0648\u0628\u064a\u0631\u0645\u064a\u0646\u064a\u0648"},"content":{"rendered":"<p>\u0633\u0648\u0628\u0631\u0645\u064a\u0646\u064a\u0648 \u0639\u0628\u0627\u0631\u0629 \u0639\u0646 \u0633\u0642\u0627\u0644\u0629 \u0623\u0644\u0648\u0645\u0646\u064a\u0648\u0645 \u0645\u062a\u062d\u0631\u0643\u0629 \u062a\u0648\u0641\u0631 \u0646\u0641\u0633 \u0645\u0632\u0627\u064a\u0627 \u0645\u064a\u0646\u064a\u0648 \u0648\u0644\u0643\u0646 \u0628\u062d\u062c\u0645 \u0623\u0643\u0628\u0631. \u0633\u0647\u0644\u0629 \u0648\u0633\u0631\u064a\u0639\u0629 \u0627\u0644\u062a\u0631\u0643\u064a\u0628.<\/p>\n<p>\u0645\u062b\u0627\u0644\u064a\u0629 \u0644\u0644\u0627\u0633\u062a\u062e\u062f\u0627\u0645 \u0627\u0644\u062f\u0627\u062e\u0644\u064a \u0648\u0627\u0644\u062e\u0627\u0631\u062c\u064a\u060c \u0628\u0627\u0631\u062a\u0641\u0627\u0639 \u0639\u0645\u0644 \u0623\u0642\u0635\u0649 \u064a\u0628\u0644\u063a 3.45 \u0645\u062a\u0631. \u062e\u0641\u064a\u0641\u0629 \u0627\u0644\u0648\u0632\u0646 \u0648\u0635\u063a\u064a\u0631\u0629 \u0627\u0644\u062d\u062c\u0645\u060c \u064a\u0633\u0647\u0644 \u0646\u0642\u0644 \u0645\u064a\u0646\u064a\u0648. \u062a\u0639\u0644\u064a\u0645\u0627\u062a \u0627\u0644\u062a\u0631\u0643\u064a\u0628 \u0645\u0631\u0641\u0642\u0629.<\/p>","protected":false},"excerpt":{"rendered":"<p>Superminio est un \u00e9chafaudage roulant en aluminium qui reprend les m\u00eames fonctionnalit\u00e9s du Minio avec des dimensions plus grandes. Il est facile et rapide \u00e0 monter. Parfait pour une utilisation \u00e0 l\u2019int\u00e9rieur et \u00e0 l\u2019ext\u00e9rieur \u00e0 une hauteur de travail maximale de 3,45m. L\u00e9ger et peu encombrant, Minio peut \u00eatre transport\u00e9 facilement. Fourni avec manuel&#8230;<\/p>","protected":false},"featured_media":6682,"comment_status":"open","ping_status":"closed","template":"","meta":{"_acf_changed":false,"_bst_post_transparent":"default","_bst_post_title":"","_bst_post_layout":"default","_bst_post_sidebar_id":"","_bst_post_content_style":"default","_bst_post_vertical_padding":"default","_bst_post_feature":"","_bst_post_feature_position":"","_bst_post_header":false,"_bst_post_footer":false},"pwb-brand":[509],"product_brand":[],"product_cat":[647],"product_tag":[],"product_brands":[],"class_list":{"0":"post-2632","1":"product","2":"type-product","3":"status-publish","4":"has-post-thumbnail","6":"pwb-brand-marchetti","7":"product_cat-echafaudages-petites-hauteurs","9":"first","10":"instock","11":"shipping-taxable","12":"purchasable","13":"product-type-simple","14":"entry","15":"content-bg","16":"loop-entry"},"acf":[],"brands":[{"id":509,"name":"marchetti","slug":"marchetti"}],"_links":{"self":[{"href":"https:\/\/monechelle.ma\/ar\/wp-json\/wp\/v2\/product\/2632","targetHints":{"allow":["GET"]}}],"collection":[{"href":"https:\/\/monechelle.ma\/ar\/wp-json\/wp\/v2\/product"}],"about":[{"href":"https:\/\/monechelle.ma\/ar\/wp-json\/wp\/v2\/types\/product"}],"replies":[{"embeddable":true,"href":"https:\/\/monechelle.ma\/ar\/wp-json\/wp\/v2\/comments?post=2632"}],"version-history":[{"count":6,"href":"https:\/\/monechelle.ma\/ar\/wp-json\/wp\/v2\/product\/2632\/revisions"}],"predecessor-version":[{"id":10641,"href":"https:\/\/monechelle.ma\/ar\/wp-json\/wp\/v2\/product\/2632\/revisions\/10641"}],"wp:featuredmedia":[{"embeddable":true,"href":"https:\/\/monechelle.ma\/ar\/wp-json\/wp\/v2\/media\/6682"}],"wp:attachment":[{"href":"https:\/\/monechelle.ma\/ar\/wp-json\/wp\/v2\/media?parent=2632"}],"wp:term":[{"taxonomy":"pwb-brand","embeddable":true,"href":"https:\/\/monechelle.ma\/ar\/wp-json\/wp\/v2\/pwb-brand?post=2632"},{"taxonomy":"product_brand","embeddable":true,"href":"https:\/\/monechelle.ma\/ar\/wp-json\/wp\/v2\/product_brand?post=2632"},{"taxonomy":"product_cat","embeddable":true,"href":"https:\/\/monechelle.ma\/ar\/wp-json\/wp\/v2\/product_cat?post=2632"},{"taxonomy":"product_tag","embeddable":true,"href":"https:\/\/monechelle.ma\/ar\/wp-json\/wp\/v2\/product_tag?post=2632"},{"taxonomy":"product_brands","embeddable":true,"href":"https:\/\/monechelle.ma\/ar\/wp-json\/wp\/v2\/product_brands?post=2632"}],"curies":[{"name":"wp","href":"https:\/\/api.w.org\/{rel}","templated":true}]}}