{"id":2633,"date":"2024-11-28T12:52:57","date_gmt":"2024-11-28T11:52:57","guid":{"rendered":"https:\/\/monechelle.ma\/?post_type=product&#038;p=2633"},"modified":"2026-04-06T16:52:00","modified_gmt":"2026-04-06T15:52:00","slug":"echafaudage-en-acier-galvanise-trio","status":"publish","type":"product","link":"https:\/\/monechelle.ma\/ar\/product\/echafaudage-en-acier-galvanise-trio\/","title":{"rendered":"\u0625\u064a\u0634\u0627\u0641\u0648\u0636\u0627\u062c \u0645\u0646 \u0627\u0644\u0641\u0648\u0644\u0627\u0630 \u062a\u0631\u064a\u0648"},"content":{"rendered":"<p>\u062a\u0631\u064a\u0648 \u0639\u0628\u0627\u0631\u0629 \u0639\u0646 \u0633\u0642\u0627\u0644\u0629 \u0635\u063a\u064a\u0631\u0629 \u0645\u062a\u062d\u0631\u0643\u0629 \u0645\u0635\u0646\u0648\u0639\u0629 \u0645\u0646 \u0627\u0644\u0641\u0648\u0644\u0627\u0630 \u0627\u0644\u0645\u062c\u0644\u0641\u0646. \u0633\u0647\u0644\u0629 \u0627\u0644\u062a\u0631\u0643\u064a\u0628\u060c \u0648\u0647\u064a \u0645\u062b\u0627\u0644\u064a\u0629 \u0644\u0644\u0623\u0639\u0645\u0627\u0644 \u0627\u0644\u062f\u0627\u062e\u0644\u064a\u0629. \u0628\u0641\u0636\u0644 \u062d\u062c\u0645\u0647\u0627 \u0627\u0644\u0635\u063a\u064a\u0631\u060c \u064a\u0645\u0643\u0646 \u0625\u062f\u062e\u0627\u0644 \u062a\u0631\u064a\u0648 \u0645\u0646 \u0627\u0644\u0645\u062f\u0627\u062e\u0644 \u0648\u0646\u0642\u0644\u0647\u0627 \u0628\u0627\u0644\u0633\u064a\u0627\u0631\u0629.<\/p>\n<p>\u064a\u0623\u062a\u064a \u0645\u0632\u0648\u062f\u064b\u0627 \u0628\u0645\u0646\u0635\u0629 \u0639\u0645\u0644 \u062e\u0627\u0635\u0629 \u0628\u0647. \u064a\u0633\u0645\u062d \u0646\u0638\u0627\u0645 Trio \u0628\u0627\u0631\u062a\u0641\u0627\u0639 \u0645\u0639\u064a\u0646.<\/p>\n<p>\u0623\u0642\u0635\u0649 \u0637\u0648\u0644 \u062a\u0634\u063a\u064a\u0644 \u064a\u0628\u0644\u063a 3.18 \u0645\u062a\u0631.<\/p>","protected":false},"excerpt":{"rendered":"<p>Trio est un mini \u00e9chafaudage roulant en acier galvanis\u00e9. Facilement montable, il est id\u00e9al pour le travail d&rsquo;int\u00e9rieur. Peu encombrant, Trio peut passer entre les portes et peut \u00eatre transport\u00e9 dans une voiture. Il est fourni avec sa plateforme de travail. Trio permet une hauteur de travail maximale de 3,18m.<\/p>","protected":false},"featured_media":6684,"comment_status":"open","ping_status":"closed","template":"","meta":{"_acf_changed":false,"_bst_post_transparent":"default","_bst_post_title":"","_bst_post_layout":"default","_bst_post_sidebar_id":"","_bst_post_content_style":"default","_bst_post_vertical_padding":"default","_bst_post_feature":"","_bst_post_feature_position":"","_bst_post_header":false,"_bst_post_footer":false},"pwb-brand":[509],"product_brand":[],"product_cat":[647],"product_tag":[],"product_brands":[],"class_list":{"0":"post-2633","1":"product","2":"type-product","3":"status-publish","4":"has-post-thumbnail","6":"pwb-brand-marchetti","7":"product_cat-echafaudages-petites-hauteurs","9":"first","10":"instock","11":"shipping-taxable","12":"purchasable","13":"product-type-simple","14":"entry","15":"content-bg","16":"loop-entry"},"acf":[],"brands":[{"id":509,"name":"marchetti","slug":"marchetti"}],"_links":{"self":[{"href":"https:\/\/monechelle.ma\/ar\/wp-json\/wp\/v2\/product\/2633","targetHints":{"allow":["GET"]}}],"collection":[{"href":"https:\/\/monechelle.ma\/ar\/wp-json\/wp\/v2\/product"}],"about":[{"href":"https:\/\/monechelle.ma\/ar\/wp-json\/wp\/v2\/types\/product"}],"replies":[{"embeddable":true,"href":"https:\/\/monechelle.ma\/ar\/wp-json\/wp\/v2\/comments?post=2633"}],"version-history":[{"count":6,"href":"https:\/\/monechelle.ma\/ar\/wp-json\/wp\/v2\/product\/2633\/revisions"}],"predecessor-version":[{"id":11442,"href":"https:\/\/monechelle.ma\/ar\/wp-json\/wp\/v2\/product\/2633\/revisions\/11442"}],"wp:featuredmedia":[{"embeddable":true,"href":"https:\/\/monechelle.ma\/ar\/wp-json\/wp\/v2\/media\/6684"}],"wp:attachment":[{"href":"https:\/\/monechelle.ma\/ar\/wp-json\/wp\/v2\/media?parent=2633"}],"wp:term":[{"taxonomy":"pwb-brand","embeddable":true,"href":"https:\/\/monechelle.ma\/ar\/wp-json\/wp\/v2\/pwb-brand?post=2633"},{"taxonomy":"product_brand","embeddable":true,"href":"https:\/\/monechelle.ma\/ar\/wp-json\/wp\/v2\/product_brand?post=2633"},{"taxonomy":"product_cat","embeddable":true,"href":"https:\/\/monechelle.ma\/ar\/wp-json\/wp\/v2\/product_cat?post=2633"},{"taxonomy":"product_tag","embeddable":true,"href":"https:\/\/monechelle.ma\/ar\/wp-json\/wp\/v2\/product_tag?post=2633"},{"taxonomy":"product_brands","embeddable":true,"href":"https:\/\/monechelle.ma\/ar\/wp-json\/wp\/v2\/product_brands?post=2633"}],"curies":[{"name":"wp","href":"https:\/\/api.w.org\/{rel}","templated":true}]}}