{"id":2730,"date":"2024-11-28T12:54:57","date_gmt":"2024-11-28T11:54:57","guid":{"rendered":"https:\/\/monechelle.ma\/?post_type=product&#038;p=2730"},"modified":"2025-12-12T16:58:01","modified_gmt":"2025-12-12T15:58:01","slug":"plateforme-electrique-hw","status":"publish","type":"product","link":"https:\/\/monechelle.ma\/ar\/product\/plateforme-electrique-hw\/","title":{"rendered":"Plateforme \u00e9lectrique HW"},"content":{"rendered":"<p>\u00c9l\u00e9vateur de mat\u00e9riaux en aluminium avec port\u00e9e max de 200 kg. Compact, facile et l\u00e9ger \u00e0 d\u00e9placer. Pratique et s\u00fbr pour le montage de rideaux de fer. Pratique et s\u00fbr pour le montage de volets. Kit sp\u00e9cial pour vitres.<\/p>\n<div><img decoding=\"async\" class=\"certif\" src=\"https:\/\/monechelle.ma\/wp-content\/uploads\/2024\/11\/HW_STANDARDS.webp\" alt=\"certif\" width=\"500\" \/><\/div>\n<table width=\"379\">\n<tbody>\n<tr>\n<th><\/th>\n<th>HW270S<\/th>\n<th>HW415S<\/th>\n<\/tr>\n<tr>\n<td>Hauteur maximale \u00e9chelle ferm\u00e9e<\/td>\n<td>1.78m<\/td>\n<td>1.78m<\/td>\n<\/tr>\n<tr>\n<td>Hauteur de plateforme<\/td>\n<td>2.70m<\/td>\n<td>4.15m<\/td>\n<\/tr>\n<tr>\n<td>Poids<\/td>\n<td>55<\/td>\n<td>63<\/td>\n<\/tr>\n<tr>\n<td>Capacit\u00e9<\/td>\n<td>200kg<\/td>\n<td>150kg<\/td>\n<\/tr>\n<\/tbody>\n<\/table>","protected":false},"excerpt":{"rendered":"<p>\u00c9l\u00e9vateur de mat\u00e9riaux en aluminium avec port\u00e9e max de 200 kg. Compact, facile et l\u00e9ger \u00e0 d\u00e9placer. Pratique et s\u00fbr pour le montage de rideaux de fer. Pratique et s\u00fbr pour le montage de volets. Kit sp\u00e9cial pour vitres. HW270S HW415S Hauteur maximale \u00e9chelle ferm\u00e9e 1.78m 1.78m Hauteur de plateforme 2.70m 4.15m Poids 55 63&#8230;<\/p>","protected":false},"featured_media":1319,"comment_status":"open","ping_status":"closed","template":"","meta":{"_acf_changed":false,"_bst_post_transparent":"default","_bst_post_title":"","_bst_post_layout":"default","_bst_post_sidebar_id":"","_bst_post_content_style":"default","_bst_post_vertical_padding":"default","_bst_post_feature":"","_bst_post_feature_position":"","_bst_post_header":false,"_bst_post_footer":false},"pwb-brand":[507],"product_brand":[],"product_cat":[],"product_tag":[],"product_brands":[],"class_list":{"0":"post-2730","1":"product","2":"type-product","3":"status-publish","4":"has-post-thumbnail","6":"pwb-brand-faraone","8":"first","9":"instock","10":"shipping-taxable","11":"purchasable","12":"product-type-variable","13":"entry","14":"content-bg","15":"loop-entry"},"acf":[],"brands":[{"id":507,"name":"\u0641\u0627\u0631\u0648\u0648\u0646","slug":"faraone"}],"_links":{"self":[{"href":"https:\/\/monechelle.ma\/ar\/wp-json\/wp\/v2\/product\/2730","targetHints":{"allow":["GET"]}}],"collection":[{"href":"https:\/\/monechelle.ma\/ar\/wp-json\/wp\/v2\/product"}],"about":[{"href":"https:\/\/monechelle.ma\/ar\/wp-json\/wp\/v2\/types\/product"}],"replies":[{"embeddable":true,"href":"https:\/\/monechelle.ma\/ar\/wp-json\/wp\/v2\/comments?post=2730"}],"version-history":[{"count":5,"href":"https:\/\/monechelle.ma\/ar\/wp-json\/wp\/v2\/product\/2730\/revisions"}],"predecessor-version":[{"id":8431,"href":"https:\/\/monechelle.ma\/ar\/wp-json\/wp\/v2\/product\/2730\/revisions\/8431"}],"wp:featuredmedia":[{"embeddable":true,"href":"https:\/\/monechelle.ma\/ar\/wp-json\/wp\/v2\/media\/1319"}],"wp:attachment":[{"href":"https:\/\/monechelle.ma\/ar\/wp-json\/wp\/v2\/media?parent=2730"}],"wp:term":[{"taxonomy":"pwb-brand","embeddable":true,"href":"https:\/\/monechelle.ma\/ar\/wp-json\/wp\/v2\/pwb-brand?post=2730"},{"taxonomy":"product_brand","embeddable":true,"href":"https:\/\/monechelle.ma\/ar\/wp-json\/wp\/v2\/product_brand?post=2730"},{"taxonomy":"product_cat","embeddable":true,"href":"https:\/\/monechelle.ma\/ar\/wp-json\/wp\/v2\/product_cat?post=2730"},{"taxonomy":"product_tag","embeddable":true,"href":"https:\/\/monechelle.ma\/ar\/wp-json\/wp\/v2\/product_tag?post=2730"},{"taxonomy":"product_brands","embeddable":true,"href":"https:\/\/monechelle.ma\/ar\/wp-json\/wp\/v2\/product_brands?post=2730"}],"curies":[{"name":"wp","href":"https:\/\/api.w.org\/{rel}","templated":true}]}}