{"id":2760,"date":"2024-11-28T12:55:51","date_gmt":"2024-11-28T11:55:51","guid":{"rendered":"https:\/\/monechelle.ma\/?post_type=product&#038;p=2760"},"modified":"2025-12-12T16:58:01","modified_gmt":"2025-12-12T15:58:01","slug":"plateforme-electrique-hw-big","status":"publish","type":"product","link":"https:\/\/monechelle.ma\/ar\/product\/plateforme-electrique-hw-big\/","title":{"rendered":"Plateforme \u00e9lectrique HW BIG"},"content":{"rendered":"<p>\u00e9l\u00e9vateur de mat\u00e9riaux en aluminium ayant une port\u00e9e max de 250 kg. Compact et facile \u00e0 d\u00e9placer. Compl\u00e8tement ferm\u00e9 les roues facilitent son d\u00e9placement. Crochet sp\u00e9cial d&rsquo;arr\u00eat de s\u00e9rie. Crochet sp\u00e9cial d&rsquo;arr\u00eat de s\u00e9rie. Roue \u00f8 200 avec frein \u00e0 pression.<\/p>\n<div>\n<img decoding=\"async\" src=\"https:\/\/monechelle.ma\/wp-content\/uploads\/2025\/11\/certif-hw-big.webp\" width=\"600\" alt=\"certif\" class=\"certif\">\n<\/div>\n<table width=\"379\">\n<tbody>\n<tr>\n<th><\/th>\n<th>HW415BIG<\/th>\n<th>HW550BIG<\/th>\n<th>HW630BIG<\/th>\n<\/tr>\n<tr>\n<td>Hauteur maximale \u00e9chelle ferm\u00e9e<\/td>\n<td>1.78m<\/td>\n<td>1.78m<\/td>\n<td>1.98m<\/td>\n<\/tr>\n<tr>\n<td>Hauteur de plateforme<\/td>\n<td>4.15m<\/td>\n<td>5.50m<\/td>\n<td>6.30m<\/td>\n<\/tr>\n<tr>\n<td>Poids<\/td>\n<td>86<\/td>\n<td>103<\/td>\n<td>129<\/td>\n<\/tr>\n<tr>\n<td>Capacit\u00e9<\/td>\n<td>250kg<\/td>\n<td>200kg<\/td>\n<td>150kg<\/td>\n<\/tr>\n<\/tbody>\n<\/table>","protected":false},"excerpt":{"rendered":"<p>\u00e9l\u00e9vateur de mat\u00e9riaux en aluminium ayant une port\u00e9e max de 250 kg. Compact et facile \u00e0 d\u00e9placer. Compl\u00e8tement ferm\u00e9 les roues facilitent son d\u00e9placement. Crochet sp\u00e9cial d&rsquo;arr\u00eat de s\u00e9rie. Crochet sp\u00e9cial d&rsquo;arr\u00eat de s\u00e9rie. Roue \u00f8 200 avec frein \u00e0 pression. HW415BIG HW550BIG HW630BIG Hauteur maximale \u00e9chelle ferm\u00e9e 1.78m 1.78m 1.98m Hauteur de plateforme 4.15m&#8230;<\/p>","protected":false},"featured_media":1332,"comment_status":"open","ping_status":"closed","template":"","meta":{"_acf_changed":false,"_bst_post_transparent":"default","_bst_post_title":"","_bst_post_layout":"default","_bst_post_sidebar_id":"","_bst_post_content_style":"default","_bst_post_vertical_padding":"default","_bst_post_feature":"","_bst_post_feature_position":"","_bst_post_header":false,"_bst_post_footer":false},"pwb-brand":[507],"product_brand":[],"product_cat":[],"product_tag":[],"product_brands":[],"class_list":{"0":"post-2760","1":"product","2":"type-product","3":"status-publish","4":"has-post-thumbnail","6":"pwb-brand-faraone","8":"first","9":"instock","10":"shipping-taxable","11":"purchasable","12":"product-type-variable","13":"entry","14":"content-bg","15":"loop-entry"},"acf":[],"brands":[{"id":507,"name":"\u0641\u0627\u0631\u0648\u0648\u0646","slug":"faraone"}],"_links":{"self":[{"href":"https:\/\/monechelle.ma\/ar\/wp-json\/wp\/v2\/product\/2760","targetHints":{"allow":["GET"]}}],"collection":[{"href":"https:\/\/monechelle.ma\/ar\/wp-json\/wp\/v2\/product"}],"about":[{"href":"https:\/\/monechelle.ma\/ar\/wp-json\/wp\/v2\/types\/product"}],"replies":[{"embeddable":true,"href":"https:\/\/monechelle.ma\/ar\/wp-json\/wp\/v2\/comments?post=2760"}],"version-history":[{"count":6,"href":"https:\/\/monechelle.ma\/ar\/wp-json\/wp\/v2\/product\/2760\/revisions"}],"predecessor-version":[{"id":8426,"href":"https:\/\/monechelle.ma\/ar\/wp-json\/wp\/v2\/product\/2760\/revisions\/8426"}],"wp:featuredmedia":[{"embeddable":true,"href":"https:\/\/monechelle.ma\/ar\/wp-json\/wp\/v2\/media\/1332"}],"wp:attachment":[{"href":"https:\/\/monechelle.ma\/ar\/wp-json\/wp\/v2\/media?parent=2760"}],"wp:term":[{"taxonomy":"pwb-brand","embeddable":true,"href":"https:\/\/monechelle.ma\/ar\/wp-json\/wp\/v2\/pwb-brand?post=2760"},{"taxonomy":"product_brand","embeddable":true,"href":"https:\/\/monechelle.ma\/ar\/wp-json\/wp\/v2\/product_brand?post=2760"},{"taxonomy":"product_cat","embeddable":true,"href":"https:\/\/monechelle.ma\/ar\/wp-json\/wp\/v2\/product_cat?post=2760"},{"taxonomy":"product_tag","embeddable":true,"href":"https:\/\/monechelle.ma\/ar\/wp-json\/wp\/v2\/product_tag?post=2760"},{"taxonomy":"product_brands","embeddable":true,"href":"https:\/\/monechelle.ma\/ar\/wp-json\/wp\/v2\/product_brands?post=2760"}],"curies":[{"name":"wp","href":"https:\/\/api.w.org\/{rel}","templated":true}]}}