{"id":2762,"date":"2024-11-28T12:55:54","date_gmt":"2024-11-28T11:55:54","guid":{"rendered":"https:\/\/monechelle.ma\/?post_type=product&#038;p=2762"},"modified":"2025-12-12T16:58:01","modified_gmt":"2025-12-12T15:58:01","slug":"plateforme-electrique-hw-i-el-150-br","status":"publish","type":"product","link":"https:\/\/monechelle.ma\/ar\/product\/plateforme-electrique-hw-i-el-150-br\/","title":{"rendered":"Plateforme \u00e9lectrique HW.I.EL 150 BR"},"content":{"rendered":"<p>\u00c9l\u00e9vateur pour rouleaux manuel. Charge maximal 80 kg. En tirant le crochet, l&rsquo;HW I.MA se place de la position 1 \u00e0 la position 2. En tournant la poign\u00e9e, le rouleau se fixe pour \u00eatre d\u00e9plac\u00e9. Base de seulement 8 cm pour franchir tout obstacle.<\/p>","protected":false},"excerpt":{"rendered":"<p>\u00c9l\u00e9vateur pour rouleaux manuel. Charge maximal 80 kg. En tirant le crochet, l&rsquo;HW I.MA se place de la position 1 \u00e0 la position 2. En tournant la poign\u00e9e, le rouleau se fixe pour \u00eatre d\u00e9plac\u00e9. Base de seulement 8 cm pour franchir tout obstacle.<\/p>","protected":false},"featured_media":1345,"comment_status":"open","ping_status":"closed","template":"","meta":{"_acf_changed":false,"_bst_post_transparent":"default","_bst_post_title":"","_bst_post_layout":"default","_bst_post_sidebar_id":"","_bst_post_content_style":"default","_bst_post_vertical_padding":"default","_bst_post_feature":"","_bst_post_feature_position":"","_bst_post_header":false,"_bst_post_footer":false},"pwb-brand":[507],"product_brand":[],"product_cat":[],"product_tag":[],"product_brands":[],"class_list":{"0":"post-2762","1":"product","2":"type-product","3":"status-publish","4":"has-post-thumbnail","6":"pwb-brand-faraone","8":"first","9":"instock","10":"shipping-taxable","11":"purchasable","12":"product-type-simple","13":"entry","14":"content-bg","15":"loop-entry"},"acf":[],"brands":[{"id":507,"name":"\u0641\u0627\u0631\u0648\u0648\u0646","slug":"faraone"}],"_links":{"self":[{"href":"https:\/\/monechelle.ma\/ar\/wp-json\/wp\/v2\/product\/2762","targetHints":{"allow":["GET"]}}],"collection":[{"href":"https:\/\/monechelle.ma\/ar\/wp-json\/wp\/v2\/product"}],"about":[{"href":"https:\/\/monechelle.ma\/ar\/wp-json\/wp\/v2\/types\/product"}],"replies":[{"embeddable":true,"href":"https:\/\/monechelle.ma\/ar\/wp-json\/wp\/v2\/comments?post=2762"}],"version-history":[{"count":5,"href":"https:\/\/monechelle.ma\/ar\/wp-json\/wp\/v2\/product\/2762\/revisions"}],"predecessor-version":[{"id":8418,"href":"https:\/\/monechelle.ma\/ar\/wp-json\/wp\/v2\/product\/2762\/revisions\/8418"}],"wp:featuredmedia":[{"embeddable":true,"href":"https:\/\/monechelle.ma\/ar\/wp-json\/wp\/v2\/media\/1345"}],"wp:attachment":[{"href":"https:\/\/monechelle.ma\/ar\/wp-json\/wp\/v2\/media?parent=2762"}],"wp:term":[{"taxonomy":"pwb-brand","embeddable":true,"href":"https:\/\/monechelle.ma\/ar\/wp-json\/wp\/v2\/pwb-brand?post=2762"},{"taxonomy":"product_brand","embeddable":true,"href":"https:\/\/monechelle.ma\/ar\/wp-json\/wp\/v2\/product_brand?post=2762"},{"taxonomy":"product_cat","embeddable":true,"href":"https:\/\/monechelle.ma\/ar\/wp-json\/wp\/v2\/product_cat?post=2762"},{"taxonomy":"product_tag","embeddable":true,"href":"https:\/\/monechelle.ma\/ar\/wp-json\/wp\/v2\/product_tag?post=2762"},{"taxonomy":"product_brands","embeddable":true,"href":"https:\/\/monechelle.ma\/ar\/wp-json\/wp\/v2\/product_brands?post=2762"}],"curies":[{"name":"wp","href":"https:\/\/api.w.org\/{rel}","templated":true}]}}