{"id":2763,"date":"2024-11-28T12:55:55","date_gmt":"2024-11-28T11:55:55","guid":{"rendered":"https:\/\/monechelle.ma\/?post_type=product&#038;p=2763"},"modified":"2025-12-12T16:58:00","modified_gmt":"2025-12-12T15:58:00","slug":"plateforme-electrique-hw-i-150el-g","status":"publish","type":"product","link":"https:\/\/monechelle.ma\/ar\/product\/plateforme-electrique-hw-i-150el-g\/","title":{"rendered":"Plateforme \u00e9lectrique HW.I.150EL G"},"content":{"rendered":"<p>El\u00e9vateur pour bobines \u00e9lectrique, charge maximale 150 kg. Compl\u00e8tement en aluminium, avec charge maximale de 150 kg et capacit\u00e9 de l\u00e9vage de 2,5 m. Id\u00e9al pour la manipulation des rouleaux de poly\u00e9thyl\u00e8ne ou similaires. La commande haut et bas est proportionnelle, vous permettant d&rsquo;ajuster la vitesse. Le syst\u00e8me de levage est hydraulique, avec cylindre et cha\u00eenes de retour. Il n&rsquo;y a pas de ceintures ou d&rsquo;autres composants qui peuvent s&rsquo;user dans le temps. Diam\u00e8tre interne variable de 75 mm \u00e0 150 mm. Facile \u00e0 d\u00e9placer, gr\u00e2ce aux 2 roues tournantes et 2 fixes.<\/p>\n<table width=\"379\">\n<tbody>\n<tr>\n<td>Hauteur de plateforme<\/td>\n<td>2.5 m<\/td>\n<\/tr>\n<tr>\n<td>Poids<\/td>\n<td>130 kg<\/td>\n<\/tr>\n<tr>\n<td>Capacit\u00e9<\/td>\n<td>150 kg<\/td>\n<\/tr>\n<\/tbody>\n<\/table>","protected":false},"excerpt":{"rendered":"<p>El\u00e9vateur pour bobines \u00e9lectrique, charge maximale 150 kg. Compl\u00e8tement en aluminium, avec charge maximale de 150 kg et capacit\u00e9 de l\u00e9vage de 2,5 m. Id\u00e9al pour la manipulation des rouleaux de poly\u00e9thyl\u00e8ne ou similaires. La commande haut et bas est proportionnelle, vous permettant d&rsquo;ajuster la vitesse. Le syst\u00e8me de levage est hydraulique, avec cylindre et&#8230;<\/p>","protected":false},"featured_media":1349,"comment_status":"open","ping_status":"closed","template":"","meta":{"_acf_changed":false,"_bst_post_transparent":"default","_bst_post_title":"","_bst_post_layout":"default","_bst_post_sidebar_id":"","_bst_post_content_style":"default","_bst_post_vertical_padding":"default","_bst_post_feature":"","_bst_post_feature_position":"","_bst_post_header":false,"_bst_post_footer":false},"pwb-brand":[507],"product_brand":[],"product_cat":[],"product_tag":[],"product_brands":[],"class_list":{"0":"post-2763","1":"product","2":"type-product","3":"status-publish","4":"has-post-thumbnail","6":"pwb-brand-faraone","8":"first","9":"instock","10":"shipping-taxable","11":"purchasable","12":"product-type-simple","13":"entry","14":"content-bg","15":"loop-entry"},"acf":[],"brands":[{"id":507,"name":"\u0641\u0627\u0631\u0648\u0648\u0646","slug":"faraone"}],"_links":{"self":[{"href":"https:\/\/monechelle.ma\/ar\/wp-json\/wp\/v2\/product\/2763","targetHints":{"allow":["GET"]}}],"collection":[{"href":"https:\/\/monechelle.ma\/ar\/wp-json\/wp\/v2\/product"}],"about":[{"href":"https:\/\/monechelle.ma\/ar\/wp-json\/wp\/v2\/types\/product"}],"replies":[{"embeddable":true,"href":"https:\/\/monechelle.ma\/ar\/wp-json\/wp\/v2\/comments?post=2763"}],"version-history":[{"count":2,"href":"https:\/\/monechelle.ma\/ar\/wp-json\/wp\/v2\/product\/2763\/revisions"}],"predecessor-version":[{"id":8417,"href":"https:\/\/monechelle.ma\/ar\/wp-json\/wp\/v2\/product\/2763\/revisions\/8417"}],"wp:featuredmedia":[{"embeddable":true,"href":"https:\/\/monechelle.ma\/ar\/wp-json\/wp\/v2\/media\/1349"}],"wp:attachment":[{"href":"https:\/\/monechelle.ma\/ar\/wp-json\/wp\/v2\/media?parent=2763"}],"wp:term":[{"taxonomy":"pwb-brand","embeddable":true,"href":"https:\/\/monechelle.ma\/ar\/wp-json\/wp\/v2\/pwb-brand?post=2763"},{"taxonomy":"product_brand","embeddable":true,"href":"https:\/\/monechelle.ma\/ar\/wp-json\/wp\/v2\/product_brand?post=2763"},{"taxonomy":"product_cat","embeddable":true,"href":"https:\/\/monechelle.ma\/ar\/wp-json\/wp\/v2\/product_cat?post=2763"},{"taxonomy":"product_tag","embeddable":true,"href":"https:\/\/monechelle.ma\/ar\/wp-json\/wp\/v2\/product_tag?post=2763"},{"taxonomy":"product_brands","embeddable":true,"href":"https:\/\/monechelle.ma\/ar\/wp-json\/wp\/v2\/product_brands?post=2763"}],"curies":[{"name":"wp","href":"https:\/\/api.w.org\/{rel}","templated":true}]}}