{"id":2765,"date":"2024-11-28T12:55:57","date_gmt":"2024-11-28T11:55:57","guid":{"rendered":"https:\/\/monechelle.ma\/?post_type=product&#038;p=2765"},"modified":"2025-12-12T16:58:00","modified_gmt":"2025-12-12T15:58:00","slug":"plateforme-electrique-hw-i-big-hw-ru","status":"publish","type":"product","link":"https:\/\/monechelle.ma\/ar\/product\/plateforme-electrique-hw-i-big-hw-ru\/","title":{"rendered":"Plateforme \u00e9lectrique HW.I BIG + HW.RU"},"content":{"rendered":"<p>Ascenseur de mat\u00e9riaux en aluminium avec max. capacit\u00e9 de 200 kg. compact, l\u00e9ger et facile \u00e0 d\u00e9placer. levage hydraulique \u00e0 grande vitesse avec commande \u00e9lectrique proportionnelle. base sp\u00e9ciale basse pour acc\u00e8s facile\/palette.<\/p>\n<div>\n<img decoding=\"async\" src=\"\/wp-content\/uploads\/2020\/10\/sollevamateriali-palchi-faraone-sollevamateriale-montaggio-vetro-1981-jpg.webp\">\n<\/div>","protected":false},"excerpt":{"rendered":"<p>Ascenseur de mat\u00e9riaux en aluminium avec max. capacit\u00e9 de 200 kg. compact, l\u00e9ger et facile \u00e0 d\u00e9placer. levage hydraulique \u00e0 grande vitesse avec commande \u00e9lectrique proportionnelle. base sp\u00e9ciale basse pour acc\u00e8s facile\/palette.<\/p>","protected":false},"featured_media":1373,"comment_status":"open","ping_status":"closed","template":"","meta":{"_acf_changed":false,"_bst_post_transparent":"default","_bst_post_title":"","_bst_post_layout":"default","_bst_post_sidebar_id":"","_bst_post_content_style":"default","_bst_post_vertical_padding":"default","_bst_post_feature":"","_bst_post_feature_position":"","_bst_post_header":false,"_bst_post_footer":false},"pwb-brand":[507],"product_brand":[],"product_cat":[],"product_tag":[],"product_brands":[],"class_list":{"0":"post-2765","1":"product","2":"type-product","3":"status-publish","4":"has-post-thumbnail","6":"pwb-brand-faraone","8":"first","9":"instock","10":"shipping-taxable","11":"purchasable","12":"product-type-simple","13":"entry","14":"content-bg","15":"loop-entry"},"acf":[],"brands":[{"id":507,"name":"\u0641\u0627\u0631\u0648\u0648\u0646","slug":"faraone"}],"_links":{"self":[{"href":"https:\/\/monechelle.ma\/ar\/wp-json\/wp\/v2\/product\/2765","targetHints":{"allow":["GET"]}}],"collection":[{"href":"https:\/\/monechelle.ma\/ar\/wp-json\/wp\/v2\/product"}],"about":[{"href":"https:\/\/monechelle.ma\/ar\/wp-json\/wp\/v2\/types\/product"}],"replies":[{"embeddable":true,"href":"https:\/\/monechelle.ma\/ar\/wp-json\/wp\/v2\/comments?post=2765"}],"version-history":[{"count":2,"href":"https:\/\/monechelle.ma\/ar\/wp-json\/wp\/v2\/product\/2765\/revisions"}],"predecessor-version":[{"id":8415,"href":"https:\/\/monechelle.ma\/ar\/wp-json\/wp\/v2\/product\/2765\/revisions\/8415"}],"wp:featuredmedia":[{"embeddable":true,"href":"https:\/\/monechelle.ma\/ar\/wp-json\/wp\/v2\/media\/1373"}],"wp:attachment":[{"href":"https:\/\/monechelle.ma\/ar\/wp-json\/wp\/v2\/media?parent=2765"}],"wp:term":[{"taxonomy":"pwb-brand","embeddable":true,"href":"https:\/\/monechelle.ma\/ar\/wp-json\/wp\/v2\/pwb-brand?post=2765"},{"taxonomy":"product_brand","embeddable":true,"href":"https:\/\/monechelle.ma\/ar\/wp-json\/wp\/v2\/product_brand?post=2765"},{"taxonomy":"product_cat","embeddable":true,"href":"https:\/\/monechelle.ma\/ar\/wp-json\/wp\/v2\/product_cat?post=2765"},{"taxonomy":"product_tag","embeddable":true,"href":"https:\/\/monechelle.ma\/ar\/wp-json\/wp\/v2\/product_tag?post=2765"},{"taxonomy":"product_brands","embeddable":true,"href":"https:\/\/monechelle.ma\/ar\/wp-json\/wp\/v2\/product_brands?post=2765"}],"curies":[{"name":"wp","href":"https:\/\/api.w.org\/{rel}","templated":true}]}}