{"id":2887,"date":"2024-11-28T12:57:12","date_gmt":"2024-11-28T11:57:12","guid":{"rendered":"https:\/\/monechelle.ma\/?post_type=product&#038;p=2887"},"modified":"2025-12-18T11:17:03","modified_gmt":"2025-12-18T10:17:03","slug":"escaliers-avec-cage","status":"publish","type":"product","link":"https:\/\/monechelle.ma\/ar\/product\/escaliers-avec-cage\/","title":{"rendered":"Escaliers avec cage"},"content":{"rendered":"<p>Les \u00e9chelles \u00e0 cage MARCHETTI sont con\u00e7ues et construites conform\u00e9ment aux dispositions de l&rsquo;art. 113 du d\u00e9cret l\u00e9gislatif du 04\/09\/2008 n\u00b0 81 dont le paragraphe 2 mentionne : \u00ab Les \u00e9chelles d&rsquo;une hauteur sup\u00e9rieure \u00e0 m. 5, fix\u00e9s sur des murs ou des ch\u00e2ssis verticaux ou ayant une inclinaison sup\u00e9rieure \u00e0 75\u00b0, doivent \u00eatre pr\u00e9vus, \u00e0 partir de m. 2,50 du sol ou des \u00e9tag\u00e8res, d&rsquo;une cage m\u00e9tallique solide avec des grillages ou des ouvertures suffisamment grandes pour emp\u00eacher la personne de tomber accidentellement vers l&rsquo;ext\u00e9rieur. La paroi de la cage oppos\u00e9e \u00e0 la surface des \u00e9chelons ne doit pas \u00eatre \u00e0 plus de 60 cm de ceux-ci. Les \u00e9chelons doivent \u00eatre \u00e0 au moins 15 cm du mur sur lequel ils sont appliqu\u00e9s ou sur lequel l&rsquo;\u00e9chelle est fix\u00e9e. Lorsque l&rsquo;application de la cage sur les escaliers constitue un obstacle \u00e0 l&rsquo;exercice ou pr\u00e9sente des difficult\u00e9s de construction importantes, d&rsquo;autres mesures de s\u00e9curit\u00e9 doivent \u00eatre adopt\u00e9es \u00e0 la place de la cage, visant \u00e0 emp\u00eacher les chutes de personnes sur une distance sup\u00e9rieure \u00e0 un m\u00e8tre.<\/p>\n<table>\n<tbody>\n<tr>\n<td>Largeur externe du coffre 490 mm<\/td>\n<\/tr>\n<tr>\n<td>Montants en tube d&rsquo;aluminium \u00e9lectrosoud\u00e9 73\u00d725<\/td>\n<\/tr>\n<tr>\n<td>\u00c9chelons en tube d&rsquo;aluminium extrud\u00e9 antid\u00e9rapant 30\u00d730<\/td>\n<\/tr>\n<tr>\n<td>Goujons sup\u00e9rieurs et inf\u00e9rieurs en PVC<\/td>\n<\/tr>\n<tr>\n<td>Union de troncs par manchons PVC avec \u00e2me en acier<\/td>\n<\/tr>\n<tr>\n<td>L&rsquo;\u00e9chelle est fournie avec un manuel d&rsquo;instructions et une d\u00e9claration de conformit\u00e9.<\/td>\n<\/tr>\n<tr>\n<td>Les escaliers cages MARCHETTI sont constitu\u00e9s de modules standards, \u00e0 l&rsquo;exception de la section de base qui est r\u00e9alis\u00e9e sur mesure.<\/td>\n<\/tr>\n<tr>\n<td>Le parapet\/palier a une hauteur de 1,10 m.<\/td>\n<\/tr>\n<tr>\n<td>Les supports d&rsquo;ancrage mural standards permettent d&rsquo;espacer les \u00e9chelons de 150 mm du mur.<\/td>\n<\/tr>\n<tr>\n<td>Les chevilles pour l&rsquo;ancrage et la pose ne sont pas fournies.<\/td>\n<\/tr>\n<tr>\n<td>L&rsquo;\u00e9chelle est pr\u00e9-perc\u00e9e pour le placement du support.<\/td>\n<\/tr>\n<tr>\n<td>Des paliers de repos sont pr\u00e9vus pour les escaliers de hauteur sup\u00e9rieure \u00e0 10 m.<\/td>\n<\/tr>\n<\/tbody>\n<\/table>","protected":false},"excerpt":{"rendered":"<p>Les \u00e9chelles \u00e0 cage MARCHETTI sont con\u00e7ues et construites conform\u00e9ment aux dispositions de l&rsquo;art. 113 du d\u00e9cret l\u00e9gislatif du 04\/09\/2008 n\u00b0 81 dont le paragraphe 2 mentionne : \u00ab Les \u00e9chelles d&rsquo;une hauteur sup\u00e9rieure \u00e0 m. 5, fix\u00e9s sur des murs ou des ch\u00e2ssis verticaux ou ayant une inclinaison sup\u00e9rieure \u00e0 75\u00b0, doivent \u00eatre pr\u00e9vus,&#8230;<\/p>","protected":false},"featured_media":1590,"comment_status":"open","ping_status":"closed","template":"","meta":{"_acf_changed":false,"_bst_post_transparent":"default","_bst_post_title":"","_bst_post_layout":"default","_bst_post_sidebar_id":"","_bst_post_content_style":"default","_bst_post_vertical_padding":"default","_bst_post_feature":"","_bst_post_feature_position":"","_bst_post_header":false,"_bst_post_footer":false},"pwb-brand":[509],"product_brand":[],"product_cat":[],"product_tag":[],"product_brands":[],"class_list":{"0":"post-2887","1":"product","2":"type-product","3":"status-publish","4":"has-post-thumbnail","6":"pwb-brand-marchetti","8":"first","9":"instock","10":"shipping-taxable","11":"purchasable","12":"product-type-simple","13":"entry","14":"content-bg","15":"loop-entry"},"acf":[],"brands":[{"id":509,"name":"marchetti","slug":"marchetti"}],"_links":{"self":[{"href":"https:\/\/monechelle.ma\/ar\/wp-json\/wp\/v2\/product\/2887","targetHints":{"allow":["GET"]}}],"collection":[{"href":"https:\/\/monechelle.ma\/ar\/wp-json\/wp\/v2\/product"}],"about":[{"href":"https:\/\/monechelle.ma\/ar\/wp-json\/wp\/v2\/types\/product"}],"replies":[{"embeddable":true,"href":"https:\/\/monechelle.ma\/ar\/wp-json\/wp\/v2\/comments?post=2887"}],"version-history":[{"count":4,"href":"https:\/\/monechelle.ma\/ar\/wp-json\/wp\/v2\/product\/2887\/revisions"}],"predecessor-version":[{"id":8403,"href":"https:\/\/monechelle.ma\/ar\/wp-json\/wp\/v2\/product\/2887\/revisions\/8403"}],"wp:featuredmedia":[{"embeddable":true,"href":"https:\/\/monechelle.ma\/ar\/wp-json\/wp\/v2\/media\/1590"}],"wp:attachment":[{"href":"https:\/\/monechelle.ma\/ar\/wp-json\/wp\/v2\/media?parent=2887"}],"wp:term":[{"taxonomy":"pwb-brand","embeddable":true,"href":"https:\/\/monechelle.ma\/ar\/wp-json\/wp\/v2\/pwb-brand?post=2887"},{"taxonomy":"product_brand","embeddable":true,"href":"https:\/\/monechelle.ma\/ar\/wp-json\/wp\/v2\/product_brand?post=2887"},{"taxonomy":"product_cat","embeddable":true,"href":"https:\/\/monechelle.ma\/ar\/wp-json\/wp\/v2\/product_cat?post=2887"},{"taxonomy":"product_tag","embeddable":true,"href":"https:\/\/monechelle.ma\/ar\/wp-json\/wp\/v2\/product_tag?post=2887"},{"taxonomy":"product_brands","embeddable":true,"href":"https:\/\/monechelle.ma\/ar\/wp-json\/wp\/v2\/product_brands?post=2887"}],"curies":[{"name":"wp","href":"https:\/\/api.w.org\/{rel}","templated":true}]}}