{"id":2912,"date":"2024-11-28T12:58:28","date_gmt":"2024-11-28T11:58:28","guid":{"rendered":"https:\/\/monechelle.ma\/?post_type=product&#038;p=2912"},"modified":"2026-04-06T16:23:32","modified_gmt":"2026-04-06T15:23:32","slug":"echelle-aluminium-en-m-ea614","status":"publish","type":"product","link":"https:\/\/monechelle.ma\/ar\/product\/echelle-aluminium-en-m-ea614\/","title":{"rendered":"\u0633\u0644\u0645 \u062a\u0644\u0633\u0643\u0648\u0628\u064a \u0642\u0627\u0628\u0644 \u0644\u0644\u0637\u064a EA614"},"content":{"rendered":"<p>L&rsquo;\u00e9chelle EA614 est fabriqu\u00e9e en aluminium et con\u00e7ue pour fonctionner dans trois positions diff\u00e9rentes : mode ciseaux, \u00e9tendu et plateforme. La plateforme est antid\u00e9rapante, montable et pliable pour faciliter son utilisation dans d&rsquo;autres modes. Il prend peu de place et peut \u00eatre d\u00e9plac\u00e9 facilement. Ce produit est conforme \u00e0 la norme europ\u00e9enne EN 131-1,2,3,4 et est livr\u00e9 avec le certificat de conformit\u00e9 et le manuel d&rsquo;instructions. La charge maximale qu&rsquo;il supporte est de 150 kg.<\/p>\n<div><img fetchpriority=\"high\" decoding=\"async\" class=\"certif-img size-full wp-image-25804\" src=\"https:\/\/monechelle.ma\/wp-content\/uploads\/2025\/09\/certif-ea614.webp\" alt=\"norm\" width=\"717\" height=\"75\" \/><\/div>","protected":false},"excerpt":{"rendered":"<p>L&rsquo;\u00e9chelle EA614 est fabriqu\u00e9e en aluminium et con\u00e7ue pour fonctionner dans trois positions diff\u00e9rentes : mode ciseaux, \u00e9tendu et plateforme. La plateforme est antid\u00e9rapante, montable et pliable pour faciliter son utilisation dans d&rsquo;autres modes. Il prend peu de place et peut \u00eatre d\u00e9plac\u00e9 facilement. Ce produit est conforme \u00e0 la norme europ\u00e9enne EN 131-1,2,3,4 et&#8230;<\/p>","protected":false},"featured_media":1624,"comment_status":"open","ping_status":"closed","template":"","meta":{"_acf_changed":false,"_bst_post_transparent":"default","_bst_post_title":"","_bst_post_layout":"default","_bst_post_sidebar_id":"","_bst_post_content_style":"default","_bst_post_vertical_padding":"default","_bst_post_feature":"","_bst_post_feature_position":"","_bst_post_header":false,"_bst_post_footer":false},"pwb-brand":[507],"product_brand":[],"product_cat":[646],"product_tag":[],"product_brands":[],"class_list":{"0":"post-2912","1":"product","2":"type-product","3":"status-publish","4":"has-post-thumbnail","6":"pwb-brand-faraone","7":"product_cat-echelles-telescopiques","9":"first","10":"instock","11":"shipping-taxable","12":"purchasable","13":"product-type-simple","14":"entry","15":"content-bg","16":"loop-entry"},"acf":[],"brands":[{"id":507,"name":"\u0641\u0627\u0631\u0648\u0648\u0646","slug":"faraone"}],"_links":{"self":[{"href":"https:\/\/monechelle.ma\/ar\/wp-json\/wp\/v2\/product\/2912","targetHints":{"allow":["GET"]}}],"collection":[{"href":"https:\/\/monechelle.ma\/ar\/wp-json\/wp\/v2\/product"}],"about":[{"href":"https:\/\/monechelle.ma\/ar\/wp-json\/wp\/v2\/types\/product"}],"replies":[{"embeddable":true,"href":"https:\/\/monechelle.ma\/ar\/wp-json\/wp\/v2\/comments?post=2912"}],"version-history":[{"count":10,"href":"https:\/\/monechelle.ma\/ar\/wp-json\/wp\/v2\/product\/2912\/revisions"}],"predecessor-version":[{"id":11201,"href":"https:\/\/monechelle.ma\/ar\/wp-json\/wp\/v2\/product\/2912\/revisions\/11201"}],"wp:featuredmedia":[{"embeddable":true,"href":"https:\/\/monechelle.ma\/ar\/wp-json\/wp\/v2\/media\/1624"}],"wp:attachment":[{"href":"https:\/\/monechelle.ma\/ar\/wp-json\/wp\/v2\/media?parent=2912"}],"wp:term":[{"taxonomy":"pwb-brand","embeddable":true,"href":"https:\/\/monechelle.ma\/ar\/wp-json\/wp\/v2\/pwb-brand?post=2912"},{"taxonomy":"product_brand","embeddable":true,"href":"https:\/\/monechelle.ma\/ar\/wp-json\/wp\/v2\/product_brand?post=2912"},{"taxonomy":"product_cat","embeddable":true,"href":"https:\/\/monechelle.ma\/ar\/wp-json\/wp\/v2\/product_cat?post=2912"},{"taxonomy":"product_tag","embeddable":true,"href":"https:\/\/monechelle.ma\/ar\/wp-json\/wp\/v2\/product_tag?post=2912"},{"taxonomy":"product_brands","embeddable":true,"href":"https:\/\/monechelle.ma\/ar\/wp-json\/wp\/v2\/product_brands?post=2912"}],"curies":[{"name":"wp","href":"https:\/\/api.w.org\/{rel}","templated":true}]}}