{"id":2918,"date":"2024-11-28T12:58:31","date_gmt":"2024-11-28T11:58:31","guid":{"rendered":"https:\/\/monechelle.ma\/?post_type=product&#038;p=2918"},"modified":"2026-04-06T16:36:12","modified_gmt":"2026-04-06T15:36:12","slug":"escabeau-step","status":"publish","type":"product","link":"https:\/\/monechelle.ma\/ar\/product\/escabeau-step\/","title":{"rendered":"\u0633\u0644\u0645 \u0633\u062a\u064a\u0628"},"content":{"rendered":"<p>\u0635\u064f\u0646\u0639 \u0633\u0644\u0645 \u0633\u062a\u064a\u0628 \u0628\u0627\u0644\u0643\u0627\u0645\u0644 \u0645\u0646 \u0627\u0644\u0623\u0644\u0648\u0645\u0646\u064a\u0648\u0645\u060c \u0628\u0645\u0627 \u0641\u064a \u0630\u0644\u0643 \u0645\u0646\u0635\u0629 \u0627\u0644\u0645\u0634\u064a. \u0648\u0647\u0630\u0627 \u0645\u0627 \u064a\u064f\u0645\u0643\u0651\u0646\u0647 \u0645\u0646 \u0627\u0644\u0639\u0645\u0644 \u0641\u064a \u0628\u064a\u0626\u0627\u062a \u0639\u0645\u0644 \u0645\u062a\u0646\u0648\u0639\u0629\u060c \u062d\u062a\u0649 \u0641\u064a \u0648\u062c\u0648\u062f \u0627\u0644\u0632\u064a\u0648\u062a \u0623\u0648 \u0627\u0644\u0633\u0648\u0627\u0626\u0644 \u0627\u0644\u0623\u062e\u0631\u0649 (\u0645\u062b\u0644 \u0648\u0631\u0634 \u0627\u0644\u0645\u064a\u0643\u0627\u0646\u064a\u0643\u0627 \u0648\u0627\u0644\u0635\u0646\u0627\u0639\u0627\u062a \u0627\u0644\u0643\u064a\u0645\u064a\u0627\u0626\u064a\u0629). \u062a\u0628\u0644\u063a \u0633\u0639\u062a\u0647 \u0627\u0644\u0625\u062c\u0645\u0627\u0644\u064a\u0629 250 \u0643\u062c\u0645\u060c \u0648\u0639\u0631\u0636 \u0645\u0646\u0635\u062a\u0647 425 \u0645\u0645\u060c \u0645\u0645\u0627 \u064a\u0633\u0645\u062d \u0644\u0634\u062e\u0635\u064a\u0646 \u0628\u0627\u0644\u0639\u0645\u0644 \u0641\u064a \u0648\u0642\u062a \u0648\u0627\u062d\u062f. \u0648\u0647\u0648 \u0642\u0627\u0628\u0644 \u0644\u0625\u0639\u0627\u062f\u0629 \u0627\u0644\u0625\u063a\u0644\u0627\u0642\u060c \u0648\u064a\u0623\u062a\u064a \u0641\u064a \u0639\u0628\u0648\u0629 \u0642\u0627\u0628\u0644\u0629 \u0644\u0644\u0627\u0646\u0643\u0645\u0627\u0634 \u0627\u0644\u062d\u0631\u0627\u0631\u064a.<\/p>","protected":false},"excerpt":{"rendered":"<p>STEP est enti\u00e8rement r\u00e9alis\u00e9 en aluminium , y compris la plateforme de marche. Cela permet \u00e0 Step d&rsquo;\u00eatre utilis\u00e9 dans de nombreux environnements de travail, m\u00eame lorsque des huiles ou des substances liquides sont utilis\u00e9es (ateliers m\u00e9caniques, industries chimiques,&#8230;). Il a une capacit\u00e9 totale de 250 kg et une plateforme de 425 mm de large&#8230;<\/p>","protected":false},"featured_media":1667,"comment_status":"open","ping_status":"closed","template":"","meta":{"_acf_changed":false,"_bst_post_transparent":"default","_bst_post_title":"","_bst_post_layout":"default","_bst_post_sidebar_id":"","_bst_post_content_style":"default","_bst_post_vertical_padding":"default","_bst_post_feature":"","_bst_post_feature_position":"","_bst_post_header":false,"_bst_post_footer":false},"pwb-brand":[509],"product_brand":[],"product_cat":[653],"product_tag":[],"product_brands":[],"class_list":{"0":"post-2918","1":"product","2":"type-product","3":"status-publish","4":"has-post-thumbnail","6":"pwb-brand-marchetti","7":"product_cat-escabeaux","9":"first","10":"instock","11":"shipping-taxable","12":"purchasable","13":"product-type-variable","14":"entry","15":"content-bg","16":"loop-entry"},"acf":[],"brands":[{"id":509,"name":"marchetti","slug":"marchetti"}],"_links":{"self":[{"href":"https:\/\/monechelle.ma\/ar\/wp-json\/wp\/v2\/product\/2918","targetHints":{"allow":["GET"]}}],"collection":[{"href":"https:\/\/monechelle.ma\/ar\/wp-json\/wp\/v2\/product"}],"about":[{"href":"https:\/\/monechelle.ma\/ar\/wp-json\/wp\/v2\/types\/product"}],"replies":[{"embeddable":true,"href":"https:\/\/monechelle.ma\/ar\/wp-json\/wp\/v2\/comments?post=2918"}],"version-history":[{"count":6,"href":"https:\/\/monechelle.ma\/ar\/wp-json\/wp\/v2\/product\/2918\/revisions"}],"predecessor-version":[{"id":7169,"href":"https:\/\/monechelle.ma\/ar\/wp-json\/wp\/v2\/product\/2918\/revisions\/7169"}],"wp:featuredmedia":[{"embeddable":true,"href":"https:\/\/monechelle.ma\/ar\/wp-json\/wp\/v2\/media\/1667"}],"wp:attachment":[{"href":"https:\/\/monechelle.ma\/ar\/wp-json\/wp\/v2\/media?parent=2918"}],"wp:term":[{"taxonomy":"pwb-brand","embeddable":true,"href":"https:\/\/monechelle.ma\/ar\/wp-json\/wp\/v2\/pwb-brand?post=2918"},{"taxonomy":"product_brand","embeddable":true,"href":"https:\/\/monechelle.ma\/ar\/wp-json\/wp\/v2\/product_brand?post=2918"},{"taxonomy":"product_cat","embeddable":true,"href":"https:\/\/monechelle.ma\/ar\/wp-json\/wp\/v2\/product_cat?post=2918"},{"taxonomy":"product_tag","embeddable":true,"href":"https:\/\/monechelle.ma\/ar\/wp-json\/wp\/v2\/product_tag?post=2918"},{"taxonomy":"product_brands","embeddable":true,"href":"https:\/\/monechelle.ma\/ar\/wp-json\/wp\/v2\/product_brands?post=2918"}],"curies":[{"name":"wp","href":"https:\/\/api.w.org\/{rel}","templated":true}]}}