{"id":2919,"date":"2024-11-28T12:58:31","date_gmt":"2024-11-28T11:58:31","guid":{"rendered":"https:\/\/monechelle.ma\/?post_type=product&#038;p=2919"},"modified":"2025-12-12T16:57:59","modified_gmt":"2025-12-12T15:57:59","slug":"elevah-80-move","status":"publish","type":"product","link":"https:\/\/monechelle.ma\/ar\/product\/elevah-80-move\/","title":{"rendered":"ELEVAH 80 Move"},"content":{"rendered":"<p>L\u2019Elevah 80 Move est la solution id\u00e9ale pour effectuer des activit\u00e9s d\u2019entretien dans des lieux o\u00f9 se trouvent des portes et des couloirs. Elle permet \u00e9galement de travailler confortablement sur des sols moins r\u00e9sistants, comme ceux des th\u00e9\u00e2tres, des mus\u00e9es et des salles de congr\u00e8s. Automotrice en hauteur jusqu\u2019\u00e0 la hauteur maximale. Son poids l\u00e9ger permet de travailler en toute s\u00e9curit\u00e9 en hauteur jusqu\u2019\u00e0 7,75m. Sa compacit\u00e9. Sa manette de commande pour une conduite avec une seule main. Son rayon de braquage \u00e9gal \u00e0 z\u00e9ro qui permet \u00e0 l\u2019op\u00e9rateur de travailler de mani\u00e8re rapide et confortable, m\u00eame dans les endroits les plus exigus. Gr\u00e2ce \u00e0 sa commande \u00e0 distance, la plateforme peut \u00eatre facilement charg\u00e9e sur une camionnette et son transport est facile. Dans la section des \u00e9quipements et des accessoires, vous trouverez la liste des composants standards et des accessoires afin de la personnaliser. Radar anticollision frontal, de recul et au plafond. Blocage du panier : hauteur max. du sol 1,95 m. Bluespot 1 et Bluespot 2 (avertisseur lumineux de direction de la conduite). Potection anti-\u00e9crasement sous le panier. Traitement par galvanisation. Batteries AGM haute r\u00e9sistance Trojan 24V &#8211; 100A. Chargeur avec c\u00e2ble r\u00e9tractable de s\u00e9rie (non inclus si vous s\u00e9lectionnez l\u2019option BKIT). Temp\u00e9ratures de fonctionnement de &#8211; 10 \u00b0 \u00e0 + 40 \u00b0 C. Temp\u00e9ratures de fonctionnement de &#8211; 10 \u00b0 \u00e0 + 40 \u00b0 C.<\/p>\n<table style=\"border-collapse: collapse; width: 100%;\">\n<tbody>\n<tr>\n<td style=\"width: 50%;\">HAUTEUR MAXIMUM DE TRAVAIL<\/td>\n<td style=\"width: 50%;\">7,75 M<\/td>\n<\/tr>\n<tr>\n<td style=\"width: 50%;\">DIMENSIONS<\/td>\n<td style=\"width: 50%;\">78 X 128 CM H : 200 CM<\/td>\n<\/tr>\n<tr>\n<td style=\"width: 50%;\">CAPACIT\u00c9 MAXIMALE<\/td>\n<td style=\"width: 50%;\">200 KG<\/td>\n<\/tr>\n<tr>\n<td style=\"width: 50%;\">POIDS DE LA MACHINE<\/td>\n<td style=\"width: 50%;\">750 KG<\/td>\n<\/tr>\n<\/tbody>\n<\/table>","protected":false},"excerpt":{"rendered":"<p>L\u2019Elevah 80 Move est la solution id\u00e9ale pour effectuer des activit\u00e9s d\u2019entretien dans des lieux o\u00f9 se trouvent des portes et des couloirs. Elle permet \u00e9galement de travailler confortablement sur des sols moins r\u00e9sistants, comme ceux des th\u00e9\u00e2tres, des mus\u00e9es et des salles de congr\u00e8s. Automotrice en hauteur jusqu\u2019\u00e0 la hauteur maximale. Son poids l\u00e9ger&#8230;<\/p>","protected":false},"featured_media":1669,"comment_status":"open","ping_status":"closed","template":"","meta":{"_acf_changed":false,"_bst_post_transparent":"default","_bst_post_title":"","_bst_post_layout":"default","_bst_post_sidebar_id":"","_bst_post_content_style":"default","_bst_post_vertical_padding":"default","_bst_post_feature":"","_bst_post_feature_position":"","_bst_post_header":false,"_bst_post_footer":false},"pwb-brand":[506],"product_brand":[],"product_cat":[],"product_tag":[],"product_brands":[],"class_list":{"0":"post-2919","1":"product","2":"type-product","3":"status-publish","4":"has-post-thumbnail","6":"pwb-brand-elevah","8":"first","9":"instock","10":"shipping-taxable","11":"purchasable","12":"product-type-simple","13":"entry","14":"content-bg","15":"loop-entry"},"acf":[],"brands":[{"id":506,"name":"ELEVAH","slug":"elevah"}],"_links":{"self":[{"href":"https:\/\/monechelle.ma\/ar\/wp-json\/wp\/v2\/product\/2919","targetHints":{"allow":["GET"]}}],"collection":[{"href":"https:\/\/monechelle.ma\/ar\/wp-json\/wp\/v2\/product"}],"about":[{"href":"https:\/\/monechelle.ma\/ar\/wp-json\/wp\/v2\/types\/product"}],"replies":[{"embeddable":true,"href":"https:\/\/monechelle.ma\/ar\/wp-json\/wp\/v2\/comments?post=2919"}],"version-history":[{"count":3,"href":"https:\/\/monechelle.ma\/ar\/wp-json\/wp\/v2\/product\/2919\/revisions"}],"predecessor-version":[{"id":8388,"href":"https:\/\/monechelle.ma\/ar\/wp-json\/wp\/v2\/product\/2919\/revisions\/8388"}],"wp:featuredmedia":[{"embeddable":true,"href":"https:\/\/monechelle.ma\/ar\/wp-json\/wp\/v2\/media\/1669"}],"wp:attachment":[{"href":"https:\/\/monechelle.ma\/ar\/wp-json\/wp\/v2\/media?parent=2919"}],"wp:term":[{"taxonomy":"pwb-brand","embeddable":true,"href":"https:\/\/monechelle.ma\/ar\/wp-json\/wp\/v2\/pwb-brand?post=2919"},{"taxonomy":"product_brand","embeddable":true,"href":"https:\/\/monechelle.ma\/ar\/wp-json\/wp\/v2\/product_brand?post=2919"},{"taxonomy":"product_cat","embeddable":true,"href":"https:\/\/monechelle.ma\/ar\/wp-json\/wp\/v2\/product_cat?post=2919"},{"taxonomy":"product_tag","embeddable":true,"href":"https:\/\/monechelle.ma\/ar\/wp-json\/wp\/v2\/product_tag?post=2919"},{"taxonomy":"product_brands","embeddable":true,"href":"https:\/\/monechelle.ma\/ar\/wp-json\/wp\/v2\/product_brands?post=2919"}],"curies":[{"name":"wp","href":"https:\/\/api.w.org\/{rel}","templated":true}]}}