{"id":2920,"date":"2024-11-28T12:58:31","date_gmt":"2024-11-28T11:58:31","guid":{"rendered":"https:\/\/monechelle.ma\/?post_type=product&#038;p=2920"},"modified":"2025-12-12T16:57:59","modified_gmt":"2025-12-12T15:57:59","slug":"elevah-80-es-move","status":"publish","type":"product","link":"https:\/\/monechelle.ma\/ar\/product\/elevah-80-es-move\/","title":{"rendered":"ELEVAH 80 ES Move"},"content":{"rendered":"<p>L\u2019Elevah 80 ES Move est une plateforme compacte avec un panier extensible qui vous permet de travailler \u00e0 une hauteur de 7,56 m en toute s\u00e9curit\u00e9. Une solution id\u00e9ale pour les usines, les lignes de production et l\u2019industrie 4.0. Sa petite taille (seulement 78 x 153 cm) et ses dimensions minimales permettent \u00e0 l\u2019op\u00e9rateur de le d\u00e9placer facilement, m\u00eame dans les espaces les plus \u00e9troits. Avec sa manette de commande et son rayon de braquage nul, elle est facile et confortable \u00e0 conduire. Son panier extensible peut \u00eatre \u00e9tendu manuellement jusqu\u2019\u00e0 115 cm, ce qui le rend id\u00e9al pour effectuer des travaux de maintenance et de r\u00e9paration dans des environnements industriels, sur des machines, \u00e0 l\u2019int\u00e9rieur de magasins ou de centres commerciaux et dans des endroits o\u00f9 se trouvent de petits obstacles \u00e0 franchir. Dans la section des \u00e9quipements et des accessoires. Vous trouverez la liste des composants standards et des accessoires pour la personnaliser, tels que : Radar anticollision frontal, de recul et au plafond, Serrure de porte automatique, Bluespot 1 et bluespot 2 (avertisseur lumineux de direction de la conduite), Protection anti-\u00e9crasement sous le panier, Traitement par galvanisation. Chargeur avec c\u00e2ble r\u00e9tractable de s\u00e9rie (non inclus si vous s\u00e9lectionnez l\u2019option BKIT), Temp\u00e9ratures de fonctionnement de &#8211; 10 \u00b0 \u00e0 + 40 \u00b0 C.<\/p>\n<table style=\"border-collapse: collapse; width: 100%;\">\n<tbody>\n<tr>\n<td style=\"width: 50%;\">HAUTEUR MAXIMUM DE TRAVAIL<\/td>\n<td style=\"width: 50%;\">7,56 M<\/td>\n<\/tr>\n<tr>\n<td style=\"width: 50%;\">DIMENSIONS <\/td>\n<td style=\"width: 50%;\">78 X 153 CM H : 199 CM<\/td>\n<\/tr>\n<tr>\n<td style=\"width: 50%;\">CAPACIT\u00c9 MAXIMALE<\/td>\n<td style=\"width: 50%;\">200 KG<\/td>\n<\/tr>\n<tr>\n<td style=\"width: 50%;\">POIDS DE LA MACHINE<\/td>\n<td style=\"width: 50%;\">1050 KG<\/td>\n<\/tr>\n<tr>\n<td style=\"width: 50%;\">EXTENSION NACELLE<\/td>\n<td style=\"width: 50%;\">JUSQU&rsquo;\u00c0 115 CM<\/td>\n<\/tr>\n<\/tbody>\n<\/table>","protected":false},"excerpt":{"rendered":"<p>L\u2019Elevah 80 ES Move est une plateforme compacte avec un panier extensible qui vous permet de travailler \u00e0 une hauteur de 7,56 m en toute s\u00e9curit\u00e9. Une solution id\u00e9ale pour les usines, les lignes de production et l\u2019industrie 4.0. Sa petite taille (seulement 78 x 153 cm) et ses dimensions minimales permettent \u00e0 l\u2019op\u00e9rateur de&#8230;<\/p>","protected":false},"featured_media":1683,"comment_status":"open","ping_status":"closed","template":"","meta":{"_acf_changed":false,"_bst_post_transparent":"default","_bst_post_title":"","_bst_post_layout":"default","_bst_post_sidebar_id":"","_bst_post_content_style":"default","_bst_post_vertical_padding":"default","_bst_post_feature":"","_bst_post_feature_position":"","_bst_post_header":false,"_bst_post_footer":false},"pwb-brand":[506],"product_brand":[],"product_cat":[],"product_tag":[],"product_brands":[],"class_list":{"0":"post-2920","1":"product","2":"type-product","3":"status-publish","4":"has-post-thumbnail","6":"pwb-brand-elevah","8":"first","9":"instock","10":"shipping-taxable","11":"purchasable","12":"product-type-simple","13":"entry","14":"content-bg","15":"loop-entry"},"acf":[],"brands":[{"id":506,"name":"ELEVAH","slug":"elevah"}],"_links":{"self":[{"href":"https:\/\/monechelle.ma\/ar\/wp-json\/wp\/v2\/product\/2920","targetHints":{"allow":["GET"]}}],"collection":[{"href":"https:\/\/monechelle.ma\/ar\/wp-json\/wp\/v2\/product"}],"about":[{"href":"https:\/\/monechelle.ma\/ar\/wp-json\/wp\/v2\/types\/product"}],"replies":[{"embeddable":true,"href":"https:\/\/monechelle.ma\/ar\/wp-json\/wp\/v2\/comments?post=2920"}],"version-history":[{"count":2,"href":"https:\/\/monechelle.ma\/ar\/wp-json\/wp\/v2\/product\/2920\/revisions"}],"predecessor-version":[{"id":8390,"href":"https:\/\/monechelle.ma\/ar\/wp-json\/wp\/v2\/product\/2920\/revisions\/8390"}],"wp:featuredmedia":[{"embeddable":true,"href":"https:\/\/monechelle.ma\/ar\/wp-json\/wp\/v2\/media\/1683"}],"wp:attachment":[{"href":"https:\/\/monechelle.ma\/ar\/wp-json\/wp\/v2\/media?parent=2920"}],"wp:term":[{"taxonomy":"pwb-brand","embeddable":true,"href":"https:\/\/monechelle.ma\/ar\/wp-json\/wp\/v2\/pwb-brand?post=2920"},{"taxonomy":"product_brand","embeddable":true,"href":"https:\/\/monechelle.ma\/ar\/wp-json\/wp\/v2\/product_brand?post=2920"},{"taxonomy":"product_cat","embeddable":true,"href":"https:\/\/monechelle.ma\/ar\/wp-json\/wp\/v2\/product_cat?post=2920"},{"taxonomy":"product_tag","embeddable":true,"href":"https:\/\/monechelle.ma\/ar\/wp-json\/wp\/v2\/product_tag?post=2920"},{"taxonomy":"product_brands","embeddable":true,"href":"https:\/\/monechelle.ma\/ar\/wp-json\/wp\/v2\/product_brands?post=2920"}],"curies":[{"name":"wp","href":"https:\/\/api.w.org\/{rel}","templated":true}]}}