{"id":2921,"date":"2024-11-28T12:58:32","date_gmt":"2024-11-28T11:58:32","guid":{"rendered":"https:\/\/monechelle.ma\/?post_type=product&#038;p=2921"},"modified":"2025-12-12T16:57:59","modified_gmt":"2025-12-12T15:57:59","slug":"elevah-65-es-move","status":"publish","type":"product","link":"https:\/\/monechelle.ma\/ar\/product\/elevah-65-es-move\/","title":{"rendered":"ELEVAH 65 ES MOVE"},"content":{"rendered":"<table style=\"border-collapse: collapse; width: 100%;\">\n<tbody>\n<tr>\n<td style=\"width: 50%;\">HAUTEUR MAXIMUM DE TRAVAIL<\/td>\n<td style=\"width: 50%;\">6,70 M<\/td>\n<\/tr>\n<tr>\n<td style=\"width: 50%;\">DIMENSIONS <\/td>\n<td style=\"width: 50%;\">78 X 153 CM H : 172 CM<\/td>\n<\/tr>\n<tr>\n<td style=\"width: 50%;\">CAPACIT\u00c9 MAXIMALE<\/td>\n<td style=\"width: 50%;\">200 KG<\/td>\n<\/tr>\n<tr>\n<td style=\"width: 50%;\">POIDS DE LA MACHINE<\/td>\n<td style=\"width: 50%;\">1000 KG\n<\/td>\n<\/tr>\n<tr>\n<td style=\"width: 50%;\">EXTENSION NACELLE<\/td>\n<td style=\"width: 50%;\">JUSQU&rsquo;\u00c0 115 CM<\/td>\n<\/tr>\n<\/tbody>\n<\/table>","protected":false},"excerpt":{"rendered":"<p>L\u2019Elevah 65 ES Move est une plateforme compacte avec un panier extensible qui vous permet de travailler \u00e0 une hauteur de 6,70 m en toute s\u00e9curit\u00e9. Elle est une solution id\u00e9ale pour les installations, les lignes de production et l\u2019industrie 4.0. Elle est aussi id\u00e9ale pour effectuer des travaux de maintenance et de r\u00e9paration dans des environnements industriels, sur des machines, \u00e0 l\u2019int\u00e9rieur de magasins ou de centres commerciaux et dans des endroits o\u00f9 se trouvent de petits obstacles \u00e0 franchir. Sa petite taille (seulement 78 x 153 cm) et ses dimensions minimales permettent \u00e0 l\u2019op\u00e9rateur de le d\u00e9placer facilement, m\u00eame dans les espaces les plus \u00e9troits. Gr\u00e2ce \u00e0 sa manette de commande et \u00e0 son rayon de braquage nul, elle est facile et confortable \u00e0 conduire. Son panier extensible peut \u00eatre \u00e9tendu manuellement jusqu\u2019\u00e0 115 cm. Dans la section des \u00e9quipements et des accessoires, vous trouverez la liste des composants standards et des accessoires pour la personnaliser, tels que : Radar anticollision frontal, de recul et au plafond, Bluespot 1 et bluespot 2 (avertisseur lumineux de direction de la conduite), Protection anti-\u00e9crasement sous le panier, Traitement par galvanisation, Serrure de porte automatique, Batteries AGM haute r\u00e9sistance Trojan 24V &#8211; 100A. Chargeur de batterie avec c\u00e2ble r\u00e9tractable standard (non disponible si on choisit l\u2019option BKIT). Temp\u00e9ratures de fonctionnement de &#8211; 10 \u00b0 \u00e0 + 40 \u00b0 C.<\/p>","protected":false},"featured_media":1690,"comment_status":"closed","ping_status":"closed","template":"","meta":{"_acf_changed":false,"_bst_post_transparent":"","_bst_post_title":"","_bst_post_layout":"","_bst_post_sidebar_id":"","_bst_post_content_style":"","_bst_post_vertical_padding":"","_bst_post_feature":"","_bst_post_feature_position":"","_bst_post_header":false,"_bst_post_footer":false},"pwb-brand":[506],"product_brand":[],"product_cat":[],"product_tag":[],"product_brands":[],"class_list":{"0":"post-2921","1":"product","2":"type-product","3":"status-publish","4":"has-post-thumbnail","6":"pwb-brand-elevah","8":"first","9":"instock","10":"shipping-taxable","11":"purchasable","12":"product-type-simple","13":"entry","14":"content-bg","15":"loop-entry"},"acf":[],"brands":[{"id":506,"name":"ELEVAH","slug":"elevah"}],"_links":{"self":[{"href":"https:\/\/monechelle.ma\/ar\/wp-json\/wp\/v2\/product\/2921","targetHints":{"allow":["GET"]}}],"collection":[{"href":"https:\/\/monechelle.ma\/ar\/wp-json\/wp\/v2\/product"}],"about":[{"href":"https:\/\/monechelle.ma\/ar\/wp-json\/wp\/v2\/types\/product"}],"replies":[{"embeddable":true,"href":"https:\/\/monechelle.ma\/ar\/wp-json\/wp\/v2\/comments?post=2921"}],"version-history":[{"count":1,"href":"https:\/\/monechelle.ma\/ar\/wp-json\/wp\/v2\/product\/2921\/revisions"}],"predecessor-version":[{"id":5796,"href":"https:\/\/monechelle.ma\/ar\/wp-json\/wp\/v2\/product\/2921\/revisions\/5796"}],"wp:featuredmedia":[{"embeddable":true,"href":"https:\/\/monechelle.ma\/ar\/wp-json\/wp\/v2\/media\/1690"}],"wp:attachment":[{"href":"https:\/\/monechelle.ma\/ar\/wp-json\/wp\/v2\/media?parent=2921"}],"wp:term":[{"taxonomy":"pwb-brand","embeddable":true,"href":"https:\/\/monechelle.ma\/ar\/wp-json\/wp\/v2\/pwb-brand?post=2921"},{"taxonomy":"product_brand","embeddable":true,"href":"https:\/\/monechelle.ma\/ar\/wp-json\/wp\/v2\/product_brand?post=2921"},{"taxonomy":"product_cat","embeddable":true,"href":"https:\/\/monechelle.ma\/ar\/wp-json\/wp\/v2\/product_cat?post=2921"},{"taxonomy":"product_tag","embeddable":true,"href":"https:\/\/monechelle.ma\/ar\/wp-json\/wp\/v2\/product_tag?post=2921"},{"taxonomy":"product_brands","embeddable":true,"href":"https:\/\/monechelle.ma\/ar\/wp-json\/wp\/v2\/product_brands?post=2921"}],"curies":[{"name":"wp","href":"https:\/\/api.w.org\/{rel}","templated":true}]}}