{"id":2922,"date":"2024-11-28T12:58:32","date_gmt":"2024-11-28T11:58:32","guid":{"rendered":"https:\/\/monechelle.ma\/?post_type=product&#038;p=2922"},"modified":"2025-12-12T16:57:58","modified_gmt":"2025-12-12T15:57:58","slug":"elevah-65-move","status":"publish","type":"product","link":"https:\/\/monechelle.ma\/ar\/product\/elevah-65-move\/","title":{"rendered":"ELEVAH 65 MOVE"},"content":{"rendered":"<table style=\"border-collapse: collapse; width: 100%;\">\n<tbody>\n<tr>\n<td style=\"width: 50%;\">HAUTEUR MAXIMUM DE TRAVAIL<\/td>\n<td style=\"width: 50%;\">6,5 M<\/td>\n<\/tr>\n<tr>\n<td style=\"width: 50%;\">DIMENSIONS<\/td>\n<td style=\"width: 50%;\">78 X 128 CM H : 172 CM<\/td>\n<\/tr>\n<tr>\n<td style=\"width: 50%;\">CAPACIT\u00c9 MAXIMALE<\/td>\n<td style=\"width: 50%;\">200 KG<\/td>\n<\/tr>\n<tr>\n<td style=\"width: 50%;\">POIDS DE LA MACHINE<\/td>\n<td style=\"width: 50%;\">680 KG<\/td>\n<\/tr>\n<\/tbody>\n<\/table>","protected":false},"excerpt":{"rendered":"<p>Si vous cherchez une solution adapt\u00e9e aux th\u00e9\u00e2tres, mus\u00e9es, salles de congr\u00e8s, salles de sport, ainsi qu\u2019au secteur industriel, Elevah 65 Move est une plateforme compacte et l\u00e9g\u00e8re, id\u00e9ale pour effectuer des travaux de maintenance en hauteur en toute s\u00e9curit\u00e9. La machine ferm\u00e9e ne mesure que 1,72 m de hauteur, ce qui lui permet de passer facilement dans des espaces tr\u00e8s \u00e9troits comme les couloirs et de franchir tous types de portes. Son rayon de braquage \u00e9gal \u00e0 z\u00e9ropermet \u00e0 l\u2019op\u00e9rateur de travailler de mani\u00e8re rapide et confortable aussi dans les surfaces plus \u00e9troites et de conduire facilement avec peu de marge de man\u0153uvre. Sa manette de commande pour une conduite avec une seule main. Son acc\u00e8s confortable et s\u00fbr permet \u00e0 l\u2019op\u00e9rateur de travailler en hauteur en \u00e9tant prot\u00e9g\u00e9 de tous les c\u00f4t\u00e9s, ce qui r\u00e9duit le risque d\u2019accident et optimise le temps. Gr\u00e2ce \u00e0 sa commande \u00e0 distance, la plateforme peut \u00eatre facilement charg\u00e9e sur une camionnette et son transport est facile. Dans la section des \u00e9quipements et des accessoires, vous trouverez la liste des composants standards et des accessoires pour la personnaliser, tels que : Radar anticollision frontal, de recul et au plafond; Bluespot 1 et bluespot 2 (avertisseur lumineux de direction de la conduite); Protection anti-\u00e9crasement sous le panier; Traitement par galvanisation; Batteries AGM haute r\u00e9sistance Trojan 24V &#8211; 100A; Chargeur de batterie avec c\u00e2ble r\u00e9tractable standard (non disponible si on choisit l\u2019option BKIT); Temp\u00e9ratures de fonctionnement de &#8211; 10 \u00b0 \u00e0 + 40 \u00b0 C.<\/p>","protected":false},"featured_media":1696,"comment_status":"closed","ping_status":"closed","template":"","meta":{"_acf_changed":false,"_bst_post_transparent":"","_bst_post_title":"","_bst_post_layout":"","_bst_post_sidebar_id":"","_bst_post_content_style":"","_bst_post_vertical_padding":"","_bst_post_feature":"","_bst_post_feature_position":"","_bst_post_header":false,"_bst_post_footer":false},"pwb-brand":[506],"product_brand":[],"product_cat":[],"product_tag":[],"product_brands":[],"class_list":{"0":"post-2922","1":"product","2":"type-product","3":"status-publish","4":"has-post-thumbnail","6":"pwb-brand-elevah","8":"first","9":"instock","10":"shipping-taxable","11":"purchasable","12":"product-type-simple","13":"entry","14":"content-bg","15":"loop-entry"},"acf":[],"brands":[{"id":506,"name":"ELEVAH","slug":"elevah"}],"_links":{"self":[{"href":"https:\/\/monechelle.ma\/ar\/wp-json\/wp\/v2\/product\/2922","targetHints":{"allow":["GET"]}}],"collection":[{"href":"https:\/\/monechelle.ma\/ar\/wp-json\/wp\/v2\/product"}],"about":[{"href":"https:\/\/monechelle.ma\/ar\/wp-json\/wp\/v2\/types\/product"}],"replies":[{"embeddable":true,"href":"https:\/\/monechelle.ma\/ar\/wp-json\/wp\/v2\/comments?post=2922"}],"version-history":[{"count":1,"href":"https:\/\/monechelle.ma\/ar\/wp-json\/wp\/v2\/product\/2922\/revisions"}],"predecessor-version":[{"id":5795,"href":"https:\/\/monechelle.ma\/ar\/wp-json\/wp\/v2\/product\/2922\/revisions\/5795"}],"wp:featuredmedia":[{"embeddable":true,"href":"https:\/\/monechelle.ma\/ar\/wp-json\/wp\/v2\/media\/1696"}],"wp:attachment":[{"href":"https:\/\/monechelle.ma\/ar\/wp-json\/wp\/v2\/media?parent=2922"}],"wp:term":[{"taxonomy":"pwb-brand","embeddable":true,"href":"https:\/\/monechelle.ma\/ar\/wp-json\/wp\/v2\/pwb-brand?post=2922"},{"taxonomy":"product_brand","embeddable":true,"href":"https:\/\/monechelle.ma\/ar\/wp-json\/wp\/v2\/product_brand?post=2922"},{"taxonomy":"product_cat","embeddable":true,"href":"https:\/\/monechelle.ma\/ar\/wp-json\/wp\/v2\/product_cat?post=2922"},{"taxonomy":"product_tag","embeddable":true,"href":"https:\/\/monechelle.ma\/ar\/wp-json\/wp\/v2\/product_tag?post=2922"},{"taxonomy":"product_brands","embeddable":true,"href":"https:\/\/monechelle.ma\/ar\/wp-json\/wp\/v2\/product_brands?post=2922"}],"curies":[{"name":"wp","href":"https:\/\/api.w.org\/{rel}","templated":true}]}}