{"id":2923,"date":"2024-11-28T12:58:33","date_gmt":"2024-11-28T11:58:33","guid":{"rendered":"https:\/\/monechelle.ma\/?post_type=product&#038;p=2923"},"modified":"2025-12-12T16:57:58","modified_gmt":"2025-12-12T15:57:58","slug":"elevah-65-tb","status":"publish","type":"product","link":"https:\/\/monechelle.ma\/ar\/product\/elevah-65-tb\/","title":{"rendered":"ELEVAH 65 TB"},"content":{"rendered":"<table style=\"border-collapse: collapse; width: 100%;\">\n<tbody>\n<tr>\n<td style=\"width: 50%;\">HAUTEUR MAXIMUM DE TRAVAIL<\/td>\n<td style=\"width: 50%;\">6,5 M<\/td>\n<\/tr>\n<tr>\n<td style=\"width: 50%;\">DIMENSIONS <\/td>\n<td style=\"width: 50%;\">78 X 148 CM H : 172 CM<\/td>\n<\/tr>\n<tr>\n<td style=\"width: 50%;\">CAPACIT\u00c9 MAXIMALE<\/td>\n<td style=\"width: 50%;\">120 KG<\/td>\n<\/tr>\n<tr>\n<td style=\"width: 50%;\">POIDS DE LA MACHINE<\/td>\n<td style=\"width: 50%;\">1025 KG<\/td>\n<\/tr>\n<tr>\n<td style=\"width: 50%;\">ROTATION M\u00c9CANIQUE DE LA NACELLE<\/td>\n<td style=\"width: 50%;\">270\u00b0<\/td>\n<\/tr>\n<\/tbody>\n<\/table>","protected":false},"excerpt":{"rendered":"<p>Si vous cherchez une solution id\u00e9ale pour les t\u00e2ches de maintenance industrielle dans les petits espaces, choisissez Elevah 65 TB. Elle est une plateforme automotrice \u00e0 \u00e9l\u00e9vation \u00e9lectrique avec syst\u00e8me de rotation m\u00e9canique du panier. Le panier peut \u00eatre tourn\u00e9 \u00e0 270\u00b0, ce qui permet \u00e0 l\u2019op\u00e9rateur de r\u00e9gler l\u2019angle et de travailler en toute s\u00e9curit\u00e9 dans la position choisie. Sa petite taille (seulement 78 x 148 cm). Son encombrement minimal permet \u00e0 l\u2019op\u00e9rateur de la d\u00e9placer facilement, m\u00eame dans les espaces les plus \u00e9troits. Avec sa manette de commande et son rayon de braquage nul, elle est facile et confortable \u00e0 conduire. Dans la section des \u00e9quipements et des accessoires, vous trouverez la liste des composants standards et des accessoires pour la personnaliser, tels que : Radar anticollision frontal, de recul et au plafond; Serrure de porte automatique; Bluespot 1 et bluespot 2 (avertisseur lumineux de direction de la conduite); Protection anti-\u00e9crasement sous le panier; Traitement par galvanisation; Batteries AGM haute r\u00e9sistance Trojan 24V &#8211; 100A; Chargeur de batterie avec c\u00e2ble r\u00e9tractable standard (non disponible si on choisit l\u2019option BKIT); Temp\u00e9ratures de fonctionnement de &#8211; 10 \u00b0 \u00e0 + 40 \u00b0 C.<\/p>","protected":false},"featured_media":1700,"comment_status":"closed","ping_status":"closed","template":"","meta":{"_acf_changed":false,"_bst_post_transparent":"","_bst_post_title":"","_bst_post_layout":"","_bst_post_sidebar_id":"","_bst_post_content_style":"","_bst_post_vertical_padding":"","_bst_post_feature":"","_bst_post_feature_position":"","_bst_post_header":false,"_bst_post_footer":false},"pwb-brand":[506],"product_brand":[],"product_cat":[],"product_tag":[],"product_brands":[],"class_list":{"0":"post-2923","1":"product","2":"type-product","3":"status-publish","4":"has-post-thumbnail","6":"pwb-brand-elevah","8":"first","9":"instock","10":"shipping-taxable","11":"purchasable","12":"product-type-simple","13":"entry","14":"content-bg","15":"loop-entry"},"acf":[],"brands":[{"id":506,"name":"ELEVAH","slug":"elevah"}],"_links":{"self":[{"href":"https:\/\/monechelle.ma\/ar\/wp-json\/wp\/v2\/product\/2923","targetHints":{"allow":["GET"]}}],"collection":[{"href":"https:\/\/monechelle.ma\/ar\/wp-json\/wp\/v2\/product"}],"about":[{"href":"https:\/\/monechelle.ma\/ar\/wp-json\/wp\/v2\/types\/product"}],"replies":[{"embeddable":true,"href":"https:\/\/monechelle.ma\/ar\/wp-json\/wp\/v2\/comments?post=2923"}],"version-history":[{"count":1,"href":"https:\/\/monechelle.ma\/ar\/wp-json\/wp\/v2\/product\/2923\/revisions"}],"predecessor-version":[{"id":5794,"href":"https:\/\/monechelle.ma\/ar\/wp-json\/wp\/v2\/product\/2923\/revisions\/5794"}],"wp:featuredmedia":[{"embeddable":true,"href":"https:\/\/monechelle.ma\/ar\/wp-json\/wp\/v2\/media\/1700"}],"wp:attachment":[{"href":"https:\/\/monechelle.ma\/ar\/wp-json\/wp\/v2\/media?parent=2923"}],"wp:term":[{"taxonomy":"pwb-brand","embeddable":true,"href":"https:\/\/monechelle.ma\/ar\/wp-json\/wp\/v2\/pwb-brand?post=2923"},{"taxonomy":"product_brand","embeddable":true,"href":"https:\/\/monechelle.ma\/ar\/wp-json\/wp\/v2\/product_brand?post=2923"},{"taxonomy":"product_cat","embeddable":true,"href":"https:\/\/monechelle.ma\/ar\/wp-json\/wp\/v2\/product_cat?post=2923"},{"taxonomy":"product_tag","embeddable":true,"href":"https:\/\/monechelle.ma\/ar\/wp-json\/wp\/v2\/product_tag?post=2923"},{"taxonomy":"product_brands","embeddable":true,"href":"https:\/\/monechelle.ma\/ar\/wp-json\/wp\/v2\/product_brands?post=2923"}],"curies":[{"name":"wp","href":"https:\/\/api.w.org\/{rel}","templated":true}]}}