{"id":2924,"date":"2024-11-28T12:58:33","date_gmt":"2024-11-28T11:58:33","guid":{"rendered":"https:\/\/monechelle.ma\/?post_type=product&#038;p=2924"},"modified":"2025-12-12T16:57:58","modified_gmt":"2025-12-12T15:57:58","slug":"elevah-65-move-light","status":"publish","type":"product","link":"https:\/\/monechelle.ma\/ar\/product\/elevah-65-move-light\/","title":{"rendered":"ELEVAH 65 Move Light"},"content":{"rendered":"<table style=\"border-collapse: collapse; width: 100%;\">\n<tbody>\n<tr>\n<td style=\"width: 50%;\">HAUTEUR MAXIMUM DE TRAVAIL<\/td>\n<td style=\"width: 50%;\">6,3 M<\/td>\n<\/tr>\n<tr>\n<td style=\"width: 50%;\">DIMENSIONS <\/td>\n<td style=\"width: 50%;\">78 X 128 CM H : 170 CM<\/td>\n<\/tr>\n<tr>\n<td style=\"width: 50%;\">CAPACIT\u00c9 MAXIMALE<\/td>\n<td style=\"width: 50%;\">150 KG<\/td>\n<\/tr>\n<tr>\n<td style=\"width: 50%;\">POIDS DE LA MACHINE<\/td>\n<td style=\"width: 50%;\">538 KG<\/td>\n<\/tr>\n<\/tbody>\n<\/table>","protected":false},"excerpt":{"rendered":"<p>Si vous cherchez une solution id\u00e9ale pour l\u2019entretien des th\u00e9\u00e2tres, des mus\u00e9es, des salles de sport, des salles de congr\u00e8s et de tous les lieux dont le sol est tr\u00e8s d\u00e9licat ou dont la capacit\u00e9 de charge est limit\u00e9e, Elevah 65 Move Light est la meilleure alternative. Elle est une plateforme automotrice \u00e0 \u00e9l\u00e9vation \u00e9lectrique qui permet de travailler jusqu\u2019\u00e0 6,3 m de hauteur, extr\u00eamement compacte et l\u00e9g\u00e8re (seulement 538 kg). Son acc\u00e8s confortable et s\u00fbr permet \u00e0 l\u2019op\u00e9rateur de travailler en hauteur en \u00e9tant prot\u00e9g\u00e9 de tous les c\u00f4t\u00e9s, ce qui r\u00e9duit le risque d\u2019accident et optimise le temps. Sa manette de commande pour une conduite avec une seule main. Son rayon de braquage nul vous permet de vous d\u00e9placer facilement, m\u00eame dans les endroits les plus \u00e9troits. Gr\u00e2ce \u00e0 sa commande \u00e0 distance, la plateforme peut \u00eatre facilement charg\u00e9e sur une camionnette et son transport est facile. Dans la section des \u00e9quipements et des accessoires, vous trouverez la liste des composants standards et des accessoires pour la personnaliser, tels que : Radar anticollision frontal, de recul et au plafond; Blue spot M (avertisseur lumineux de direction de la conduite); Protection anti-\u00e9crasement sous le panier; Blocage directionnel manuel; Limiteur de la hauteur debout; Batteries AGM haute r\u00e9sistance Trojan 24V &#8211; 100A. Chargeur de batterie avec c\u00e2ble r\u00e9tractable standard (non disponible si on choisit l\u2019option BKIT). Temp\u00e9ratures de fonctionnement de &#8211; 10 \u00b0 \u00e0 + 40 \u00b0 C.<\/p>","protected":false},"featured_media":1709,"comment_status":"closed","ping_status":"closed","template":"","meta":{"_acf_changed":false,"_bst_post_transparent":"","_bst_post_title":"","_bst_post_layout":"","_bst_post_sidebar_id":"","_bst_post_content_style":"","_bst_post_vertical_padding":"","_bst_post_feature":"","_bst_post_feature_position":"","_bst_post_header":false,"_bst_post_footer":false},"pwb-brand":[506],"product_brand":[],"product_cat":[],"product_tag":[],"product_brands":[],"class_list":{"0":"post-2924","1":"product","2":"type-product","3":"status-publish","4":"has-post-thumbnail","6":"pwb-brand-elevah","8":"first","9":"instock","10":"shipping-taxable","11":"purchasable","12":"product-type-simple","13":"entry","14":"content-bg","15":"loop-entry"},"acf":[],"brands":[{"id":506,"name":"ELEVAH","slug":"elevah"}],"_links":{"self":[{"href":"https:\/\/monechelle.ma\/ar\/wp-json\/wp\/v2\/product\/2924","targetHints":{"allow":["GET"]}}],"collection":[{"href":"https:\/\/monechelle.ma\/ar\/wp-json\/wp\/v2\/product"}],"about":[{"href":"https:\/\/monechelle.ma\/ar\/wp-json\/wp\/v2\/types\/product"}],"replies":[{"embeddable":true,"href":"https:\/\/monechelle.ma\/ar\/wp-json\/wp\/v2\/comments?post=2924"}],"version-history":[{"count":1,"href":"https:\/\/monechelle.ma\/ar\/wp-json\/wp\/v2\/product\/2924\/revisions"}],"predecessor-version":[{"id":5793,"href":"https:\/\/monechelle.ma\/ar\/wp-json\/wp\/v2\/product\/2924\/revisions\/5793"}],"wp:featuredmedia":[{"embeddable":true,"href":"https:\/\/monechelle.ma\/ar\/wp-json\/wp\/v2\/media\/1709"}],"wp:attachment":[{"href":"https:\/\/monechelle.ma\/ar\/wp-json\/wp\/v2\/media?parent=2924"}],"wp:term":[{"taxonomy":"pwb-brand","embeddable":true,"href":"https:\/\/monechelle.ma\/ar\/wp-json\/wp\/v2\/pwb-brand?post=2924"},{"taxonomy":"product_brand","embeddable":true,"href":"https:\/\/monechelle.ma\/ar\/wp-json\/wp\/v2\/product_brand?post=2924"},{"taxonomy":"product_cat","embeddable":true,"href":"https:\/\/monechelle.ma\/ar\/wp-json\/wp\/v2\/product_cat?post=2924"},{"taxonomy":"product_tag","embeddable":true,"href":"https:\/\/monechelle.ma\/ar\/wp-json\/wp\/v2\/product_tag?post=2924"},{"taxonomy":"product_brands","embeddable":true,"href":"https:\/\/monechelle.ma\/ar\/wp-json\/wp\/v2\/product_brands?post=2924"}],"curies":[{"name":"wp","href":"https:\/\/api.w.org\/{rel}","templated":true}]}}