{"id":2925,"date":"2024-11-28T12:58:33","date_gmt":"2024-11-28T11:58:33","guid":{"rendered":"https:\/\/monechelle.ma\/?post_type=product&#038;p=2925"},"modified":"2025-12-12T16:57:58","modified_gmt":"2025-12-12T15:57:58","slug":"elevah-e6-es-move","status":"publish","type":"product","link":"https:\/\/monechelle.ma\/ar\/product\/elevah-e6-es-move\/","title":{"rendered":"ELEVAH E6 ES Move"},"content":{"rendered":"<table style=\"border-collapse: collapse; width: 100%;\">\n<tbody>\n<tr>\n<td style=\"width: 50%;\">HAUTEUR DE TRAVAIL MAXIMALE<\/td>\n<td style=\"width: 50%;\">6 M<\/td>\n<\/tr>\n<tr>\n<td style=\"width: 50%;\">MESURES <\/td>\n<td style=\"width: 50%;\">78X110 H : 199 CM<\/td>\n<\/tr>\n<tr>\n<td style=\"width: 50%;\">CAPACIT\u00c9 MAXIMALE<\/td>\n<td style=\"width: 50%;\">120 KG<\/td>\n<\/tr>\n<tr>\n<td style=\"width: 50%;\">POIDS DE LA MACHINE<\/td>\n<td style=\"width: 50%;\">980 KG<\/td>\n<\/tr>\n<tr>\n<td style=\"width: 50%;\">EXTENSION DE LA NACELLE<\/td>\n<td style=\"width: 50%;\">JUSQU&rsquo;\u00c0 85 CM<\/td>\n<\/tr>\n<\/tbody>\n<\/table>","protected":false},"excerpt":{"rendered":"<p>Elevah E6 ES Move, la plate-forme de levage avec nacelle extensible con\u00e7ue pour relever les d\u00e9fis en hauteur avec facilit\u00e9 et en toute s\u00e9curit\u00e9. Parfaite pour une large gamme d&rsquo;applications industrielles et commerciales, cette solution avanc\u00e9e offre des performances sup\u00e9rieures et une polyvalence in\u00e9gal\u00e9e. S\u00e9curit\u00e9 maximale : Atteint une hauteur de travail de 6 m\u00e8tres, prot\u00e9g\u00e9 de tous les c\u00f4t\u00e9s. Conception compacte pour une plus grande maniabilit\u00e9 : Gr\u00e2ce \u00e0 ses dimensions r\u00e9duites (78 x 110 cm) et \u00e0 sa conception compacte, cette plate-forme \u00e9l\u00e9vatrice se d\u00e9place facilement, m\u00eame dans les espaces les plus restreints, offrant ainsi une libert\u00e9 de mouvement sans pr\u00e9c\u00e9dent. Contr\u00f4le optimal et confort d&rsquo;utilisation : Avec sa manette et son rayon de braquage nul, l&rsquo;Elevah E6 ES Move offre un contr\u00f4le pr\u00e9cis et confortable, garantissant une man\u0153uvrabilit\u00e9 in\u00e9gal\u00e9e dans toutes les situations. Polyvalence et pr\u00e9cision dans les travaux d\u2019entretien : Le panier extensible, qui peut \u00eatre sorti manuellement jusqu&rsquo;\u00e0 85 cm, permet d&rsquo;effectuer des travaux d&rsquo;entretien et de r\u00e9paration avec pr\u00e9cision, m\u00eame dans les endroits difficiles d&rsquo;acc\u00e8s. Gestion intuitive et facile : Gr\u00e2ce \u00e0 son syst\u00e8me d&rsquo;extension de la nacelle intuitif, l&rsquo;Elevah E6 ES Move simplifie chaque \u00e9tape du travail, garantissant une utilisation efficace et ais\u00e9e. Robuste et fiable : Elevah E6 ES Move offre une dur\u00e9e et une fiabilit\u00e9 sup\u00e9rieures, garantissant des performances optimales au fil du temps.<\/p>","protected":false},"featured_media":1713,"comment_status":"closed","ping_status":"closed","template":"","meta":{"_acf_changed":false,"_bst_post_transparent":"","_bst_post_title":"","_bst_post_layout":"","_bst_post_sidebar_id":"","_bst_post_content_style":"","_bst_post_vertical_padding":"","_bst_post_feature":"","_bst_post_feature_position":"","_bst_post_header":false,"_bst_post_footer":false},"pwb-brand":[506],"product_brand":[],"product_cat":[],"product_tag":[],"product_brands":[],"class_list":{"0":"post-2925","1":"product","2":"type-product","3":"status-publish","4":"has-post-thumbnail","6":"pwb-brand-elevah","8":"first","9":"instock","10":"shipping-taxable","11":"purchasable","12":"product-type-simple","13":"entry","14":"content-bg","15":"loop-entry"},"acf":[],"brands":[{"id":506,"name":"ELEVAH","slug":"elevah"}],"_links":{"self":[{"href":"https:\/\/monechelle.ma\/ar\/wp-json\/wp\/v2\/product\/2925","targetHints":{"allow":["GET"]}}],"collection":[{"href":"https:\/\/monechelle.ma\/ar\/wp-json\/wp\/v2\/product"}],"about":[{"href":"https:\/\/monechelle.ma\/ar\/wp-json\/wp\/v2\/types\/product"}],"replies":[{"embeddable":true,"href":"https:\/\/monechelle.ma\/ar\/wp-json\/wp\/v2\/comments?post=2925"}],"version-history":[{"count":1,"href":"https:\/\/monechelle.ma\/ar\/wp-json\/wp\/v2\/product\/2925\/revisions"}],"predecessor-version":[{"id":5792,"href":"https:\/\/monechelle.ma\/ar\/wp-json\/wp\/v2\/product\/2925\/revisions\/5792"}],"wp:featuredmedia":[{"embeddable":true,"href":"https:\/\/monechelle.ma\/ar\/wp-json\/wp\/v2\/media\/1713"}],"wp:attachment":[{"href":"https:\/\/monechelle.ma\/ar\/wp-json\/wp\/v2\/media?parent=2925"}],"wp:term":[{"taxonomy":"pwb-brand","embeddable":true,"href":"https:\/\/monechelle.ma\/ar\/wp-json\/wp\/v2\/pwb-brand?post=2925"},{"taxonomy":"product_brand","embeddable":true,"href":"https:\/\/monechelle.ma\/ar\/wp-json\/wp\/v2\/product_brand?post=2925"},{"taxonomy":"product_cat","embeddable":true,"href":"https:\/\/monechelle.ma\/ar\/wp-json\/wp\/v2\/product_cat?post=2925"},{"taxonomy":"product_tag","embeddable":true,"href":"https:\/\/monechelle.ma\/ar\/wp-json\/wp\/v2\/product_tag?post=2925"},{"taxonomy":"product_brands","embeddable":true,"href":"https:\/\/monechelle.ma\/ar\/wp-json\/wp\/v2\/product_brands?post=2925"}],"curies":[{"name":"wp","href":"https:\/\/api.w.org\/{rel}","templated":true}]}}