{"id":2949,"date":"2024-11-28T12:59:05","date_gmt":"2024-11-28T11:59:05","guid":{"rendered":"https:\/\/monechelle.ma\/?post_type=product&#038;p=2949"},"modified":"2025-12-12T16:57:58","modified_gmt":"2025-12-12T15:57:58","slug":"elevah-e6-move","status":"publish","type":"product","link":"https:\/\/monechelle.ma\/ar\/product\/elevah-e6-move\/","title":{"rendered":"ELEVAH E6 Move"},"content":{"rendered":"<table style=\"border-collapse: collapse; width: 100%;\">\n<tbody>\n<tr>\n<td style=\"width: 50%;\">HAUTEUR DE TRAVAIL MAXIMALE<\/td>\n<td style=\"width: 50%;\">6 M<\/td>\n<\/tr>\n<tr>\n<td style=\"width: 50%;\">DIMENSIONS<\/td>\n<td style=\"width: 50%;\">78 X 110 CM<\/td>\n<\/tr>\n<tr>\n<td style=\"width: 50%;\">CHARGE MAXIMALE<\/td>\n<td style=\"width: 50%;\">200 KG<\/td>\n<\/tr>\n<tr>\n<td style=\"width: 50%;\">POIDS DE LA MACHINE<\/td>\n<td style=\"width: 50%;\">660 KG<\/td>\n<\/tr>\n<\/tbody>\n<\/table>","protected":false},"excerpt":{"rendered":"<p>Notre nouvelle nacelle \u00e9l\u00e9vatrice, Elevah 6 Move vous permet d\u2019atteindre des hauteurs allant jusqu\u2019\u00e0 6 m\u00e8tres en toute s\u00e9curit\u00e9. Cette plateforme a\u00e9rienne compacte offre des performances sup\u00e9rieures et une exp\u00e9rience de travail sans pr\u00e9c\u00e9dent. La stabilit\u00e9 est une priorit\u00e9 essentielle pour nous, et c\u2019est pourquoi Elevah 6 Move est con\u00e7ue avec des mat\u00e9riaux de haute qualit\u00e9 pour garantir une base solide et s\u00e9curis\u00e9e. Son autonomie en hauteur : elle se d\u00e9place avec agilit\u00e9 et atteint facilement les points souhait\u00e9s. Son poids l\u00e9ger de seulement 660 kg facilite son transport et offre une grande flexibilit\u00e9 op\u00e9rationnelle. Sa stabilit\u00e9 sup\u00e9rieure\/, permettant aux op\u00e9rateurs de travailler en toute tranquillit\u00e9 et confiance, m\u00eame \u00e0 de grandes hauteurs. Sa compacit\u00e9, seulement 110 x 78 cm : cette plateforme convient parfaitement aux espaces restreints et aux environnements \u00e0 acc\u00e8s limit\u00e9. Cette plateforme peut confortablement accueillir un op\u00e9rateur avec sa charge maximale autoris\u00e9e de 200 kg. Son rayon de braquage nul, une caract\u00e9ristique unique qui permet une man\u0153uvrabilit\u00e9 facile m\u00eame dans les espaces les plus \u00e9troits. Les op\u00e9rateurs peuvent naviguer ais\u00e9ment \u00e0 travers des couloirs \u00e9troits et contourner les obstacles, am\u00e9liorant ainsi l\u2019efficacit\u00e9 du travail et r\u00e9duisant les temps d\u2019arr\u00eat au minimum. La nacelle est autopropuls\u00e9e \u00e0 hauteur maximale.<\/p>","protected":false},"featured_media":1721,"comment_status":"closed","ping_status":"closed","template":"","meta":{"_acf_changed":false,"_bst_post_transparent":"","_bst_post_title":"","_bst_post_layout":"","_bst_post_sidebar_id":"","_bst_post_content_style":"","_bst_post_vertical_padding":"","_bst_post_feature":"","_bst_post_feature_position":"","_bst_post_header":false,"_bst_post_footer":false},"pwb-brand":[506],"product_brand":[],"product_cat":[],"product_tag":[],"product_brands":[],"class_list":{"0":"post-2949","1":"product","2":"type-product","3":"status-publish","4":"has-post-thumbnail","6":"pwb-brand-elevah","8":"first","9":"instock","10":"shipping-taxable","11":"purchasable","12":"product-type-simple","13":"entry","14":"content-bg","15":"loop-entry"},"acf":[],"brands":[{"id":506,"name":"ELEVAH","slug":"elevah"}],"_links":{"self":[{"href":"https:\/\/monechelle.ma\/ar\/wp-json\/wp\/v2\/product\/2949","targetHints":{"allow":["GET"]}}],"collection":[{"href":"https:\/\/monechelle.ma\/ar\/wp-json\/wp\/v2\/product"}],"about":[{"href":"https:\/\/monechelle.ma\/ar\/wp-json\/wp\/v2\/types\/product"}],"replies":[{"embeddable":true,"href":"https:\/\/monechelle.ma\/ar\/wp-json\/wp\/v2\/comments?post=2949"}],"version-history":[{"count":1,"href":"https:\/\/monechelle.ma\/ar\/wp-json\/wp\/v2\/product\/2949\/revisions"}],"predecessor-version":[{"id":5791,"href":"https:\/\/monechelle.ma\/ar\/wp-json\/wp\/v2\/product\/2949\/revisions\/5791"}],"wp:featuredmedia":[{"embeddable":true,"href":"https:\/\/monechelle.ma\/ar\/wp-json\/wp\/v2\/media\/1721"}],"wp:attachment":[{"href":"https:\/\/monechelle.ma\/ar\/wp-json\/wp\/v2\/media?parent=2949"}],"wp:term":[{"taxonomy":"pwb-brand","embeddable":true,"href":"https:\/\/monechelle.ma\/ar\/wp-json\/wp\/v2\/pwb-brand?post=2949"},{"taxonomy":"product_brand","embeddable":true,"href":"https:\/\/monechelle.ma\/ar\/wp-json\/wp\/v2\/product_brand?post=2949"},{"taxonomy":"product_cat","embeddable":true,"href":"https:\/\/monechelle.ma\/ar\/wp-json\/wp\/v2\/product_cat?post=2949"},{"taxonomy":"product_tag","embeddable":true,"href":"https:\/\/monechelle.ma\/ar\/wp-json\/wp\/v2\/product_tag?post=2949"},{"taxonomy":"product_brands","embeddable":true,"href":"https:\/\/monechelle.ma\/ar\/wp-json\/wp\/v2\/product_brands?post=2949"}],"curies":[{"name":"wp","href":"https:\/\/api.w.org\/{rel}","templated":true}]}}