{"id":2950,"date":"2024-11-28T12:59:05","date_gmt":"2024-11-28T11:59:05","guid":{"rendered":"https:\/\/monechelle.ma\/?post_type=product&#038;p=2950"},"modified":"2025-12-12T16:57:58","modified_gmt":"2025-12-12T15:57:58","slug":"elevah-e5-move","status":"publish","type":"product","link":"https:\/\/monechelle.ma\/ar\/product\/elevah-e5-move\/","title":{"rendered":"ELEVAH E5 Move"},"content":{"rendered":"<table style=\"border-collapse: collapse; width: 100%;\">\n<tbody>\n<tr>\n<td style=\"width: 50%;\">HAUTEUR MAXIMUM DE TRAVAIL<\/td>\n<td style=\"width: 50%;\">5,15 M<\/td>\n<\/tr>\n<tr>\n<td style=\"width: 50%;\">DIMENSIONS <\/td>\n<td style=\"width: 50%;\">70 X 98 CM H : 169 CM<\/td>\n<\/tr>\n<tr>\n<td style=\"width: 50%;\">CAPACIT\u00c9 MAXIMALE<\/td>\n<td style=\"width: 50%;\">200 KG<\/td>\n<\/tr>\n<tr>\n<td style=\"width: 50%;\">POIDS DE LA MACHINE <\/td>\n<td style=\"width: 50%;\">580 KG<\/td>\n<\/tr>\n<\/tbody>\n<\/table>","protected":false},"excerpt":{"rendered":"<p>Si vous cherchez une solution compacte et s\u00fbre pour les travaux en hauteur, cette nacelle offre un acc\u00e8s confortable et s\u00fbr et permet \u00e0 l\u2019op\u00e9rateur de travailler en hauteur en \u00e9tant prot\u00e9g\u00e9 de tous les c\u00f4t\u00e9s, minimisant le risque d\u2019accident. Elle est id\u00e9ale pour la maintenance industrielle. Sa compacit\u00e9 : Elevah 5 Move est la plus compacte du march\u00e9. Avec seulement 70 cm de largeur, elle peut \u00eatre utilis\u00e9e dans les espaces les plus \u00e9troits. Sa manette de commande pour une conduite avec une seule main. Grande maniabilit\u00e9. Son rayon de braquage nul : elle tourne \u00e0 360\u00b0 et elle peut se d\u00e9placer dans les espaces les plus \u00e9troits, m\u00eame en 95 cm seulement. Son syst\u00e8me automoteur en hauteur. Elle peut \u00eatre d\u00e9plac\u00e9e sans devoir abaisser le panier, ce qui permet de gagner du temps lors des op\u00e9rations. Son acc\u00e8s confortable et s\u00fbr permet \u00e0 l\u2019op\u00e9rateur de travailler en hauteur en \u00e9tant prot\u00e9g\u00e9 de tous les c\u00f4t\u00e9s, minimisant le risque d\u2019accident. Dans la section \u00e9quipements et accessoires, vous trouverez une liste de composants standards et d\u2019accessoires pour personnaliser l\u2019Elevah E5 Move, en l\u2019adaptant \u00e0 vos besoins. Radar anticollision frontal, de recul et au plafond. Plateau porte-outil amovible &#8211; 30 x 70 cm &#8211; Charge maximale 40 kg. Desserrage manuel du frein de stationnement \u00e9lectronique automatique. Cela permet de d\u00e9placer manuellement la machine automotrice. Protection anti-\u00e9crasement sous le panier. Serrure de porte automatique. Batteries AGM haute r\u00e9sistance Trojan 24V &#8211; 100A.<\/p>","protected":false},"featured_media":1730,"comment_status":"closed","ping_status":"closed","template":"","meta":{"_acf_changed":false,"_bst_post_transparent":"","_bst_post_title":"","_bst_post_layout":"","_bst_post_sidebar_id":"","_bst_post_content_style":"","_bst_post_vertical_padding":"","_bst_post_feature":"","_bst_post_feature_position":"","_bst_post_header":false,"_bst_post_footer":false},"pwb-brand":[506],"product_brand":[],"product_cat":[],"product_tag":[],"product_brands":[],"class_list":{"0":"post-2950","1":"product","2":"type-product","3":"status-publish","4":"has-post-thumbnail","6":"pwb-brand-elevah","8":"first","9":"instock","10":"shipping-taxable","11":"purchasable","12":"product-type-simple","13":"entry","14":"content-bg","15":"loop-entry"},"acf":[],"brands":[{"id":506,"name":"ELEVAH","slug":"elevah"}],"_links":{"self":[{"href":"https:\/\/monechelle.ma\/ar\/wp-json\/wp\/v2\/product\/2950","targetHints":{"allow":["GET"]}}],"collection":[{"href":"https:\/\/monechelle.ma\/ar\/wp-json\/wp\/v2\/product"}],"about":[{"href":"https:\/\/monechelle.ma\/ar\/wp-json\/wp\/v2\/types\/product"}],"replies":[{"embeddable":true,"href":"https:\/\/monechelle.ma\/ar\/wp-json\/wp\/v2\/comments?post=2950"}],"version-history":[{"count":1,"href":"https:\/\/monechelle.ma\/ar\/wp-json\/wp\/v2\/product\/2950\/revisions"}],"predecessor-version":[{"id":5790,"href":"https:\/\/monechelle.ma\/ar\/wp-json\/wp\/v2\/product\/2950\/revisions\/5790"}],"wp:featuredmedia":[{"embeddable":true,"href":"https:\/\/monechelle.ma\/ar\/wp-json\/wp\/v2\/media\/1730"}],"wp:attachment":[{"href":"https:\/\/monechelle.ma\/ar\/wp-json\/wp\/v2\/media?parent=2950"}],"wp:term":[{"taxonomy":"pwb-brand","embeddable":true,"href":"https:\/\/monechelle.ma\/ar\/wp-json\/wp\/v2\/pwb-brand?post=2950"},{"taxonomy":"product_brand","embeddable":true,"href":"https:\/\/monechelle.ma\/ar\/wp-json\/wp\/v2\/product_brand?post=2950"},{"taxonomy":"product_cat","embeddable":true,"href":"https:\/\/monechelle.ma\/ar\/wp-json\/wp\/v2\/product_cat?post=2950"},{"taxonomy":"product_tag","embeddable":true,"href":"https:\/\/monechelle.ma\/ar\/wp-json\/wp\/v2\/product_tag?post=2950"},{"taxonomy":"product_brands","embeddable":true,"href":"https:\/\/monechelle.ma\/ar\/wp-json\/wp\/v2\/product_brands?post=2950"}],"curies":[{"name":"wp","href":"https:\/\/api.w.org\/{rel}","templated":true}]}}