{"id":2951,"date":"2024-11-28T12:59:06","date_gmt":"2024-11-28T11:59:06","guid":{"rendered":"https:\/\/monechelle.ma\/?post_type=product&#038;p=2951"},"modified":"2025-12-12T16:57:58","modified_gmt":"2025-12-12T15:57:58","slug":"elevah-e5-inox","status":"publish","type":"product","link":"https:\/\/monechelle.ma\/ar\/product\/elevah-e5-inox\/","title":{"rendered":"ELEVAH E5 Inox"},"content":{"rendered":"<table style=\"border-collapse: collapse; width: 100%;\">\n<tbody>\n<tr>\n<td style=\"width: 50%;\">HAUTEUR MAXIMUM DE TRAVAIL<\/td>\n<td style=\"width: 50%;\">5,15 M<\/td>\n<\/tr>\n<tr>\n<td style=\"width: 50%;\">DIMENSIONS <\/td>\n<td style=\"width: 50%;\">70 X 98 CM H : 169 CM<\/td>\n<\/tr>\n<tr>\n<td style=\"width: 50%;\">CAPACIT\u00c9 MAXIMALE<\/td>\n<td style=\"width: 50%;\">200 KG<\/td>\n<\/tr>\n<tr>\n<td style=\"width: 50%;\">POIDS DE LA MACHINE<\/td>\n<td style=\"width: 50%;\">580 KG<\/td>\n<\/tr>\n<\/tbody>\n<\/table>","protected":false},"excerpt":{"rendered":"<p>Plate-forme automotrice \u00e0 \u00e9l\u00e9vation \u00e9lectrique enti\u00e8rement en acier inoxydable. Si vous cherchez une solution pour travailler dans des environnements o\u00f9 l\u2019hygi\u00e8ne et la propret\u00e9 sont des exigences essentielles, comme dans les industries pharmaceutique et alimentaire, utilisez la nacelle ELEVAH E5 Inox. L\u2019acier inoxydable est un mat\u00e9riau extr\u00eamement hygi\u00e9nique en raison de son excellente r\u00e9sistance \u00e0 la corrosion, de sa faible r\u00e9tention bact\u00e9rienne et de sa surface compacte qui assure l\u2019imperm\u00e9abilit\u00e9. Sa compacit\u00e9 seulement de 78 x 153 cm. Son rayon de braquage nul, qui permet de traverser facilement les espaces les plus \u00e9troits. Sa manette de commande pour une conduite avec une seule main. Dans la section des \u00e9quipements et des accessoires, vous trouverez la liste des composants standards et des accessoires pour la personnaliser, tels que : Plateau porte-outil amovible &#8211; 30 x 70 cm &#8211; Charge maximale 40 kg; Protection anti-\u00e9crasement sous le panier; Desserrage manuel du frein de stationnement \u00e9lectronique automatique, ce qui permet de d\u00e9placer manuellement la machine automotrice; Batteries AGM haute r\u00e9sistance Trojan 24V &#8211; 100A; Serrure de porte automatique.<\/p>","protected":false},"featured_media":1738,"comment_status":"closed","ping_status":"closed","template":"","meta":{"_acf_changed":false,"_bst_post_transparent":"","_bst_post_title":"","_bst_post_layout":"","_bst_post_sidebar_id":"","_bst_post_content_style":"","_bst_post_vertical_padding":"","_bst_post_feature":"","_bst_post_feature_position":"","_bst_post_header":false,"_bst_post_footer":false},"pwb-brand":[506],"product_brand":[],"product_cat":[],"product_tag":[],"product_brands":[],"class_list":{"0":"post-2951","1":"product","2":"type-product","3":"status-publish","4":"has-post-thumbnail","6":"pwb-brand-elevah","8":"first","9":"instock","10":"shipping-taxable","11":"purchasable","12":"product-type-simple","13":"entry","14":"content-bg","15":"loop-entry"},"acf":[],"brands":[{"id":506,"name":"ELEVAH","slug":"elevah"}],"_links":{"self":[{"href":"https:\/\/monechelle.ma\/ar\/wp-json\/wp\/v2\/product\/2951","targetHints":{"allow":["GET"]}}],"collection":[{"href":"https:\/\/monechelle.ma\/ar\/wp-json\/wp\/v2\/product"}],"about":[{"href":"https:\/\/monechelle.ma\/ar\/wp-json\/wp\/v2\/types\/product"}],"replies":[{"embeddable":true,"href":"https:\/\/monechelle.ma\/ar\/wp-json\/wp\/v2\/comments?post=2951"}],"version-history":[{"count":1,"href":"https:\/\/monechelle.ma\/ar\/wp-json\/wp\/v2\/product\/2951\/revisions"}],"predecessor-version":[{"id":5788,"href":"https:\/\/monechelle.ma\/ar\/wp-json\/wp\/v2\/product\/2951\/revisions\/5788"}],"wp:featuredmedia":[{"embeddable":true,"href":"https:\/\/monechelle.ma\/ar\/wp-json\/wp\/v2\/media\/1738"}],"wp:attachment":[{"href":"https:\/\/monechelle.ma\/ar\/wp-json\/wp\/v2\/media?parent=2951"}],"wp:term":[{"taxonomy":"pwb-brand","embeddable":true,"href":"https:\/\/monechelle.ma\/ar\/wp-json\/wp\/v2\/pwb-brand?post=2951"},{"taxonomy":"product_brand","embeddable":true,"href":"https:\/\/monechelle.ma\/ar\/wp-json\/wp\/v2\/product_brand?post=2951"},{"taxonomy":"product_cat","embeddable":true,"href":"https:\/\/monechelle.ma\/ar\/wp-json\/wp\/v2\/product_cat?post=2951"},{"taxonomy":"product_tag","embeddable":true,"href":"https:\/\/monechelle.ma\/ar\/wp-json\/wp\/v2\/product_tag?post=2951"},{"taxonomy":"product_brands","embeddable":true,"href":"https:\/\/monechelle.ma\/ar\/wp-json\/wp\/v2\/product_brands?post=2951"}],"curies":[{"name":"wp","href":"https:\/\/api.w.org\/{rel}","templated":true}]}}