{"id":2952,"date":"2024-11-28T12:59:06","date_gmt":"2024-11-28T11:59:06","guid":{"rendered":"https:\/\/monechelle.ma\/?post_type=product&#038;p=2952"},"modified":"2025-12-12T16:57:58","modified_gmt":"2025-12-12T15:57:58","slug":"elevah-5-move-light","status":"publish","type":"product","link":"https:\/\/monechelle.ma\/ar\/product\/elevah-5-move-light\/","title":{"rendered":"ELEVAH 5 Move Light"},"content":{"rendered":"<table style=\"border-collapse: collapse; width: 100%;\">\n<tbody>\n<tr>\n<td style=\"width: 50%;\">HAUTEUR MAXIMUM DE TRAVAIL<\/td>\n<td style=\"width: 50%;\">4,9 M<\/td>\n<\/tr>\n<tr>\n<td style=\"width: 50%;\">DIMENSIONS <\/td>\n<td style=\"width: 50%;\">78 X 111 CM H : 169 CM<\/td>\n<\/tr>\n<tr>\n<td style=\"width: 50%;\">CAPACIT\u00c9 MAXIMALE<\/td>\n<td style=\"width: 50%;\">200 KG<\/td>\n<\/tr>\n<tr>\n<td style=\"width: 50%;\">POIDS DE LA MACHINE<\/td>\n<td style=\"width: 50%;\">400 KG<\/td>\n<\/tr>\n<\/tbody>\n<\/table>","protected":false},"excerpt":{"rendered":"<p>Plate-forme automotrice tr\u00e8s l\u00e9g\u00e8re avec \u00e9l\u00e9vation \u00e9lectrique jusqu&rsquo;\u00e0 5 m. Si vous cherchez une solution id\u00e9ale pour les sols d\u00e9licats ou peu r\u00e9sistants (mezzanines), notre nacelle Elevah 5 Move Light est id\u00e9ale. C\u2019est une plateforme tr\u00e8s l\u00e9g\u00e8re (400 kg seulement) et peu encombrante, facile \u00e0 transporter par tous les moyens, m\u00eame dans un ascenseur. Sa compacit\u00e9 : elle est parmi les plus compactes du march\u00e9. Sa manette de commande pour une conduite avec une seule main. Son rayon de braquage nul permet \u00e0 l\u2019op\u00e9rateur de travailler de mani\u00e8re rapide et confortable aussi dans les surfaces plus \u00e9troites et de conduire facilement avec peu de marge de man\u0153uvre, m\u00eame en 95 cm seulement. Son syst\u00e8me automoteur en hauteur. Elle peut \u00eatre d\u00e9plac\u00e9e sans devoir abaisser le panier, ce qui permet de gagner du temps lors des op\u00e9rations. Son acc\u00e8s confortable et s\u00fbr permet \u00e0 l\u2019op\u00e9rateur de travailler en hauteur en \u00e9tant prot\u00e9g\u00e9 de tous les c\u00f4t\u00e9s, minimisant le risque d\u2019accident.<\/p>","protected":false},"featured_media":1740,"comment_status":"closed","ping_status":"closed","template":"","meta":{"_acf_changed":false,"_bst_post_transparent":"","_bst_post_title":"","_bst_post_layout":"","_bst_post_sidebar_id":"","_bst_post_content_style":"","_bst_post_vertical_padding":"","_bst_post_feature":"","_bst_post_feature_position":"","_bst_post_header":false,"_bst_post_footer":false},"pwb-brand":[506],"product_brand":[],"product_cat":[],"product_tag":[],"product_brands":[],"class_list":{"0":"post-2952","1":"product","2":"type-product","3":"status-publish","4":"has-post-thumbnail","6":"pwb-brand-elevah","8":"first","9":"instock","10":"shipping-taxable","11":"purchasable","12":"product-type-simple","13":"entry","14":"content-bg","15":"loop-entry"},"acf":[],"brands":[{"id":506,"name":"ELEVAH","slug":"elevah"}],"_links":{"self":[{"href":"https:\/\/monechelle.ma\/ar\/wp-json\/wp\/v2\/product\/2952","targetHints":{"allow":["GET"]}}],"collection":[{"href":"https:\/\/monechelle.ma\/ar\/wp-json\/wp\/v2\/product"}],"about":[{"href":"https:\/\/monechelle.ma\/ar\/wp-json\/wp\/v2\/types\/product"}],"replies":[{"embeddable":true,"href":"https:\/\/monechelle.ma\/ar\/wp-json\/wp\/v2\/comments?post=2952"}],"version-history":[{"count":1,"href":"https:\/\/monechelle.ma\/ar\/wp-json\/wp\/v2\/product\/2952\/revisions"}],"predecessor-version":[{"id":5787,"href":"https:\/\/monechelle.ma\/ar\/wp-json\/wp\/v2\/product\/2952\/revisions\/5787"}],"wp:featuredmedia":[{"embeddable":true,"href":"https:\/\/monechelle.ma\/ar\/wp-json\/wp\/v2\/media\/1740"}],"wp:attachment":[{"href":"https:\/\/monechelle.ma\/ar\/wp-json\/wp\/v2\/media?parent=2952"}],"wp:term":[{"taxonomy":"pwb-brand","embeddable":true,"href":"https:\/\/monechelle.ma\/ar\/wp-json\/wp\/v2\/pwb-brand?post=2952"},{"taxonomy":"product_brand","embeddable":true,"href":"https:\/\/monechelle.ma\/ar\/wp-json\/wp\/v2\/product_brand?post=2952"},{"taxonomy":"product_cat","embeddable":true,"href":"https:\/\/monechelle.ma\/ar\/wp-json\/wp\/v2\/product_cat?post=2952"},{"taxonomy":"product_tag","embeddable":true,"href":"https:\/\/monechelle.ma\/ar\/wp-json\/wp\/v2\/product_tag?post=2952"},{"taxonomy":"product_brands","embeddable":true,"href":"https:\/\/monechelle.ma\/ar\/wp-json\/wp\/v2\/product_brands?post=2952"}],"curies":[{"name":"wp","href":"https:\/\/api.w.org\/{rel}","templated":true}]}}