{"id":2953,"date":"2024-11-28T12:59:06","date_gmt":"2024-11-28T11:59:06","guid":{"rendered":"https:\/\/monechelle.ma\/?post_type=product&#038;p=2953"},"modified":"2025-12-12T16:57:57","modified_gmt":"2025-12-12T15:57:57","slug":"elevah-e5-es-move","status":"publish","type":"product","link":"https:\/\/monechelle.ma\/ar\/product\/elevah-e5-es-move\/","title":{"rendered":"ELEVAH E5 ES Move"},"content":{"rendered":"<table style=\"border-collapse: collapse; width: 100%;\">\n<tbody>\n<tr>\n<td style=\"width: 50%;\">HAUTEUR MAXIMUM DE TRAVAIL<\/td>\n<td style=\"width: 50%;\">4,9 M<\/td>\n<\/tr>\n<tr>\n<td style=\"width: 50%;\">DIMENSIONS <\/td>\n<td style=\"width: 50%;\">70 X 98 CM H : 173 CM<\/td>\n<\/tr>\n<tr>\n<td style=\"width: 50%;\">CAPACIT\u00c9 MAXIMALE<\/td>\n<td style=\"width: 50%;\">150 KG<\/td>\n<\/tr>\n<tr>\n<td style=\"width: 50%;\">POIDS DE LA MACHINE<\/td>\n<td style=\"width: 50%;\">720 KG<\/td>\n<\/tr>\n<tr>\n<td style=\"width: 50%;\">EXTENSION NACELLE<\/td>\n<td style=\"width: 50%;\">JUSQU&rsquo;\u00c0 60 CM<\/td>\n<\/tr>\n<\/tbody>\n<\/table>","protected":false},"excerpt":{"rendered":"<p>Si vous cherchez une solution id\u00e9ale pour effectuer des t\u00e2ches de maintenance \u00e0 l\u2019int\u00e9rieur des magasins, des centres commerciaux et des industries, ELEVAH E5 ES Move est le meilleur atout. Le panier peut \u00eatre \u00e9tendu manuellement de 60 cm, ce qui permet d\u2019effectuer l\u2019entretien dans des endroits situ\u00e9s \u00e0 proximit\u00e9 d\u2019obstacles bas ou difficiles \u00e0 atteindre, comme les machines de travail telles que les CNC. Son rayon de braquage nul permet \u00e0 l\u2019op\u00e9rateur de travailler de mani\u00e8re rapide et confortable aussi dans les surfaces plus \u00e9troites et de conduire facilement avec peu de marge de man\u0153uvre. Sa manette de commande pour une conduite avec une seule main. Son syst\u00e8me automoteur en hauteur. Elle peut \u00eatre d\u00e9plac\u00e9e sans devoir abaisser le panier, ce qui permet de gagner du temps lors des op\u00e9rations. Son panier extensible peut \u00eatre \u00e9tendu manuellement de 60 cm. Son acc\u00e8s confortable et s\u00fbr permet \u00e0 l\u2019op\u00e9rateur de travailler en hauteur en \u00e9tant prot\u00e9g\u00e9 de tous les c\u00f4t\u00e9s, minimisant le risque d\u2019accident.<\/p>","protected":false},"featured_media":1748,"comment_status":"closed","ping_status":"closed","template":"","meta":{"_acf_changed":false,"_bst_post_transparent":"","_bst_post_title":"","_bst_post_layout":"","_bst_post_sidebar_id":"","_bst_post_content_style":"","_bst_post_vertical_padding":"","_bst_post_feature":"","_bst_post_feature_position":"","_bst_post_header":false,"_bst_post_footer":false},"pwb-brand":[506],"product_brand":[],"product_cat":[],"product_tag":[],"product_brands":[],"class_list":{"0":"post-2953","1":"product","2":"type-product","3":"status-publish","4":"has-post-thumbnail","6":"pwb-brand-elevah","8":"first","9":"instock","10":"shipping-taxable","11":"purchasable","12":"product-type-simple","13":"entry","14":"content-bg","15":"loop-entry"},"acf":[],"brands":[{"id":506,"name":"ELEVAH","slug":"elevah"}],"_links":{"self":[{"href":"https:\/\/monechelle.ma\/ar\/wp-json\/wp\/v2\/product\/2953","targetHints":{"allow":["GET"]}}],"collection":[{"href":"https:\/\/monechelle.ma\/ar\/wp-json\/wp\/v2\/product"}],"about":[{"href":"https:\/\/monechelle.ma\/ar\/wp-json\/wp\/v2\/types\/product"}],"replies":[{"embeddable":true,"href":"https:\/\/monechelle.ma\/ar\/wp-json\/wp\/v2\/comments?post=2953"}],"version-history":[{"count":1,"href":"https:\/\/monechelle.ma\/ar\/wp-json\/wp\/v2\/product\/2953\/revisions"}],"predecessor-version":[{"id":5789,"href":"https:\/\/monechelle.ma\/ar\/wp-json\/wp\/v2\/product\/2953\/revisions\/5789"}],"wp:featuredmedia":[{"embeddable":true,"href":"https:\/\/monechelle.ma\/ar\/wp-json\/wp\/v2\/media\/1748"}],"wp:attachment":[{"href":"https:\/\/monechelle.ma\/ar\/wp-json\/wp\/v2\/media?parent=2953"}],"wp:term":[{"taxonomy":"pwb-brand","embeddable":true,"href":"https:\/\/monechelle.ma\/ar\/wp-json\/wp\/v2\/pwb-brand?post=2953"},{"taxonomy":"product_brand","embeddable":true,"href":"https:\/\/monechelle.ma\/ar\/wp-json\/wp\/v2\/product_brand?post=2953"},{"taxonomy":"product_cat","embeddable":true,"href":"https:\/\/monechelle.ma\/ar\/wp-json\/wp\/v2\/product_cat?post=2953"},{"taxonomy":"product_tag","embeddable":true,"href":"https:\/\/monechelle.ma\/ar\/wp-json\/wp\/v2\/product_tag?post=2953"},{"taxonomy":"product_brands","embeddable":true,"href":"https:\/\/monechelle.ma\/ar\/wp-json\/wp\/v2\/product_brands?post=2953"}],"curies":[{"name":"wp","href":"https:\/\/api.w.org\/{rel}","templated":true}]}}