{"id":2954,"date":"2024-11-28T12:59:07","date_gmt":"2024-11-28T11:59:07","guid":{"rendered":"https:\/\/monechelle.ma\/?post_type=product&#038;p=2954"},"modified":"2025-12-12T16:57:57","modified_gmt":"2025-12-12T15:57:57","slug":"elevah-40-move","status":"publish","type":"product","link":"https:\/\/monechelle.ma\/ar\/product\/elevah-40-move\/","title":{"rendered":"ELEVAH 40 Move"},"content":{"rendered":"<p>Si vous cherchez une solution maniable et efficace, Elevah 40 Move est une plateforme automotrice ultra-compacte qui vous permet d\u2019effectuer vos travaux avec une hauteur de 4 m\u00e8tres. C\u2019est l\u2019une des meilleures nacelles automotrices pour renforcer le niveau de s\u00e9curit\u00e9 tout en optimisant les temps et pour mieux r\u00e9pondre aux besoins des utilisateurs. Sa compacit\u00e9, seulement 71,5 x 100 cm, ce mod\u00e8le de plateforme reste tr\u00e8s pratique et se range facilement dans un espace restreint. Son guidon confortable : vous pourrez l\u2019utiliser sur une longue dur\u00e9e. Le guidon rend la man\u0153uvre plus ais\u00e9e, ce qui favorise le d\u00e9placement d\u2019une zone \u00e0 l\u2019autre en restant toujours dans le panier. Son syst\u00e8me de verrouillage des portes, le panier ne peut s\u2019ouvrir accidentellement. Son guidon est \u00e9quip\u00e9 d\u2019un dispositif de s\u00e9curit\u00e9, pour \u00e9viter une activation involontaire. Son frein de stationnement \u00e9lectronique et automatique. Son syst\u00e8me de contr\u00f4le int\u00e9gr\u00e9 et un signal lumineux de mouvement pour une utilisation optimale.<\/p>\n<table style=\"border-collapse: collapse; width: 100%;\">\n<tbody>\n<tr>\n<td style=\"width: 50%;\">HAUTEUR MAXIMUM DE TRAVAIL<\/td>\n<td style=\"width: 50%;\">4 M<\/td>\n<\/tr>\n<tr>\n<td style=\"width: 50%;\">DIMENSIONS <\/td>\n<td style=\"width: 50%;\">71,5 X 100 CM H : 173 CM<\/td>\n<\/tr>\n<tr>\n<td style=\"width: 50%;\">CAPACIT\u00c9 MAXIMALE <\/td>\n<td style=\"width: 50%;\">200 KG<\/td>\n<\/tr>\n<tr>\n<td style=\"width: 50%;\">POIDS DE LA MACHINE<\/td>\n<td style=\"width: 50%;\">280 KG<\/td>\n<\/tr>\n<\/tbody>\n<\/table>","protected":false},"excerpt":{"rendered":"<p>Si vous cherchez une solution maniable et efficace, Elevah 40 Move est une plateforme automotrice ultra-compacte qui vous permet d\u2019effectuer vos travaux avec une hauteur de 4 m\u00e8tres. C\u2019est l\u2019une des meilleures nacelles automotrices pour renforcer le niveau de s\u00e9curit\u00e9 tout en optimisant les temps et pour mieux r\u00e9pondre aux besoins des utilisateurs. Sa compacit\u00e9,&#8230;<\/p>","protected":false},"featured_media":1755,"comment_status":"open","ping_status":"closed","template":"","meta":{"_acf_changed":false,"_bst_post_transparent":"default","_bst_post_title":"","_bst_post_layout":"default","_bst_post_sidebar_id":"","_bst_post_content_style":"default","_bst_post_vertical_padding":"default","_bst_post_feature":"","_bst_post_feature_position":"","_bst_post_header":false,"_bst_post_footer":false},"pwb-brand":[506],"product_brand":[],"product_cat":[],"product_tag":[],"product_brands":[],"class_list":{"0":"post-2954","1":"product","2":"type-product","3":"status-publish","4":"has-post-thumbnail","6":"pwb-brand-elevah","8":"first","9":"instock","10":"shipping-taxable","11":"purchasable","12":"product-type-simple","13":"entry","14":"content-bg","15":"loop-entry"},"acf":[],"brands":[{"id":506,"name":"ELEVAH","slug":"elevah"}],"_links":{"self":[{"href":"https:\/\/monechelle.ma\/ar\/wp-json\/wp\/v2\/product\/2954","targetHints":{"allow":["GET"]}}],"collection":[{"href":"https:\/\/monechelle.ma\/ar\/wp-json\/wp\/v2\/product"}],"about":[{"href":"https:\/\/monechelle.ma\/ar\/wp-json\/wp\/v2\/types\/product"}],"replies":[{"embeddable":true,"href":"https:\/\/monechelle.ma\/ar\/wp-json\/wp\/v2\/comments?post=2954"}],"version-history":[{"count":2,"href":"https:\/\/monechelle.ma\/ar\/wp-json\/wp\/v2\/product\/2954\/revisions"}],"predecessor-version":[{"id":8386,"href":"https:\/\/monechelle.ma\/ar\/wp-json\/wp\/v2\/product\/2954\/revisions\/8386"}],"wp:featuredmedia":[{"embeddable":true,"href":"https:\/\/monechelle.ma\/ar\/wp-json\/wp\/v2\/media\/1755"}],"wp:attachment":[{"href":"https:\/\/monechelle.ma\/ar\/wp-json\/wp\/v2\/media?parent=2954"}],"wp:term":[{"taxonomy":"pwb-brand","embeddable":true,"href":"https:\/\/monechelle.ma\/ar\/wp-json\/wp\/v2\/pwb-brand?post=2954"},{"taxonomy":"product_brand","embeddable":true,"href":"https:\/\/monechelle.ma\/ar\/wp-json\/wp\/v2\/product_brand?post=2954"},{"taxonomy":"product_cat","embeddable":true,"href":"https:\/\/monechelle.ma\/ar\/wp-json\/wp\/v2\/product_cat?post=2954"},{"taxonomy":"product_tag","embeddable":true,"href":"https:\/\/monechelle.ma\/ar\/wp-json\/wp\/v2\/product_tag?post=2954"},{"taxonomy":"product_brands","embeddable":true,"href":"https:\/\/monechelle.ma\/ar\/wp-json\/wp\/v2\/product_brands?post=2954"}],"curies":[{"name":"wp","href":"https:\/\/api.w.org\/{rel}","templated":true}]}}