{"id":2955,"date":"2024-11-28T12:59:07","date_gmt":"2024-11-28T11:59:07","guid":{"rendered":"https:\/\/monechelle.ma\/?post_type=product&#038;p=2955"},"modified":"2025-12-12T16:57:57","modified_gmt":"2025-12-12T15:57:57","slug":"elevah-80-move-picking","status":"publish","type":"product","link":"https:\/\/monechelle.ma\/ar\/product\/elevah-80-move-picking\/","title":{"rendered":"ELEVAH 80 Move Picking"},"content":{"rendered":"<table style=\"border-collapse: collapse; width: 100%;\">\n<tbody>\n<tr>\n<td style=\"width: 50%;\">HAUTEUR MAXIMUM DE TRAVAIL<\/td>\n<td style=\"width: 50%;\">7,78 M<\/td>\n<\/tr>\n<tr>\n<td style=\"width: 50%;\">DIMENSIONS <\/td>\n<td style=\"width: 50%;\">78 X 178 CM H : 198 CM<\/td>\n<\/tr>\n<tr>\n<td style=\"width: 50%;\">CAPACIT\u00c9 MAXIMALE<\/td>\n<td style=\"width: 50%;\">200 KG (OP\u00c9RATEUR + CHARGE)<\/td>\n<\/tr>\n<tr>\n<td style=\"width: 50%;\">POIDS DE LA MACHINE<\/td>\n<td style=\"width: 50%;\">860 KG<\/td>\n<\/tr>\n<\/tbody>\n<\/table>","protected":false},"excerpt":{"rendered":"<p>Pr\u00e9parateur des commandes. Hauteur maximale de travail 7,78 m et plateau picking avec 100 kg de charge maximale. Elevah 80 Move Picking est une solution d\u00e9di\u00e9e aux op\u00e9rations de pr\u00e9l\u00e8vement, de stockage, d&rsquo;organisation sur les \u00e9tag\u00e8res et de r\u00e9approvisionnement dans les entrep\u00f4ts et dans le domaine de la logistique. Cette plateforme \u00e9l\u00e9vatrice offre une capacit\u00e9 de travail jusqu&rsquo;\u00e0 une hauteur maximale de 7,78 m\u00e8tres et permet de pr\u00e9lever des charges allant jusqu&rsquo;\u00e0 100 kg. Elevah 80 Move Picking rend le travail plus s\u00e9curis\u00e9, plus rapide et plus facile. Sa compacit\u00e9, seulement 78 x 128 cm. Son panier picking r\u00e9glable en hauteur \u00e9lectriquement : il permet ainsi d\u2019effectuer des op\u00e9rations de chargement et de d\u00e9chargement de mani\u00e8re ergonomique, en r\u00e9duisant au maximum les efforts. Son rayon de braquage nul permet \u00e0 l\u2019op\u00e9rateur de travailler de mani\u00e8re rapide et confortable aussi dans les surfaces plus \u00e9troites et de conduire facilement avec peu de marge de man\u0153uvre. Son panier picking refermable permet de r\u00e9duire au minimum l\u2019encombrement. Sa double entr\u00e9e lat\u00e9rale pour un acc\u00e8s pratique et s\u00fbr.<br \/>\nSa manette de commande pour une conduite avec une seule main. Confortable et ergonomique : la position du plan \u00e9vite \u00e0 l&rsquo;op\u00e9rateur de subir des efforts excessifs.<\/p>","protected":false},"featured_media":1768,"comment_status":"closed","ping_status":"closed","template":"","meta":{"_acf_changed":false,"_bst_post_transparent":"","_bst_post_title":"","_bst_post_layout":"","_bst_post_sidebar_id":"","_bst_post_content_style":"","_bst_post_vertical_padding":"","_bst_post_feature":"","_bst_post_feature_position":"","_bst_post_header":false,"_bst_post_footer":false},"pwb-brand":[506],"product_brand":[],"product_cat":[],"product_tag":[],"product_brands":[],"class_list":{"0":"post-2955","1":"product","2":"type-product","3":"status-publish","4":"has-post-thumbnail","6":"pwb-brand-elevah","8":"first","9":"instock","10":"shipping-taxable","11":"purchasable","12":"product-type-simple","13":"entry","14":"content-bg","15":"loop-entry"},"acf":[],"brands":[{"id":506,"name":"ELEVAH","slug":"elevah"}],"_links":{"self":[{"href":"https:\/\/monechelle.ma\/ar\/wp-json\/wp\/v2\/product\/2955","targetHints":{"allow":["GET"]}}],"collection":[{"href":"https:\/\/monechelle.ma\/ar\/wp-json\/wp\/v2\/product"}],"about":[{"href":"https:\/\/monechelle.ma\/ar\/wp-json\/wp\/v2\/types\/product"}],"replies":[{"embeddable":true,"href":"https:\/\/monechelle.ma\/ar\/wp-json\/wp\/v2\/comments?post=2955"}],"version-history":[{"count":1,"href":"https:\/\/monechelle.ma\/ar\/wp-json\/wp\/v2\/product\/2955\/revisions"}],"predecessor-version":[{"id":5785,"href":"https:\/\/monechelle.ma\/ar\/wp-json\/wp\/v2\/product\/2955\/revisions\/5785"}],"wp:featuredmedia":[{"embeddable":true,"href":"https:\/\/monechelle.ma\/ar\/wp-json\/wp\/v2\/media\/1768"}],"wp:attachment":[{"href":"https:\/\/monechelle.ma\/ar\/wp-json\/wp\/v2\/media?parent=2955"}],"wp:term":[{"taxonomy":"pwb-brand","embeddable":true,"href":"https:\/\/monechelle.ma\/ar\/wp-json\/wp\/v2\/pwb-brand?post=2955"},{"taxonomy":"product_brand","embeddable":true,"href":"https:\/\/monechelle.ma\/ar\/wp-json\/wp\/v2\/product_brand?post=2955"},{"taxonomy":"product_cat","embeddable":true,"href":"https:\/\/monechelle.ma\/ar\/wp-json\/wp\/v2\/product_cat?post=2955"},{"taxonomy":"product_tag","embeddable":true,"href":"https:\/\/monechelle.ma\/ar\/wp-json\/wp\/v2\/product_tag?post=2955"},{"taxonomy":"product_brands","embeddable":true,"href":"https:\/\/monechelle.ma\/ar\/wp-json\/wp\/v2\/product_brands?post=2955"}],"curies":[{"name":"wp","href":"https:\/\/api.w.org\/{rel}","templated":true}]}}