{"id":2956,"date":"2024-11-28T12:59:08","date_gmt":"2024-11-28T11:59:08","guid":{"rendered":"https:\/\/monechelle.ma\/?post_type=product&#038;p=2956"},"modified":"2025-12-12T16:57:57","modified_gmt":"2025-12-12T15:57:57","slug":"elevah-75-tires","status":"publish","type":"product","link":"https:\/\/monechelle.ma\/ar\/product\/elevah-75-tires\/","title":{"rendered":"ELEVAH 75 Tires"},"content":{"rendered":"<p>Un chariot \u00e9l\u00e9vateur sp\u00e9cial avec un double outil pour soulever du sol et stocker un jeu complet de pneus. Vous pouvez ranger un jeu complet de pneus jusqu&rsquo;\u00e0 un poids maximum de 150 kg. Elevah 75 Tires est le pr\u00e9parateur de commandes sp\u00e9cialement con\u00e7u pour le secteur pneumatique. La nacelle peut atteindre une hauteur maximale de 6,30 m, alors que la hauteur maximale de travail de la machine est de 7,60 m. Cette nacelle picking offre la possibilit\u00e9 de soulever un set complet de pneus jusqu\u2019\u00e0 un maximum de 150 kg. Du temps gagn\u00e9 et des efforts r\u00e9duits au minimum pour une efficacit\u00e9 maximale. La nacelle permet de soulever les pneus directement depuis le sol et de r\u00e9gler la longueur du parcours afin de rapprocher ou d\u2019\u00e9loigner les pneus de l\u2019op\u00e9rateur. Son engin peut \u00eatre inclin\u00e9 horizontalement, permettant ainsi de faire rouler les pneus directement sur leur support, en limitant ainsi au minimum l\u2019effort physique.<br \/>\nSon syst\u00e8me d&rsquo;inclinaison permet de placer les pneus \u00e0 l&rsquo;horizontale et de les ranger sans effort en les faisant rouler sur le rayonnage (accessoire 75ti.2reg). Ses rouleaux lat\u00e9raux r\u00e9glables en hauteur et en largeur permettent d\u2019effectuer les op\u00e9rations de stockage plus rapidement. Sa compacit\u00e9, large seulement de 78 cm, permet \u00e0 l\u2019op\u00e9rateur de travailler de mani\u00e8re rapide et confortable aussi dans les surfaces plus \u00e9troites et de conduire facilement avec peu de marge de man\u0153uvre. Sa manette de commande pour une conduite avec une seule main.<br \/>\nLa nacelle est autopropuls\u00e9e en hauteur, facile et pratique \u00e0 d\u00e9placer.<\/p>\n<table style=\"border-collapse: collapse; width: 100%;\">\n<tbody>\n<tr>\n<td style=\"width: 50%;\">HAUTEUR MAX. DE TRAVAIL<\/td>\n<td style=\"width: 50%;\">7,60 M<\/td>\n<\/tr>\n<tr>\n<td style=\"width: 50%;\">DIMENSIONS <\/td>\n<td style=\"width: 50%;\">78 X 208 CM H : 196 CM<\/td>\n<\/tr>\n<tr>\n<td style=\"width: 50%;\">CAPACIT\u00c9 MAXIMALE<\/td>\n<td style=\"width: 50%;\">250 KG<\/td>\n<\/tr>\n<tr>\n<td style=\"width: 50%;\">POIDS DE LA MACHINE <\/td>\n<td style=\"width: 50%;\">1270 KG<\/td>\n<\/tr>\n<\/tbody>\n<\/table>","protected":false},"excerpt":{"rendered":"<p>Un chariot \u00e9l\u00e9vateur sp\u00e9cial avec un double outil pour soulever du sol et stocker un jeu complet de pneus. Vous pouvez ranger un jeu complet de pneus jusqu&rsquo;\u00e0 un poids maximum de 150 kg. Elevah 75 Tires est le pr\u00e9parateur de commandes sp\u00e9cialement con\u00e7u pour le secteur pneumatique. La nacelle peut atteindre une hauteur maximale&#8230;<\/p>","protected":false},"featured_media":1774,"comment_status":"open","ping_status":"closed","template":"","meta":{"_acf_changed":false,"_bst_post_transparent":"default","_bst_post_title":"","_bst_post_layout":"default","_bst_post_sidebar_id":"","_bst_post_content_style":"default","_bst_post_vertical_padding":"default","_bst_post_feature":"","_bst_post_feature_position":"","_bst_post_header":false,"_bst_post_footer":false},"pwb-brand":[506],"product_brand":[],"product_cat":[],"product_tag":[],"product_brands":[],"class_list":{"0":"post-2956","1":"product","2":"type-product","3":"status-publish","4":"has-post-thumbnail","6":"pwb-brand-elevah","8":"first","9":"instock","10":"shipping-taxable","11":"purchasable","12":"product-type-simple","13":"entry","14":"content-bg","15":"loop-entry"},"acf":[],"brands":[{"id":506,"name":"ELEVAH","slug":"elevah"}],"_links":{"self":[{"href":"https:\/\/monechelle.ma\/ar\/wp-json\/wp\/v2\/product\/2956","targetHints":{"allow":["GET"]}}],"collection":[{"href":"https:\/\/monechelle.ma\/ar\/wp-json\/wp\/v2\/product"}],"about":[{"href":"https:\/\/monechelle.ma\/ar\/wp-json\/wp\/v2\/types\/product"}],"replies":[{"embeddable":true,"href":"https:\/\/monechelle.ma\/ar\/wp-json\/wp\/v2\/comments?post=2956"}],"version-history":[{"count":2,"href":"https:\/\/monechelle.ma\/ar\/wp-json\/wp\/v2\/product\/2956\/revisions"}],"predecessor-version":[{"id":8383,"href":"https:\/\/monechelle.ma\/ar\/wp-json\/wp\/v2\/product\/2956\/revisions\/8383"}],"wp:featuredmedia":[{"embeddable":true,"href":"https:\/\/monechelle.ma\/ar\/wp-json\/wp\/v2\/media\/1774"}],"wp:attachment":[{"href":"https:\/\/monechelle.ma\/ar\/wp-json\/wp\/v2\/media?parent=2956"}],"wp:term":[{"taxonomy":"pwb-brand","embeddable":true,"href":"https:\/\/monechelle.ma\/ar\/wp-json\/wp\/v2\/pwb-brand?post=2956"},{"taxonomy":"product_brand","embeddable":true,"href":"https:\/\/monechelle.ma\/ar\/wp-json\/wp\/v2\/product_brand?post=2956"},{"taxonomy":"product_cat","embeddable":true,"href":"https:\/\/monechelle.ma\/ar\/wp-json\/wp\/v2\/product_cat?post=2956"},{"taxonomy":"product_tag","embeddable":true,"href":"https:\/\/monechelle.ma\/ar\/wp-json\/wp\/v2\/product_tag?post=2956"},{"taxonomy":"product_brands","embeddable":true,"href":"https:\/\/monechelle.ma\/ar\/wp-json\/wp\/v2\/product_brands?post=2956"}],"curies":[{"name":"wp","href":"https:\/\/api.w.org\/{rel}","templated":true}]}}