{"id":2959,"date":"2024-11-28T12:59:09","date_gmt":"2024-11-28T11:59:09","guid":{"rendered":"https:\/\/monechelle.ma\/?post_type=product&#038;p=2959"},"modified":"2025-12-12T16:57:57","modified_gmt":"2025-12-12T15:57:57","slug":"elevah-e6-tires","status":"publish","type":"product","link":"https:\/\/monechelle.ma\/ar\/product\/elevah-e6-tires\/","title":{"rendered":"ELEVAH E6 Tires"},"content":{"rendered":"<p>Cette Nacelle \u00e0 \u00e9t\u00e9 sp\u00e9cialement con\u00e7ue pour le secteur des pneumatiques, vous permettant de pr\u00e9lever, soulever et stocker efficacement des pneus. Elle est une solution pour simplifier les op\u00e9rations li\u00e9es aux pneus et optimiser la productivit\u00e9. Sa compacit\u00e9 la rend parfaite pour les espaces restreints et les environnements de travail o\u00f9 l&rsquo;efficacit\u00e9 et l&rsquo;optimisation de l&rsquo;espace sont essentielles. \u00ab\u00a0Elevah 6 Tires\u00a0\u00bb est la machine id\u00e9ale pour le secteur des pneumatiques, offrant une solution compl\u00e8te pour pr\u00e9lever, soulever et stocker efficacement des pneus.<\/p>\n<table style=\"border-collapse: collapse; width: 100%;\">\n<tbody>\n<tr>\n<td style=\"width: 50%;\">HAUTEUR DE TRAVAIL MAXIMUM<\/td>\n<td style=\"width: 50%;\">6 M<\/td>\n<\/tr>\n<tr>\n<td style=\"width: 50%;\">DIMENSIONS <\/td>\n<td style=\"width: 50%;\">78 X 186 CM H : 197 CM<\/td>\n<\/tr>\n<tr>\n<td style=\"width: 50%;\">CAPACIT\u00c9 MAXIMUM<\/td>\n<td style=\"width: 50%;\">220 KG (OP\u00c9RATEUR + CHARGE)<\/td>\n<\/tr>\n<tr>\n<td style=\"width: 50%;\">POIDS DE LA MACHINE<\/td>\n<td style=\"width: 50%;\">880 KG<\/td>\n<\/tr>\n<\/tbody>\n<\/table>","protected":false},"excerpt":{"rendered":"<p>Cette Nacelle \u00e0 \u00e9t\u00e9 sp\u00e9cialement con\u00e7ue pour le secteur des pneumatiques, vous permettant de pr\u00e9lever, soulever et stocker efficacement des pneus. Elle est une solution pour simplifier les op\u00e9rations li\u00e9es aux pneus et optimiser la productivit\u00e9. Sa compacit\u00e9 la rend parfaite pour les espaces restreints et les environnements de travail o\u00f9 l&rsquo;efficacit\u00e9 et l&rsquo;optimisation de&#8230;<\/p>","protected":false},"featured_media":1798,"comment_status":"open","ping_status":"closed","template":"","meta":{"_acf_changed":false,"_bst_post_transparent":"default","_bst_post_title":"","_bst_post_layout":"default","_bst_post_sidebar_id":"","_bst_post_content_style":"default","_bst_post_vertical_padding":"default","_bst_post_feature":"","_bst_post_feature_position":"","_bst_post_header":false,"_bst_post_footer":false},"pwb-brand":[506],"product_brand":[],"product_cat":[],"product_tag":[],"product_brands":[],"class_list":{"0":"post-2959","1":"product","2":"type-product","3":"status-publish","4":"has-post-thumbnail","6":"pwb-brand-elevah","8":"first","9":"instock","10":"shipping-taxable","11":"purchasable","12":"product-type-simple","13":"entry","14":"content-bg","15":"loop-entry"},"acf":[],"brands":[{"id":506,"name":"ELEVAH","slug":"elevah"}],"_links":{"self":[{"href":"https:\/\/monechelle.ma\/ar\/wp-json\/wp\/v2\/product\/2959","targetHints":{"allow":["GET"]}}],"collection":[{"href":"https:\/\/monechelle.ma\/ar\/wp-json\/wp\/v2\/product"}],"about":[{"href":"https:\/\/monechelle.ma\/ar\/wp-json\/wp\/v2\/types\/product"}],"replies":[{"embeddable":true,"href":"https:\/\/monechelle.ma\/ar\/wp-json\/wp\/v2\/comments?post=2959"}],"version-history":[{"count":2,"href":"https:\/\/monechelle.ma\/ar\/wp-json\/wp\/v2\/product\/2959\/revisions"}],"predecessor-version":[{"id":8381,"href":"https:\/\/monechelle.ma\/ar\/wp-json\/wp\/v2\/product\/2959\/revisions\/8381"}],"wp:featuredmedia":[{"embeddable":true,"href":"https:\/\/monechelle.ma\/ar\/wp-json\/wp\/v2\/media\/1798"}],"wp:attachment":[{"href":"https:\/\/monechelle.ma\/ar\/wp-json\/wp\/v2\/media?parent=2959"}],"wp:term":[{"taxonomy":"pwb-brand","embeddable":true,"href":"https:\/\/monechelle.ma\/ar\/wp-json\/wp\/v2\/pwb-brand?post=2959"},{"taxonomy":"product_brand","embeddable":true,"href":"https:\/\/monechelle.ma\/ar\/wp-json\/wp\/v2\/product_brand?post=2959"},{"taxonomy":"product_cat","embeddable":true,"href":"https:\/\/monechelle.ma\/ar\/wp-json\/wp\/v2\/product_cat?post=2959"},{"taxonomy":"product_tag","embeddable":true,"href":"https:\/\/monechelle.ma\/ar\/wp-json\/wp\/v2\/product_tag?post=2959"},{"taxonomy":"product_brands","embeddable":true,"href":"https:\/\/monechelle.ma\/ar\/wp-json\/wp\/v2\/product_brands?post=2959"}],"curies":[{"name":"wp","href":"https:\/\/api.w.org\/{rel}","templated":true}]}}