{"id":2960,"date":"2024-11-28T12:59:09","date_gmt":"2024-11-28T11:59:09","guid":{"rendered":"https:\/\/monechelle.ma\/?post_type=product&#038;p=2960"},"modified":"2025-12-12T16:57:57","modified_gmt":"2025-12-12T15:57:57","slug":"elevah-e6-move-t-fl","status":"publish","type":"product","link":"https:\/\/monechelle.ma\/ar\/product\/elevah-e6-move-t-fl\/","title":{"rendered":"ELEVAH E6 Move T.FL"},"content":{"rendered":"<p>Elevah E6 T.FL est la solution id\u00e9ale pour vos besoins en mati\u00e8re de pr\u00e9paration de commandes, de stockage, d&rsquo;organisation et de r\u00e9approvisionnement dans le secteur de la logistique. Cette machine est con\u00e7ue pour garantir une efficacit\u00e9 maximale et la s\u00e9curit\u00e9, vous permettant de travailler \u00e0 des hauteurs allant jusqu&rsquo;\u00e0 6 m\u00e8tres tout en optimisant le temps de travail et en r\u00e9duisant au minimum les efforts.<\/p>\n<table style=\"border-collapse: collapse; width: 100%;\">\n<tbody>\n<tr>\n<td style=\"width: 50%;\">HAUTEUR MAXIMUM DE TRAVAIL<\/td>\n<td style=\"width: 50%;\">6 M<\/td>\n<\/tr>\n<tr>\n<td style=\"width: 50%;\">DIMENSIONS <\/td>\n<td style=\"width: 50%;\">78 X 196 CM H:197 CM<\/td>\n<\/tr>\n<tr>\n<td style=\"width: 50%;\">CAPACIT\u00c9 MAXIMALE<\/td>\n<td style=\"width: 50%;\">220 KG (OP\u00c9RATEUR + CHARGE)<\/td>\n<\/tr>\n<tr>\n<td style=\"width: 50%;\">POIDS DE LA MACHINE<\/td>\n<td style=\"width: 50%;\">900 KG<\/td>\n<\/tr>\n<\/tbody>\n<\/table>","protected":false},"excerpt":{"rendered":"<p>Elevah E6 T.FL est la solution id\u00e9ale pour vos besoins en mati\u00e8re de pr\u00e9paration de commandes, de stockage, d&rsquo;organisation et de r\u00e9approvisionnement dans le secteur de la logistique. Cette machine est con\u00e7ue pour garantir une efficacit\u00e9 maximale et la s\u00e9curit\u00e9, vous permettant de travailler \u00e0 des hauteurs allant jusqu&rsquo;\u00e0 6 m\u00e8tres tout en optimisant le&#8230;<\/p>","protected":false},"featured_media":1802,"comment_status":"open","ping_status":"closed","template":"","meta":{"_acf_changed":false,"_bst_post_transparent":"default","_bst_post_title":"","_bst_post_layout":"default","_bst_post_sidebar_id":"","_bst_post_content_style":"default","_bst_post_vertical_padding":"default","_bst_post_feature":"","_bst_post_feature_position":"","_bst_post_header":false,"_bst_post_footer":false},"pwb-brand":[506],"product_brand":[],"product_cat":[],"product_tag":[],"product_brands":[],"class_list":{"0":"post-2960","1":"product","2":"type-product","3":"status-publish","4":"has-post-thumbnail","6":"pwb-brand-elevah","8":"first","9":"instock","10":"shipping-taxable","11":"purchasable","12":"product-type-simple","13":"entry","14":"content-bg","15":"loop-entry"},"acf":[],"brands":[{"id":506,"name":"ELEVAH","slug":"elevah"}],"_links":{"self":[{"href":"https:\/\/monechelle.ma\/ar\/wp-json\/wp\/v2\/product\/2960","targetHints":{"allow":["GET"]}}],"collection":[{"href":"https:\/\/monechelle.ma\/ar\/wp-json\/wp\/v2\/product"}],"about":[{"href":"https:\/\/monechelle.ma\/ar\/wp-json\/wp\/v2\/types\/product"}],"replies":[{"embeddable":true,"href":"https:\/\/monechelle.ma\/ar\/wp-json\/wp\/v2\/comments?post=2960"}],"version-history":[{"count":2,"href":"https:\/\/monechelle.ma\/ar\/wp-json\/wp\/v2\/product\/2960\/revisions"}],"predecessor-version":[{"id":8382,"href":"https:\/\/monechelle.ma\/ar\/wp-json\/wp\/v2\/product\/2960\/revisions\/8382"}],"wp:featuredmedia":[{"embeddable":true,"href":"https:\/\/monechelle.ma\/ar\/wp-json\/wp\/v2\/media\/1802"}],"wp:attachment":[{"href":"https:\/\/monechelle.ma\/ar\/wp-json\/wp\/v2\/media?parent=2960"}],"wp:term":[{"taxonomy":"pwb-brand","embeddable":true,"href":"https:\/\/monechelle.ma\/ar\/wp-json\/wp\/v2\/pwb-brand?post=2960"},{"taxonomy":"product_brand","embeddable":true,"href":"https:\/\/monechelle.ma\/ar\/wp-json\/wp\/v2\/product_brand?post=2960"},{"taxonomy":"product_cat","embeddable":true,"href":"https:\/\/monechelle.ma\/ar\/wp-json\/wp\/v2\/product_cat?post=2960"},{"taxonomy":"product_tag","embeddable":true,"href":"https:\/\/monechelle.ma\/ar\/wp-json\/wp\/v2\/product_tag?post=2960"},{"taxonomy":"product_brands","embeddable":true,"href":"https:\/\/monechelle.ma\/ar\/wp-json\/wp\/v2\/product_brands?post=2960"}],"curies":[{"name":"wp","href":"https:\/\/api.w.org\/{rel}","templated":true}]}}