{"id":2961,"date":"2024-11-28T12:59:10","date_gmt":"2024-11-28T11:59:10","guid":{"rendered":"https:\/\/monechelle.ma\/?post_type=product&#038;p=2961"},"modified":"2025-12-12T16:57:57","modified_gmt":"2025-12-12T15:57:57","slug":"elevah-e5-move-picking","status":"publish","type":"product","link":"https:\/\/monechelle.ma\/ar\/product\/elevah-e5-move-picking\/","title":{"rendered":"ELEVAH E5 Move Picking"},"content":{"rendered":"<p>Notre nacelle est une solution parfaite pour les activit\u00e9s de picking et\/ou stockage de composants de petite taille ou individuels. Elle est id\u00e9ale pour l&rsquo;organisation et le stockage des rayonnages et des entrep\u00f4ts de jardineries, cha\u00eenes, supermarch\u00e9s, magasins. Elevah 5 Move Picking apporte une aide pr\u00e9cieuse \u00e0 toutes les op\u00e9rations de pr\u00e9l\u00e8vement des marchandises. Le panier picking a une port\u00e9e maximale de chargement de 100 kg et il est r\u00e9glable \u00e9lectriquement, ce qui permet de garder toujours une position ergonomique et d\u2019\u00e9viter des efforts physiques.<\/p>\n<table style=\"border-collapse: collapse; width: 100%;\">\n<tbody>\n<tr>\n<td style=\"width: 50%;\">HAUTEUR MAXIMUM DE TRAVAIL<\/td>\n<td style=\"width: 50%;\">5,15 M<\/td>\n<\/tr>\n<tr>\n<td style=\"width: 50%;\">DIMENSIONS<\/td>\n<td style=\"width: 50%;\">70 X 115 CM H :169 CM<\/td>\n<\/tr>\n<tr>\n<td style=\"width: 50%;\">CAPACIT\u00c9 MAXIMALE<\/td>\n<td style=\"width: 50%;\">200 KG (OP\u00c9RATEUR + CHARGE)<\/td>\n<\/tr>\n<tr>\n<td style=\"width: 50%;\">POIDS DE LA MACHINE<\/td>\n<td style=\"width: 50%;\">640 KG<\/td>\n<\/tr>\n<\/tbody>\n<\/table>","protected":false},"excerpt":{"rendered":"<p>Notre nacelle est une solution parfaite pour les activit\u00e9s de picking et\/ou stockage de composants de petite taille ou individuels. Elle est id\u00e9ale pour l&rsquo;organisation et le stockage des rayonnages et des entrep\u00f4ts de jardineries, cha\u00eenes, supermarch\u00e9s, magasins. Elevah 5 Move Picking apporte une aide pr\u00e9cieuse \u00e0 toutes les op\u00e9rations de pr\u00e9l\u00e8vement des marchandises. Le&#8230;<\/p>","protected":false},"featured_media":1804,"comment_status":"open","ping_status":"closed","template":"","meta":{"_acf_changed":false,"_bst_post_transparent":"default","_bst_post_title":"","_bst_post_layout":"default","_bst_post_sidebar_id":"","_bst_post_content_style":"default","_bst_post_vertical_padding":"default","_bst_post_feature":"","_bst_post_feature_position":"","_bst_post_header":false,"_bst_post_footer":false},"pwb-brand":[506],"product_brand":[],"product_cat":[],"product_tag":[],"product_brands":[],"class_list":{"0":"post-2961","1":"product","2":"type-product","3":"status-publish","4":"has-post-thumbnail","6":"pwb-brand-elevah","8":"first","9":"instock","10":"shipping-taxable","11":"purchasable","12":"product-type-simple","13":"entry","14":"content-bg","15":"loop-entry"},"acf":[],"brands":[{"id":506,"name":"ELEVAH","slug":"elevah"}],"_links":{"self":[{"href":"https:\/\/monechelle.ma\/ar\/wp-json\/wp\/v2\/product\/2961","targetHints":{"allow":["GET"]}}],"collection":[{"href":"https:\/\/monechelle.ma\/ar\/wp-json\/wp\/v2\/product"}],"about":[{"href":"https:\/\/monechelle.ma\/ar\/wp-json\/wp\/v2\/types\/product"}],"replies":[{"embeddable":true,"href":"https:\/\/monechelle.ma\/ar\/wp-json\/wp\/v2\/comments?post=2961"}],"version-history":[{"count":2,"href":"https:\/\/monechelle.ma\/ar\/wp-json\/wp\/v2\/product\/2961\/revisions"}],"predecessor-version":[{"id":8379,"href":"https:\/\/monechelle.ma\/ar\/wp-json\/wp\/v2\/product\/2961\/revisions\/8379"}],"wp:featuredmedia":[{"embeddable":true,"href":"https:\/\/monechelle.ma\/ar\/wp-json\/wp\/v2\/media\/1804"}],"wp:attachment":[{"href":"https:\/\/monechelle.ma\/ar\/wp-json\/wp\/v2\/media?parent=2961"}],"wp:term":[{"taxonomy":"pwb-brand","embeddable":true,"href":"https:\/\/monechelle.ma\/ar\/wp-json\/wp\/v2\/pwb-brand?post=2961"},{"taxonomy":"product_brand","embeddable":true,"href":"https:\/\/monechelle.ma\/ar\/wp-json\/wp\/v2\/product_brand?post=2961"},{"taxonomy":"product_cat","embeddable":true,"href":"https:\/\/monechelle.ma\/ar\/wp-json\/wp\/v2\/product_cat?post=2961"},{"taxonomy":"product_tag","embeddable":true,"href":"https:\/\/monechelle.ma\/ar\/wp-json\/wp\/v2\/product_tag?post=2961"},{"taxonomy":"product_brands","embeddable":true,"href":"https:\/\/monechelle.ma\/ar\/wp-json\/wp\/v2\/product_brands?post=2961"}],"curies":[{"name":"wp","href":"https:\/\/api.w.org\/{rel}","templated":true}]}}