{"id":2963,"date":"2024-11-28T12:59:11","date_gmt":"2024-11-28T11:59:11","guid":{"rendered":"https:\/\/monechelle.ma\/?post_type=product&#038;p=2963"},"modified":"2025-12-16T11:57:55","modified_gmt":"2025-12-16T10:57:55","slug":"elevah-e5-inox-picking","status":"publish","type":"product","link":"https:\/\/monechelle.ma\/ar\/product\/elevah-e5-inox-picking\/","title":{"rendered":"ELEVAH E5 Inox Picking"},"content":{"rendered":"<p>Elevah E5 Inox Picking est la plateforme picking r\u00e9alis\u00e9e compl\u00e8tement en acier inoxydable qui permet de travailler jusqu\u2019\u00e0 5,15 m. Elle est adapt\u00e9e \u00e0 tous les environnements o\u00f9 l\u2019hygi\u00e8ne et la propret\u00e9 sont des conditions essentielles, comme dans les industries pharmaceutiques et alimentaires.<\/p>\n<table style=\"border-collapse: collapse; width: 100%;\">\n<tbody>\n<tr>\n<td style=\"width: 50%;\">HAUTEUR MAXIMUM DE TRAVAIL<\/td>\n<td style=\"width: 50%;\">5,15 M<\/td>\n<\/tr>\n<tr>\n<td style=\"width: 50%;\">DIMENSIONS <\/td>\n<td style=\"width: 50%;\">70 X 115 CM H :169 CM<\/td>\n<\/tr>\n<tr>\n<td style=\"width: 50%;\">CAPACIT\u00c9 MAXIMALE<\/td>\n<td style=\"width: 50%;\">200 KG (OP\u00c9RATEUR + CHARGE)<\/td>\n<\/tr>\n<tr>\n<td style=\"width: 50%;\">POIDS DE LA MACHINE<\/td>\n<td style=\"width: 50%;\">640 KG (AVEC PLAN \u00c9LECTRIQUE) ; 590 KG (AVEC PLAN AMOVIBLE)<\/td>\n<\/tr>\n<\/tbody>\n<\/table>","protected":false},"excerpt":{"rendered":"<p>Elevah E5 Inox Picking est la plateforme picking r\u00e9alis\u00e9e compl\u00e8tement en acier inoxydable qui permet de travailler jusqu\u2019\u00e0 5,15 m. Elle est adapt\u00e9e \u00e0 tous les environnements o\u00f9 l\u2019hygi\u00e8ne et la propret\u00e9 sont des conditions essentielles, comme dans les industries pharmaceutiques et alimentaires. HAUTEUR MAXIMUM DE TRAVAIL 5,15 M DIMENSIONS 70 X 115 CM H&#8230;<\/p>","protected":false},"featured_media":1821,"comment_status":"open","ping_status":"closed","template":"","meta":{"_acf_changed":false,"_bst_post_transparent":"default","_bst_post_title":"","_bst_post_layout":"default","_bst_post_sidebar_id":"","_bst_post_content_style":"default","_bst_post_vertical_padding":"default","_bst_post_feature":"","_bst_post_feature_position":"","_bst_post_header":false,"_bst_post_footer":false},"pwb-brand":[506],"product_brand":[],"product_cat":[],"product_tag":[],"product_brands":[],"class_list":{"0":"post-2963","1":"product","2":"type-product","3":"status-publish","4":"has-post-thumbnail","6":"pwb-brand-elevah","8":"first","9":"instock","10":"shipping-taxable","11":"purchasable","12":"product-type-simple","13":"entry","14":"content-bg","15":"loop-entry"},"acf":[],"brands":[{"id":506,"name":"ELEVAH","slug":"elevah"}],"_links":{"self":[{"href":"https:\/\/monechelle.ma\/ar\/wp-json\/wp\/v2\/product\/2963","targetHints":{"allow":["GET"]}}],"collection":[{"href":"https:\/\/monechelle.ma\/ar\/wp-json\/wp\/v2\/product"}],"about":[{"href":"https:\/\/monechelle.ma\/ar\/wp-json\/wp\/v2\/types\/product"}],"replies":[{"embeddable":true,"href":"https:\/\/monechelle.ma\/ar\/wp-json\/wp\/v2\/comments?post=2963"}],"version-history":[{"count":2,"href":"https:\/\/monechelle.ma\/ar\/wp-json\/wp\/v2\/product\/2963\/revisions"}],"predecessor-version":[{"id":8377,"href":"https:\/\/monechelle.ma\/ar\/wp-json\/wp\/v2\/product\/2963\/revisions\/8377"}],"wp:featuredmedia":[{"embeddable":true,"href":"https:\/\/monechelle.ma\/ar\/wp-json\/wp\/v2\/media\/1821"}],"wp:attachment":[{"href":"https:\/\/monechelle.ma\/ar\/wp-json\/wp\/v2\/media?parent=2963"}],"wp:term":[{"taxonomy":"pwb-brand","embeddable":true,"href":"https:\/\/monechelle.ma\/ar\/wp-json\/wp\/v2\/pwb-brand?post=2963"},{"taxonomy":"product_brand","embeddable":true,"href":"https:\/\/monechelle.ma\/ar\/wp-json\/wp\/v2\/product_brand?post=2963"},{"taxonomy":"product_cat","embeddable":true,"href":"https:\/\/monechelle.ma\/ar\/wp-json\/wp\/v2\/product_cat?post=2963"},{"taxonomy":"product_tag","embeddable":true,"href":"https:\/\/monechelle.ma\/ar\/wp-json\/wp\/v2\/product_tag?post=2963"},{"taxonomy":"product_brands","embeddable":true,"href":"https:\/\/monechelle.ma\/ar\/wp-json\/wp\/v2\/product_brands?post=2963"}],"curies":[{"name":"wp","href":"https:\/\/api.w.org\/{rel}","templated":true}]}}