{"id":2964,"date":"2024-11-28T12:59:11","date_gmt":"2024-11-28T11:59:11","guid":{"rendered":"https:\/\/monechelle.ma\/?post_type=product&#038;p=2964"},"modified":"2025-12-12T16:57:56","modified_gmt":"2025-12-12T15:57:56","slug":"elevah-e5-move-t-fl","status":"publish","type":"product","link":"https:\/\/monechelle.ma\/ar\/product\/elevah-e5-move-t-fl\/","title":{"rendered":"ELEVAH E5 Move T.FL"},"content":{"rendered":"<p>La nacelle sp\u00e9ciale est \u00e9tudi\u00e9e pour charger jusqu\u2019\u00e0 120 kg directement depuis le sol. Le plateau picking est r\u00e9glable \u00e9lectriquement afin de pouvoir approcher ou \u00e9loigner la marchandise et permettre \u00e0 l\u2019op\u00e9rateur de conserver toujours une position ergonomique. Son panier picking est \u00e9quip\u00e9 de rouleaux de coulissement pratiques afin de faciliter les op\u00e9rations de stockage.<br \/>\nSes dimensions r\u00e9duites (seulement 70 cm de largeur) rendent cette machine extr\u00eamement pratique et facile \u00e0 ranger. La machine est \u00e9quip\u00e9e de roues de roulement Son rayon de braquage \u00e9gal \u00e0 z\u00e9ro permet \u00e0 l\u2019op\u00e9rateur de travailler de mani\u00e8re rapide et confortable aussi dans les surfaces plus \u00e9troites et de conduire facilement avec peu de marge de man\u0153uvre. Sa manette de commande pour une conduite avec une seule main.<\/p>\n<table style=\"border-collapse: collapse; width: 100%;\">\n<tbody>\n<tr>\n<td style=\"width: 50%;\">HAUTEUR MAXIMUM DE TRAVAIL <\/td>\n<td style=\"width: 50%;\">5,15 M<\/td>\n<\/tr>\n<tr>\n<td style=\"width: 50%;\">DIMENSIONS <\/td>\n<td style=\"width: 50%;\">70 X 189 CM H :169 CM<\/td>\n<\/tr>\n<tr>\n<td style=\"width: 50%;\">CAPACIT\u00c9 MAXIMALE<\/td>\n<td style=\"width: 50%;\">220 KG (OP\u00c9RATEUR + CHARGE)<\/td>\n<\/tr>\n<tr>\n<td style=\"width: 50%;\">POIDS DE LA MACHINE<\/td>\n<td style=\"width: 50%;\">820 KG<\/td>\n<\/tr>\n<\/tbody>\n<\/table>","protected":false},"excerpt":{"rendered":"<p>La nacelle sp\u00e9ciale est \u00e9tudi\u00e9e pour charger jusqu\u2019\u00e0 120 kg directement depuis le sol. Le plateau picking est r\u00e9glable \u00e9lectriquement afin de pouvoir approcher ou \u00e9loigner la marchandise et permettre \u00e0 l\u2019op\u00e9rateur de conserver toujours une position ergonomique. Son panier picking est \u00e9quip\u00e9 de rouleaux de coulissement pratiques afin de faciliter les op\u00e9rations de stockage&#8230;.<\/p>","protected":false},"featured_media":1827,"comment_status":"open","ping_status":"closed","template":"","meta":{"_acf_changed":false,"_bst_post_transparent":"default","_bst_post_title":"","_bst_post_layout":"default","_bst_post_sidebar_id":"","_bst_post_content_style":"default","_bst_post_vertical_padding":"default","_bst_post_feature":"","_bst_post_feature_position":"","_bst_post_header":false,"_bst_post_footer":false},"pwb-brand":[506],"product_brand":[],"product_cat":[],"product_tag":[],"product_brands":[],"class_list":{"0":"post-2964","1":"product","2":"type-product","3":"status-publish","4":"has-post-thumbnail","6":"pwb-brand-elevah","8":"first","9":"instock","10":"shipping-taxable","11":"purchasable","12":"product-type-simple","13":"entry","14":"content-bg","15":"loop-entry"},"acf":[],"brands":[{"id":506,"name":"ELEVAH","slug":"elevah"}],"_links":{"self":[{"href":"https:\/\/monechelle.ma\/ar\/wp-json\/wp\/v2\/product\/2964","targetHints":{"allow":["GET"]}}],"collection":[{"href":"https:\/\/monechelle.ma\/ar\/wp-json\/wp\/v2\/product"}],"about":[{"href":"https:\/\/monechelle.ma\/ar\/wp-json\/wp\/v2\/types\/product"}],"replies":[{"embeddable":true,"href":"https:\/\/monechelle.ma\/ar\/wp-json\/wp\/v2\/comments?post=2964"}],"version-history":[{"count":2,"href":"https:\/\/monechelle.ma\/ar\/wp-json\/wp\/v2\/product\/2964\/revisions"}],"predecessor-version":[{"id":8378,"href":"https:\/\/monechelle.ma\/ar\/wp-json\/wp\/v2\/product\/2964\/revisions\/8378"}],"wp:featuredmedia":[{"embeddable":true,"href":"https:\/\/monechelle.ma\/ar\/wp-json\/wp\/v2\/media\/1827"}],"wp:attachment":[{"href":"https:\/\/monechelle.ma\/ar\/wp-json\/wp\/v2\/media?parent=2964"}],"wp:term":[{"taxonomy":"pwb-brand","embeddable":true,"href":"https:\/\/monechelle.ma\/ar\/wp-json\/wp\/v2\/pwb-brand?post=2964"},{"taxonomy":"product_brand","embeddable":true,"href":"https:\/\/monechelle.ma\/ar\/wp-json\/wp\/v2\/product_brand?post=2964"},{"taxonomy":"product_cat","embeddable":true,"href":"https:\/\/monechelle.ma\/ar\/wp-json\/wp\/v2\/product_cat?post=2964"},{"taxonomy":"product_tag","embeddable":true,"href":"https:\/\/monechelle.ma\/ar\/wp-json\/wp\/v2\/product_tag?post=2964"},{"taxonomy":"product_brands","embeddable":true,"href":"https:\/\/monechelle.ma\/ar\/wp-json\/wp\/v2\/product_brands?post=2964"}],"curies":[{"name":"wp","href":"https:\/\/api.w.org\/{rel}","templated":true}]}}