{"id":2966,"date":"2024-11-28T12:59:12","date_gmt":"2024-11-28T11:59:12","guid":{"rendered":"https:\/\/monechelle.ma\/?post_type=product&#038;p=2966"},"modified":"2025-12-12T16:57:56","modified_gmt":"2025-12-12T15:57:56","slug":"elevah-40b-picking","status":"publish","type":"product","link":"https:\/\/monechelle.ma\/ar\/product\/elevah-40b-picking\/","title":{"rendered":"ELEVAH 40B Picking"},"content":{"rendered":"<p>La plateforme \u00e9l\u00e9vatrice Elevah 40 B Picking permet de pr\u00e9lever des objets en hauteur en toute s\u00e9curit\u00e9. La nacelle est en effet \u00e9quip\u00e9e de planchers de travail stables et d\u2019un garde-corps qui prot\u00e8gent convenablement l\u2019utilisateur contre d\u2019\u00e9ventuelles chutes. Proposant une hauteur de travail de 4 m, la machine Elevah 40 B Picking est une nacelle \u00e9l\u00e9vatrice \u00e0 traction manuelle. Pour fonctionner normalement, ce mod\u00e8le de plateforme requiert des batteries de 24 volts.<\/p>\n<table style=\"border-collapse: collapse; width: 100%;\">\n<tbody>\n<tr>\n<td style=\"width: 50%;\">HAUTEUR MAXIMUM DE TRAVAIL<\/td>\n<td style=\"width: 50%;\">4 M<\/td>\n<\/tr>\n<tr>\n<td style=\"width: 50%;\">DIMENSIONS<\/td>\n<td style=\"width: 50%;\">71,5 X 100 CM H : 173 CM<\/td>\n<\/tr>\n<tr>\n<td style=\"width: 50%;\">CAPACIT\u00c9 MAXIMALE<\/td>\n<td style=\"width: 50%;\">200 KG<\/td>\n<\/tr>\n<tr>\n<td style=\"width: 50%;\">POIDS DE LA MACHINE<\/td>\n<td style=\"width: 50%;\">350 KG<\/td>\n<\/tr>\n<\/tbody>\n<\/table>","protected":false},"excerpt":{"rendered":"<p>La plateforme \u00e9l\u00e9vatrice Elevah 40 B Picking permet de pr\u00e9lever des objets en hauteur en toute s\u00e9curit\u00e9. La nacelle est en effet \u00e9quip\u00e9e de planchers de travail stables et d\u2019un garde-corps qui prot\u00e8gent convenablement l\u2019utilisateur contre d\u2019\u00e9ventuelles chutes. Proposant une hauteur de travail de 4 m, la machine Elevah 40 B Picking est une nacelle&#8230;<\/p>","protected":false},"featured_media":1846,"comment_status":"open","ping_status":"closed","template":"","meta":{"_acf_changed":false,"_bst_post_transparent":"default","_bst_post_title":"","_bst_post_layout":"default","_bst_post_sidebar_id":"","_bst_post_content_style":"default","_bst_post_vertical_padding":"default","_bst_post_feature":"","_bst_post_feature_position":"","_bst_post_header":false,"_bst_post_footer":false},"pwb-brand":[506],"product_brand":[],"product_cat":[],"product_tag":[],"product_brands":[],"class_list":{"0":"post-2966","1":"product","2":"type-product","3":"status-publish","4":"has-post-thumbnail","6":"pwb-brand-elevah","8":"first","9":"instock","10":"shipping-taxable","11":"purchasable","12":"product-type-simple","13":"entry","14":"content-bg","15":"loop-entry"},"acf":[],"brands":[{"id":506,"name":"ELEVAH","slug":"elevah"}],"_links":{"self":[{"href":"https:\/\/monechelle.ma\/ar\/wp-json\/wp\/v2\/product\/2966","targetHints":{"allow":["GET"]}}],"collection":[{"href":"https:\/\/monechelle.ma\/ar\/wp-json\/wp\/v2\/product"}],"about":[{"href":"https:\/\/monechelle.ma\/ar\/wp-json\/wp\/v2\/types\/product"}],"replies":[{"embeddable":true,"href":"https:\/\/monechelle.ma\/ar\/wp-json\/wp\/v2\/comments?post=2966"}],"version-history":[{"count":2,"href":"https:\/\/monechelle.ma\/ar\/wp-json\/wp\/v2\/product\/2966\/revisions"}],"predecessor-version":[{"id":8376,"href":"https:\/\/monechelle.ma\/ar\/wp-json\/wp\/v2\/product\/2966\/revisions\/8376"}],"wp:featuredmedia":[{"embeddable":true,"href":"https:\/\/monechelle.ma\/ar\/wp-json\/wp\/v2\/media\/1846"}],"wp:attachment":[{"href":"https:\/\/monechelle.ma\/ar\/wp-json\/wp\/v2\/media?parent=2966"}],"wp:term":[{"taxonomy":"pwb-brand","embeddable":true,"href":"https:\/\/monechelle.ma\/ar\/wp-json\/wp\/v2\/pwb-brand?post=2966"},{"taxonomy":"product_brand","embeddable":true,"href":"https:\/\/monechelle.ma\/ar\/wp-json\/wp\/v2\/product_brand?post=2966"},{"taxonomy":"product_cat","embeddable":true,"href":"https:\/\/monechelle.ma\/ar\/wp-json\/wp\/v2\/product_cat?post=2966"},{"taxonomy":"product_tag","embeddable":true,"href":"https:\/\/monechelle.ma\/ar\/wp-json\/wp\/v2\/product_tag?post=2966"},{"taxonomy":"product_brands","embeddable":true,"href":"https:\/\/monechelle.ma\/ar\/wp-json\/wp\/v2\/product_brands?post=2966"}],"curies":[{"name":"wp","href":"https:\/\/api.w.org\/{rel}","templated":true}]}}