{"id":2967,"date":"2024-11-28T12:59:13","date_gmt":"2024-11-28T11:59:13","guid":{"rendered":"https:\/\/monechelle.ma\/?post_type=product&#038;p=2967"},"modified":"2025-12-12T16:57:56","modified_gmt":"2025-12-12T15:57:56","slug":"elevah-40-tires","status":"publish","type":"product","link":"https:\/\/monechelle.ma\/ar\/product\/elevah-40-tires\/","title":{"rendered":"ELEVAH 40 Tires"},"content":{"rendered":"<p>Elevah 40 Tyres est le nouveau pr\u00e9parateur de commandes con\u00e7u sp\u00e9cifiquement pour le secteur des pneumatiques. L&rsquo;outil vous permet de ramasser un train de pneus jusqu&rsquo;\u00e0 120 kg directement du sol, optimisant les temps et doublant le niveau de s\u00e9curit\u00e9. Ultra compacte (uniquement 71,5 x 178 cm), Barre de contr\u00f4le pratique qui vous permet de vous d\u00e9placer d&rsquo;une zone \u00e0 l&rsquo;autre sans sortir du panier.<\/p>\n<table style=\"border-collapse: collapse; width: 100%;\">\n<tbody>\n<tr>\n<td style=\"width: 50%;\">HAUTEUR MAXIMUM DE TRAVAIL<\/td>\n<td style=\"width: 50%;\">4 M<\/td>\n<\/tr>\n<tr>\n<td style=\"width: 50%;\">DIMENSIONS<\/td>\n<td style=\"width: 50%;\">71,5 X 178 CM H : 175 CM<\/td>\n<\/tr>\n<tr>\n<td style=\"width: 50%;\">CAPACIT\u00c9 MAXIMALE<\/td>\n<td style=\"width: 50%;\">220 KG (OP\u00c9RATEUR + CHARGE)<\/td>\n<\/tr>\n<tr>\n<td style=\"width: 50%;\">POIDS DE LA MACHINE<\/td>\n<td style=\"width: 50%;\">\u00a0475 KG<\/td>\n<\/tr>\n<\/tbody>\n<\/table>","protected":false},"excerpt":{"rendered":"<p>Elevah 40 Tyres est le nouveau pr\u00e9parateur de commandes con\u00e7u sp\u00e9cifiquement pour le secteur des pneumatiques. L&rsquo;outil vous permet de ramasser un train de pneus jusqu&rsquo;\u00e0 120 kg directement du sol, optimisant les temps et doublant le niveau de s\u00e9curit\u00e9. Ultra compacte (uniquement 71,5 x 178 cm), Barre de contr\u00f4le pratique qui vous permet de&#8230;<\/p>","protected":false},"featured_media":1853,"comment_status":"open","ping_status":"closed","template":"","meta":{"_acf_changed":false,"_bst_post_transparent":"default","_bst_post_title":"","_bst_post_layout":"default","_bst_post_sidebar_id":"","_bst_post_content_style":"default","_bst_post_vertical_padding":"default","_bst_post_feature":"","_bst_post_feature_position":"","_bst_post_header":false,"_bst_post_footer":false},"pwb-brand":[506],"product_brand":[],"product_cat":[],"product_tag":[],"product_brands":[],"class_list":{"0":"post-2967","1":"product","2":"type-product","3":"status-publish","4":"has-post-thumbnail","6":"pwb-brand-elevah","8":"first","9":"instock","10":"shipping-taxable","11":"purchasable","12":"product-type-simple","13":"entry","14":"content-bg","15":"loop-entry"},"acf":[],"brands":[{"id":506,"name":"ELEVAH","slug":"elevah"}],"_links":{"self":[{"href":"https:\/\/monechelle.ma\/ar\/wp-json\/wp\/v2\/product\/2967","targetHints":{"allow":["GET"]}}],"collection":[{"href":"https:\/\/monechelle.ma\/ar\/wp-json\/wp\/v2\/product"}],"about":[{"href":"https:\/\/monechelle.ma\/ar\/wp-json\/wp\/v2\/types\/product"}],"replies":[{"embeddable":true,"href":"https:\/\/monechelle.ma\/ar\/wp-json\/wp\/v2\/comments?post=2967"}],"version-history":[{"count":2,"href":"https:\/\/monechelle.ma\/ar\/wp-json\/wp\/v2\/product\/2967\/revisions"}],"predecessor-version":[{"id":8373,"href":"https:\/\/monechelle.ma\/ar\/wp-json\/wp\/v2\/product\/2967\/revisions\/8373"}],"wp:featuredmedia":[{"embeddable":true,"href":"https:\/\/monechelle.ma\/ar\/wp-json\/wp\/v2\/media\/1853"}],"wp:attachment":[{"href":"https:\/\/monechelle.ma\/ar\/wp-json\/wp\/v2\/media?parent=2967"}],"wp:term":[{"taxonomy":"pwb-brand","embeddable":true,"href":"https:\/\/monechelle.ma\/ar\/wp-json\/wp\/v2\/pwb-brand?post=2967"},{"taxonomy":"product_brand","embeddable":true,"href":"https:\/\/monechelle.ma\/ar\/wp-json\/wp\/v2\/product_brand?post=2967"},{"taxonomy":"product_cat","embeddable":true,"href":"https:\/\/monechelle.ma\/ar\/wp-json\/wp\/v2\/product_cat?post=2967"},{"taxonomy":"product_tag","embeddable":true,"href":"https:\/\/monechelle.ma\/ar\/wp-json\/wp\/v2\/product_tag?post=2967"},{"taxonomy":"product_brands","embeddable":true,"href":"https:\/\/monechelle.ma\/ar\/wp-json\/wp\/v2\/product_brands?post=2967"}],"curies":[{"name":"wp","href":"https:\/\/api.w.org\/{rel}","templated":true}]}}