{"id":2968,"date":"2024-11-28T12:59:14","date_gmt":"2024-11-28T11:59:14","guid":{"rendered":"https:\/\/monechelle.ma\/?post_type=product&#038;p=2968"},"modified":"2025-12-12T16:57:56","modified_gmt":"2025-12-12T15:57:56","slug":"elevah-40-move-t-fl","status":"publish","type":"product","link":"https:\/\/monechelle.ma\/ar\/product\/elevah-40-move-t-fl\/","title":{"rendered":"ELEVAH 40 MOVE T.FL"},"content":{"rendered":"<p>Elevah 40 TFL est le pr\u00e9parateur de commandes sp\u00e9cialement con\u00e7u pour faciliter le stockage des merchandises: il permet d\u2019optimiser les temps et de minimiser les contraintes physiques, en travaillant en toute s\u00e9curit\u00e9 jusqu\u2019\u00e0 4 m\u00e8tres. Le plateau picking permet de charger jusqu\u2019\u00e0 100 kg directement du sol. L\u2019outil est \u00e9quip\u00e9 de rouleaux coulissants pour faciliter les operations de chargement est il est r\u00e9glable \u00e9lectriquement en hauteur. Ultra compact (uniquement 71,5&#215;178 cm), confortable et facile \u00e0 man\u0153uvrer gr\u00e2ce \u00e0 la barre de contr\u00f4le pratique qui vous permet de vous d\u00e9placer d&rsquo;une zone \u00e0 l&rsquo;autre sans sortir du panier. D\u00e9couvrez les \u00e9quipements et accessoires pour personnaliser Elevah 40 et l&rsquo;adapter \u00e0 vos besoins. Temp\u00e9ratures de fonctionnement de &#8211; 10 \u00b0 \u00e0 + 40 \u00b0 C.<\/p>\n<table style=\"border-collapse: collapse; width: 100%;\">\n<tbody>\n<tr>\n<td style=\"width: 50%;\">HAUTEUR MAXIMUM DE TRAVAIL<\/td>\n<td style=\"width: 50%;\">4 M<\/td>\n<\/tr>\n<tr>\n<td style=\"width: 50%;\">DIMENSIONS<\/td>\n<td style=\"width: 50%;\">71,5 X 188 CM H : 175 CM<\/td>\n<\/tr>\n<tr>\n<td style=\"width: 50%;\">CAPACIT\u00c9 MAXIMALE<\/td>\n<td style=\"width: 50%;\">200 KG<\/td>\n<\/tr>\n<tr>\n<td style=\"width: 50%;\">POIDS DE LA MACHINE<\/td>\n<td style=\"width: 50%;\">540 KG<\/td>\n<\/tr>\n<\/tbody>\n<\/table>","protected":false},"excerpt":{"rendered":"<p>Elevah 40 TFL est le pr\u00e9parateur de commandes sp\u00e9cialement con\u00e7u pour faciliter le stockage des merchandises: il permet d\u2019optimiser les temps et de minimiser les contraintes physiques, en travaillant en toute s\u00e9curit\u00e9 jusqu\u2019\u00e0 4 m\u00e8tres. Le plateau picking permet de charger jusqu\u2019\u00e0 100 kg directement du sol. L\u2019outil est \u00e9quip\u00e9 de rouleaux coulissants pour faciliter&#8230;<\/p>","protected":false},"featured_media":1864,"comment_status":"open","ping_status":"closed","template":"","meta":{"_acf_changed":false,"_bst_post_transparent":"default","_bst_post_title":"","_bst_post_layout":"default","_bst_post_sidebar_id":"","_bst_post_content_style":"default","_bst_post_vertical_padding":"default","_bst_post_feature":"","_bst_post_feature_position":"","_bst_post_header":false,"_bst_post_footer":false},"pwb-brand":[506],"product_brand":[],"product_cat":[],"product_tag":[],"product_brands":[],"class_list":{"0":"post-2968","1":"product","2":"type-product","3":"status-publish","4":"has-post-thumbnail","6":"pwb-brand-elevah","8":"first","9":"instock","10":"shipping-taxable","11":"purchasable","12":"product-type-simple","13":"entry","14":"content-bg","15":"loop-entry"},"acf":[],"brands":[{"id":506,"name":"ELEVAH","slug":"elevah"}],"_links":{"self":[{"href":"https:\/\/monechelle.ma\/ar\/wp-json\/wp\/v2\/product\/2968","targetHints":{"allow":["GET"]}}],"collection":[{"href":"https:\/\/monechelle.ma\/ar\/wp-json\/wp\/v2\/product"}],"about":[{"href":"https:\/\/monechelle.ma\/ar\/wp-json\/wp\/v2\/types\/product"}],"replies":[{"embeddable":true,"href":"https:\/\/monechelle.ma\/ar\/wp-json\/wp\/v2\/comments?post=2968"}],"version-history":[{"count":2,"href":"https:\/\/monechelle.ma\/ar\/wp-json\/wp\/v2\/product\/2968\/revisions"}],"predecessor-version":[{"id":8370,"href":"https:\/\/monechelle.ma\/ar\/wp-json\/wp\/v2\/product\/2968\/revisions\/8370"}],"wp:featuredmedia":[{"embeddable":true,"href":"https:\/\/monechelle.ma\/ar\/wp-json\/wp\/v2\/media\/1864"}],"wp:attachment":[{"href":"https:\/\/monechelle.ma\/ar\/wp-json\/wp\/v2\/media?parent=2968"}],"wp:term":[{"taxonomy":"pwb-brand","embeddable":true,"href":"https:\/\/monechelle.ma\/ar\/wp-json\/wp\/v2\/pwb-brand?post=2968"},{"taxonomy":"product_brand","embeddable":true,"href":"https:\/\/monechelle.ma\/ar\/wp-json\/wp\/v2\/product_brand?post=2968"},{"taxonomy":"product_cat","embeddable":true,"href":"https:\/\/monechelle.ma\/ar\/wp-json\/wp\/v2\/product_cat?post=2968"},{"taxonomy":"product_tag","embeddable":true,"href":"https:\/\/monechelle.ma\/ar\/wp-json\/wp\/v2\/product_tag?post=2968"},{"taxonomy":"product_brands","embeddable":true,"href":"https:\/\/monechelle.ma\/ar\/wp-json\/wp\/v2\/product_brands?post=2968"}],"curies":[{"name":"wp","href":"https:\/\/api.w.org\/{rel}","templated":true}]}}