{"id":2969,"date":"2024-11-28T12:59:14","date_gmt":"2024-11-28T11:59:14","guid":{"rendered":"https:\/\/monechelle.ma\/?post_type=product&#038;p=2969"},"modified":"2025-12-12T16:57:56","modified_gmt":"2025-12-12T15:57:56","slug":"elevah-70","status":"publish","type":"product","link":"https:\/\/monechelle.ma\/ar\/product\/elevah-70\/","title":{"rendered":"ELEVAH 70"},"content":{"rendered":"<p>Elevah 70 est une plate-forme \u00e0 traction manuelle et lev\u00e9e \u00e9lectrique, fabriqu\u00e9e enti\u00e8rement en aluminum. Elle permet d\u2019effectuer operations d\u2019entretien jusqu\u2019a 7,25 m. La nacelle peut atteindre diff\u00e9rentes hauteurs en fonction de la position de la plate-forme et de l\u2019emploi ou non des stabilisateurs. Si la plate-forme est en dans la position de base sans stabilisateurs, la nacelle peut atteindre 5,41 m (3410 mm \u00e0 la plate-forme). En ajoutant les stabilisateurs en cette position, on peut atteindre 6,7 m (4660 mm \u00e0 la plate-forme).<br \/>\nEn d\u00e9pla\u00e7ant le panier plus haut, \u00e0 la position 2, sans stabilisateurs, la nacelle atteint 6 m (4000 mm \u00e0 la plate-forme). En ajoutant les stabilisateurs \u00e0 cette position, la plate-forme peut atteindre l\u2019hauteur maximale de 7,2 m (5250 mm \u00e0 la plate-forme).<\/p>\n<table style=\"border-collapse: collapse; width: 100%; height: 237px;\">\n<tbody>\n<tr style=\"height: 106px;\">\n<td style=\"width: 50%; height: 106px;\">HAUTEUR MAXIMUM DE TRAVAIL<\/td>\n<td style=\"width: 50%; height: 106px;\">&#8211; 6 M SANS STABILISATEURS (AVEC NACELLE EN POSITION 2)<br \/>&#8211; 7,25 AVEC STABILISATEURS (AVEC NACELLE EN POSITION 2)<\/td>\n<\/tr>\n<tr style=\"height: 26px;\">\n<td style=\"width: 50%; height: 26px;\">DIMENSIONS<\/td>\n<td style=\"width: 50%; height: 26px;\">132 X 78 CM H : 170 CM<\/td>\n<\/tr>\n<tr style=\"height: 26px;\">\n<td style=\"width: 50%; height: 26px;\">CAPACIT\u00c9 MAXIMALE<\/td>\n<td style=\"width: 50%; height: 26px;\">200 KG<\/td>\n<\/tr>\n<tr style=\"height: 26px;\">\n<td style=\"width: 50%; height: 26px;\">POIDS DE LA MACHINE<\/td>\n<td style=\"width: 50%; height: 26px;\">398 KG<\/td>\n<\/tr>\n<tr style=\"height: 53px;\">\n<td style=\"width: 50%; height: 53px;\">R\u00c9GLAGE<\/td>\n<td style=\"width: 50%; height: 53px;\">TRACTION MANUELLE ET \u00c9L\u00c9VATION \u00c9LECTRIQUE<\/td>\n<\/tr>\n<\/tbody>\n<\/table>","protected":false},"excerpt":{"rendered":"<p>Elevah 70 est une plate-forme \u00e0 traction manuelle et lev\u00e9e \u00e9lectrique, fabriqu\u00e9e enti\u00e8rement en aluminum. Elle permet d\u2019effectuer operations d\u2019entretien jusqu\u2019a 7,25 m. La nacelle peut atteindre diff\u00e9rentes hauteurs en fonction de la position de la plate-forme et de l\u2019emploi ou non des stabilisateurs. Si la plate-forme est en dans la position de base sans&#8230;<\/p>","protected":false},"featured_media":1871,"comment_status":"open","ping_status":"closed","template":"","meta":{"_acf_changed":false,"_bst_post_transparent":"default","_bst_post_title":"","_bst_post_layout":"default","_bst_post_sidebar_id":"","_bst_post_content_style":"default","_bst_post_vertical_padding":"default","_bst_post_feature":"","_bst_post_feature_position":"","_bst_post_header":false,"_bst_post_footer":false},"pwb-brand":[506],"product_brand":[],"product_cat":[],"product_tag":[],"product_brands":[],"class_list":{"0":"post-2969","1":"product","2":"type-product","3":"status-publish","4":"has-post-thumbnail","6":"pwb-brand-elevah","8":"first","9":"instock","10":"shipping-taxable","11":"purchasable","12":"product-type-simple","13":"entry","14":"content-bg","15":"loop-entry"},"acf":[],"brands":[{"id":506,"name":"ELEVAH","slug":"elevah"}],"_links":{"self":[{"href":"https:\/\/monechelle.ma\/ar\/wp-json\/wp\/v2\/product\/2969","targetHints":{"allow":["GET"]}}],"collection":[{"href":"https:\/\/monechelle.ma\/ar\/wp-json\/wp\/v2\/product"}],"about":[{"href":"https:\/\/monechelle.ma\/ar\/wp-json\/wp\/v2\/types\/product"}],"replies":[{"embeddable":true,"href":"https:\/\/monechelle.ma\/ar\/wp-json\/wp\/v2\/comments?post=2969"}],"version-history":[{"count":2,"href":"https:\/\/monechelle.ma\/ar\/wp-json\/wp\/v2\/product\/2969\/revisions"}],"predecessor-version":[{"id":8371,"href":"https:\/\/monechelle.ma\/ar\/wp-json\/wp\/v2\/product\/2969\/revisions\/8371"}],"wp:featuredmedia":[{"embeddable":true,"href":"https:\/\/monechelle.ma\/ar\/wp-json\/wp\/v2\/media\/1871"}],"wp:attachment":[{"href":"https:\/\/monechelle.ma\/ar\/wp-json\/wp\/v2\/media?parent=2969"}],"wp:term":[{"taxonomy":"pwb-brand","embeddable":true,"href":"https:\/\/monechelle.ma\/ar\/wp-json\/wp\/v2\/pwb-brand?post=2969"},{"taxonomy":"product_brand","embeddable":true,"href":"https:\/\/monechelle.ma\/ar\/wp-json\/wp\/v2\/product_brand?post=2969"},{"taxonomy":"product_cat","embeddable":true,"href":"https:\/\/monechelle.ma\/ar\/wp-json\/wp\/v2\/product_cat?post=2969"},{"taxonomy":"product_tag","embeddable":true,"href":"https:\/\/monechelle.ma\/ar\/wp-json\/wp\/v2\/product_tag?post=2969"},{"taxonomy":"product_brands","embeddable":true,"href":"https:\/\/monechelle.ma\/ar\/wp-json\/wp\/v2\/product_brands?post=2969"}],"curies":[{"name":"wp","href":"https:\/\/api.w.org\/{rel}","templated":true}]}}