{"id":2970,"date":"2024-11-28T12:59:15","date_gmt":"2024-11-28T11:59:15","guid":{"rendered":"https:\/\/monechelle.ma\/?post_type=product&#038;p=2970"},"modified":"2025-12-12T16:57:56","modified_gmt":"2025-12-12T15:57:56","slug":"elevah-61","status":"publish","type":"product","link":"https:\/\/monechelle.ma\/ar\/product\/elevah-61\/","title":{"rendered":"ELEVAH 61"},"content":{"rendered":"<p>Si vous cherchez une solution id\u00e9ale pour optimiser le travail et les temps, cette nacelle \u00e0 traction manuelle et lev\u00e9e \u00e9lectrique est fabriqu\u00e9e enti\u00e8rement en aluminium. Facile \u00e0 utiliser, il suffit de la placer, freiner les roues et actionner le bouton pour atteindre la hauteur souhait\u00e9e. Elle permet de lever un op\u00e9rateur et d\u2019effectuer des op\u00e9rations d\u2019entretien jusqu\u2019\u00e0 6,1 m (avec stabilisateurs\u2009; 3,9 m sans stabilisateurs).<\/p>\n<table style=\"border-collapse: collapse; width: 100%;\">\n<tbody>\n<tr>\n<td style=\"width: 50%;\">HAUTEUR MAXIMUM DE TRAVAIL<\/td>\n<td style=\"width: 50%;\">&#8211; 6,1 M (AVEC STABILISATEURS)<br \/>&#8211; 3,9 M (SANS STABILISATEURS)<\/td>\n<\/tr>\n<tr>\n<td style=\"width: 50%;\">DIMENSIONS<\/td>\n<td style=\"width: 50%;\">&#8211; 118,7 X 77 CM (SANS STABILISATEURS) H : 170 CM<br \/>&#8211; 129,7 X 125,2 CM (AVEC STABILISATEURS)<\/td>\n<\/tr>\n<tr>\n<td style=\"width: 50%;\">CAPACIT\u00c9 MAXIMALE<\/td>\n<td style=\"width: 50%;\">200 KG<\/td>\n<\/tr>\n<tr>\n<td style=\"width: 50%;\">POIDS DE LA MACHINE<\/td>\n<td style=\"width: 50%;\">&#8211; 237 KG (AVEC STABILISATEURS)<br \/>&#8211; 219 KG (SANS STABILISATEURS)<\/td>\n<\/tr>\n<\/tbody>\n<\/table>","protected":false},"excerpt":{"rendered":"<p>Si vous cherchez une solution id\u00e9ale pour optimiser le travail et les temps, cette nacelle \u00e0 traction manuelle et lev\u00e9e \u00e9lectrique est fabriqu\u00e9e enti\u00e8rement en aluminium. Facile \u00e0 utiliser, il suffit de la placer, freiner les roues et actionner le bouton pour atteindre la hauteur souhait\u00e9e. Elle permet de lever un op\u00e9rateur et d\u2019effectuer des&#8230;<\/p>","protected":false},"featured_media":1879,"comment_status":"closed","ping_status":"closed","template":"","meta":{"_acf_changed":false,"_bst_post_transparent":"default","_bst_post_title":"","_bst_post_layout":"default","_bst_post_sidebar_id":"","_bst_post_content_style":"default","_bst_post_vertical_padding":"default","_bst_post_feature":"","_bst_post_feature_position":"","_bst_post_header":false,"_bst_post_footer":false},"pwb-brand":[506],"product_brand":[],"product_cat":[],"product_tag":[],"product_brands":[],"class_list":{"0":"post-2970","1":"product","2":"type-product","3":"status-publish","4":"has-post-thumbnail","6":"pwb-brand-elevah","8":"first","9":"instock","10":"shipping-taxable","11":"purchasable","12":"product-type-simple","13":"entry","14":"content-bg","15":"loop-entry"},"acf":[],"brands":[{"id":506,"name":"ELEVAH","slug":"elevah"}],"_links":{"self":[{"href":"https:\/\/monechelle.ma\/ar\/wp-json\/wp\/v2\/product\/2970","targetHints":{"allow":["GET"]}}],"collection":[{"href":"https:\/\/monechelle.ma\/ar\/wp-json\/wp\/v2\/product"}],"about":[{"href":"https:\/\/monechelle.ma\/ar\/wp-json\/wp\/v2\/types\/product"}],"replies":[{"embeddable":true,"href":"https:\/\/monechelle.ma\/ar\/wp-json\/wp\/v2\/comments?post=2970"}],"version-history":[{"count":2,"href":"https:\/\/monechelle.ma\/ar\/wp-json\/wp\/v2\/product\/2970\/revisions"}],"predecessor-version":[{"id":8365,"href":"https:\/\/monechelle.ma\/ar\/wp-json\/wp\/v2\/product\/2970\/revisions\/8365"}],"wp:featuredmedia":[{"embeddable":true,"href":"https:\/\/monechelle.ma\/ar\/wp-json\/wp\/v2\/media\/1879"}],"wp:attachment":[{"href":"https:\/\/monechelle.ma\/ar\/wp-json\/wp\/v2\/media?parent=2970"}],"wp:term":[{"taxonomy":"pwb-brand","embeddable":true,"href":"https:\/\/monechelle.ma\/ar\/wp-json\/wp\/v2\/pwb-brand?post=2970"},{"taxonomy":"product_brand","embeddable":true,"href":"https:\/\/monechelle.ma\/ar\/wp-json\/wp\/v2\/product_brand?post=2970"},{"taxonomy":"product_cat","embeddable":true,"href":"https:\/\/monechelle.ma\/ar\/wp-json\/wp\/v2\/product_cat?post=2970"},{"taxonomy":"product_tag","embeddable":true,"href":"https:\/\/monechelle.ma\/ar\/wp-json\/wp\/v2\/product_tag?post=2970"},{"taxonomy":"product_brands","embeddable":true,"href":"https:\/\/monechelle.ma\/ar\/wp-json\/wp\/v2\/product_brands?post=2970"}],"curies":[{"name":"wp","href":"https:\/\/api.w.org\/{rel}","templated":true}]}}