{"id":2971,"date":"2024-11-28T12:59:15","date_gmt":"2024-11-28T11:59:15","guid":{"rendered":"https:\/\/monechelle.ma\/?post_type=product&#038;p=2971"},"modified":"2025-12-12T16:57:56","modified_gmt":"2025-12-12T15:57:56","slug":"elevah-40b","status":"publish","type":"product","link":"https:\/\/monechelle.ma\/ar\/product\/elevah-40b\/","title":{"rendered":"ELEVAH 40B"},"content":{"rendered":"<p>Si vous cherchez une solution pratique et efficace, cette nacelle est parfaite pour les activit\u00e9s d\u2019entretien et d\u2019installation dans diff\u00e9rents environnements, des magasins \u00e0 l\u2019industrie. Elevah 40B permet d\u2019optimiser les temps et de r\u00e9duire les efforts des op\u00e9rateurs.<\/p>\n<table style=\"border-collapse: collapse; width: 100%;\">\n<tbody>\n<tr>\n<td style=\"width: 50%;\">HAUTEUR MAXIMUM DE TRAVAIL<\/td>\n<td style=\"width: 50%;\">4 M<\/td>\n<\/tr>\n<tr>\n<td style=\"width: 50%;\">DIMENSIONS<\/td>\n<td style=\"width: 50%;\">71,5 X 100 CM H : 173 CM<\/td>\n<\/tr>\n<tr>\n<td style=\"width: 50%;\">CAPACIT\u00c9 MAXIMALE<\/td>\n<td style=\"width: 50%;\">200 KG<\/td>\n<\/tr>\n<tr>\n<td style=\"width: 50%;\">POIDS DE LA MACHINE<\/td>\n<td style=\"width: 50%;\">265 KG<\/td>\n<\/tr>\n<\/tbody>\n<\/table>","protected":false},"excerpt":{"rendered":"<p>Si vous cherchez une solution pratique et efficace, cette nacelle est parfaite pour les activit\u00e9s d\u2019entretien et d\u2019installation dans diff\u00e9rents environnements, des magasins \u00e0 l\u2019industrie. Elevah 40B permet d\u2019optimiser les temps et de r\u00e9duire les efforts des op\u00e9rateurs. HAUTEUR MAXIMUM DE TRAVAIL 4 M DIMENSIONS 71,5 X 100 CM H : 173 CM CAPACIT\u00c9 MAXIMALE&#8230;<\/p>","protected":false},"featured_media":1884,"comment_status":"open","ping_status":"closed","template":"","meta":{"_acf_changed":false,"_bst_post_transparent":"default","_bst_post_title":"","_bst_post_layout":"default","_bst_post_sidebar_id":"","_bst_post_content_style":"default","_bst_post_vertical_padding":"default","_bst_post_feature":"","_bst_post_feature_position":"","_bst_post_header":false,"_bst_post_footer":false},"pwb-brand":[506],"product_brand":[],"product_cat":[],"product_tag":[],"product_brands":[],"class_list":{"0":"post-2971","1":"product","2":"type-product","3":"status-publish","4":"has-post-thumbnail","6":"pwb-brand-elevah","8":"first","9":"instock","10":"shipping-taxable","11":"purchasable","12":"product-type-simple","13":"entry","14":"content-bg","15":"loop-entry"},"acf":[],"brands":[{"id":506,"name":"ELEVAH","slug":"elevah"}],"_links":{"self":[{"href":"https:\/\/monechelle.ma\/ar\/wp-json\/wp\/v2\/product\/2971","targetHints":{"allow":["GET"]}}],"collection":[{"href":"https:\/\/monechelle.ma\/ar\/wp-json\/wp\/v2\/product"}],"about":[{"href":"https:\/\/monechelle.ma\/ar\/wp-json\/wp\/v2\/types\/product"}],"replies":[{"embeddable":true,"href":"https:\/\/monechelle.ma\/ar\/wp-json\/wp\/v2\/comments?post=2971"}],"version-history":[{"count":2,"href":"https:\/\/monechelle.ma\/ar\/wp-json\/wp\/v2\/product\/2971\/revisions"}],"predecessor-version":[{"id":8367,"href":"https:\/\/monechelle.ma\/ar\/wp-json\/wp\/v2\/product\/2971\/revisions\/8367"}],"wp:featuredmedia":[{"embeddable":true,"href":"https:\/\/monechelle.ma\/ar\/wp-json\/wp\/v2\/media\/1884"}],"wp:attachment":[{"href":"https:\/\/monechelle.ma\/ar\/wp-json\/wp\/v2\/media?parent=2971"}],"wp:term":[{"taxonomy":"pwb-brand","embeddable":true,"href":"https:\/\/monechelle.ma\/ar\/wp-json\/wp\/v2\/pwb-brand?post=2971"},{"taxonomy":"product_brand","embeddable":true,"href":"https:\/\/monechelle.ma\/ar\/wp-json\/wp\/v2\/product_brand?post=2971"},{"taxonomy":"product_cat","embeddable":true,"href":"https:\/\/monechelle.ma\/ar\/wp-json\/wp\/v2\/product_cat?post=2971"},{"taxonomy":"product_tag","embeddable":true,"href":"https:\/\/monechelle.ma\/ar\/wp-json\/wp\/v2\/product_tag?post=2971"},{"taxonomy":"product_brands","embeddable":true,"href":"https:\/\/monechelle.ma\/ar\/wp-json\/wp\/v2\/product_brands?post=2971"}],"curies":[{"name":"wp","href":"https:\/\/api.w.org\/{rel}","templated":true}]}}