{"id":3105,"date":"2024-11-28T13:01:28","date_gmt":"2024-11-28T12:01:28","guid":{"rendered":"https:\/\/monechelle.ma\/?post_type=product&#038;p=3105"},"modified":"2025-12-12T16:57:56","modified_gmt":"2025-12-12T15:57:56","slug":"plateforme-debarquement-en-altitude-10m","status":"publish","type":"product","link":"https:\/\/monechelle.ma\/ar\/product\/plateforme-debarquement-en-altitude-10m\/","title":{"rendered":"PLATEFORME DEBARQUEMENT EN ALTITUDE 10m"},"content":{"rendered":"<p>Cette nacelle pr\u00e9sente une structure m\u00e9tallique compos\u00e9e essentiellement d\u2019une plateforme fixe, d\u2019un m\u00e2t vertical et d\u2019un ch\u00e2ssis extensible. Avec sa petite surface antid\u00e9rapante, le panier peut supporter un seul op\u00e9rateur. Pour garantir la s\u00e9curit\u00e9 durant le travail en hauteur, la plateforme est dot\u00e9e de barri\u00e8res. Gr\u00e2ce \u00e0 son m\u00e2t vertical Toucan, la machine permet d\u2019acc\u00e9der \u00e0 des surfaces situ\u00e9es \u00e0 environ 10 m\u00e8tres du sol. Lorsque les bras de la nacelle sont d\u00e9ploy\u00e9s et portent en hauteur l\u2019ouvrier, il devient primordial de disposer d\u2019une base stable. C\u2019est pour cette raison que le ch\u00e2ssis dispose de stabilisateurs r\u00e9glables. Vous pourrez allonger les pieds du dispositif au fur et mesure que le m\u00e2t s\u2019\u00e9l\u00e8ve pour travailler en parfait \u00e9quilibre. Plus encore, vous pouvez niveler un pied par rapport \u00e0 l\u2019autre, ce qui permet d\u2019utiliser la machine m\u00eame sur un terrain irr\u00e9gulier.<\/p>","protected":false},"excerpt":{"rendered":"<p>Cette nacelle pr\u00e9sente une structure m\u00e9tallique compos\u00e9e essentiellement d\u2019une plateforme fixe, d\u2019un m\u00e2t vertical et d\u2019un ch\u00e2ssis extensible. Avec sa petite surface antid\u00e9rapante, le panier peut supporter un seul op\u00e9rateur. Pour garantir la s\u00e9curit\u00e9 durant le travail en hauteur, la plateforme est dot\u00e9e de barri\u00e8res. Gr\u00e2ce \u00e0 son m\u00e2t vertical Toucan, la machine permet d\u2019acc\u00e9der&#8230;<\/p>","protected":false},"featured_media":1973,"comment_status":"closed","ping_status":"closed","template":"","meta":{"_acf_changed":false,"_bst_post_transparent":"default","_bst_post_title":"","_bst_post_layout":"default","_bst_post_sidebar_id":"","_bst_post_content_style":"default","_bst_post_vertical_padding":"default","_bst_post_feature":"","_bst_post_feature_position":"","_bst_post_header":false,"_bst_post_footer":false},"pwb-brand":[506],"product_brand":[],"product_cat":[],"product_tag":[],"product_brands":[],"class_list":{"0":"post-3105","1":"product","2":"type-product","3":"status-publish","4":"has-post-thumbnail","6":"pwb-brand-elevah","8":"first","9":"instock","10":"shipping-taxable","11":"purchasable","12":"product-type-simple","13":"entry","14":"content-bg","15":"loop-entry"},"acf":[],"brands":[{"id":506,"name":"ELEVAH","slug":"elevah"}],"_links":{"self":[{"href":"https:\/\/monechelle.ma\/ar\/wp-json\/wp\/v2\/product\/3105","targetHints":{"allow":["GET"]}}],"collection":[{"href":"https:\/\/monechelle.ma\/ar\/wp-json\/wp\/v2\/product"}],"about":[{"href":"https:\/\/monechelle.ma\/ar\/wp-json\/wp\/v2\/types\/product"}],"replies":[{"embeddable":true,"href":"https:\/\/monechelle.ma\/ar\/wp-json\/wp\/v2\/comments?post=3105"}],"version-history":[{"count":2,"href":"https:\/\/monechelle.ma\/ar\/wp-json\/wp\/v2\/product\/3105\/revisions"}],"predecessor-version":[{"id":8364,"href":"https:\/\/monechelle.ma\/ar\/wp-json\/wp\/v2\/product\/3105\/revisions\/8364"}],"wp:featuredmedia":[{"embeddable":true,"href":"https:\/\/monechelle.ma\/ar\/wp-json\/wp\/v2\/media\/1973"}],"wp:attachment":[{"href":"https:\/\/monechelle.ma\/ar\/wp-json\/wp\/v2\/media?parent=3105"}],"wp:term":[{"taxonomy":"pwb-brand","embeddable":true,"href":"https:\/\/monechelle.ma\/ar\/wp-json\/wp\/v2\/pwb-brand?post=3105"},{"taxonomy":"product_brand","embeddable":true,"href":"https:\/\/monechelle.ma\/ar\/wp-json\/wp\/v2\/product_brand?post=3105"},{"taxonomy":"product_cat","embeddable":true,"href":"https:\/\/monechelle.ma\/ar\/wp-json\/wp\/v2\/product_cat?post=3105"},{"taxonomy":"product_tag","embeddable":true,"href":"https:\/\/monechelle.ma\/ar\/wp-json\/wp\/v2\/product_tag?post=3105"},{"taxonomy":"product_brands","embeddable":true,"href":"https:\/\/monechelle.ma\/ar\/wp-json\/wp\/v2\/product_brands?post=3105"}],"curies":[{"name":"wp","href":"https:\/\/api.w.org\/{rel}","templated":true}]}}