{"id":3106,"date":"2024-11-28T13:01:29","date_gmt":"2024-11-28T12:01:29","guid":{"rendered":"https:\/\/monechelle.ma\/?post_type=product&#038;p=3106"},"modified":"2025-12-12T16:57:56","modified_gmt":"2025-12-12T15:57:56","slug":"plateforme-special-pour-verres","status":"publish","type":"product","link":"https:\/\/monechelle.ma\/ar\/product\/plateforme-special-pour-verres\/","title":{"rendered":"PLATEFORME Sp\u00e9cial pour verres"},"content":{"rendered":"<p>Le verre est un mat\u00e9riau \u00e9l\u00e9gant, mais aussi hautement fragile, car il est expos\u00e9 \u00e0 la cassure, aux rayures, etc. Pour une manipulation fiable, vous pouvez compter sur notre plateforme con\u00e7ue pour d\u00e9placer les vitres. En plus de disposer d\u2019un panier pour transporter en hauteur l\u2019op\u00e9rateur, cette nacelle est aussi \u00e9quip\u00e9e de supports rigides et de ventouses pour contenir une grande baie vitr\u00e9e. De ce fait, vous pourrez d\u00e9placer int\u00e9gralement le vitrage jusqu\u2019au site d\u2019installation, et ce, sans mobiliser plus de deux ouvriers ou artisans. \u00c0 pr\u00e9sent, pour la pose du vitrage, la plateforme dispose d\u2019un m\u00e2t vertical qui offre pr\u00e8s de 9,2 m\u00e8tres de hauteur de travail. Pour allonger le m\u00e2t du dispositif, il suffit d\u2019activer un circuit \u00e9lectronique.<\/p>\n<table style=\"border-collapse: collapse; width: 100%;\">\n<tbody>\n<tr>\n<td style=\"width: 50%;\">HAUTEUR MAXIMUM DE TRAVAIL<\/td>\n<td style=\"width: 50%;\">9,2 M<\/td>\n<\/tr>\n<tr>\n<td style=\"width: 50%;\">CAPACIT\u00c9 MAXIMALE<\/td>\n<td style=\"width: 50%;\">200 KG (PERSONNE + CHARGE)<\/td>\n<\/tr>\n<\/tbody>\n<\/table>","protected":false},"excerpt":{"rendered":"<p>Le verre est un mat\u00e9riau \u00e9l\u00e9gant, mais aussi hautement fragile, car il est expos\u00e9 \u00e0 la cassure, aux rayures, etc. Pour une manipulation fiable, vous pouvez compter sur notre plateforme con\u00e7ue pour d\u00e9placer les vitres. En plus de disposer d\u2019un panier pour transporter en hauteur l\u2019op\u00e9rateur, cette nacelle est aussi \u00e9quip\u00e9e de supports rigides et&#8230;<\/p>","protected":false},"featured_media":1980,"comment_status":"open","ping_status":"closed","template":"","meta":{"_acf_changed":false,"_bst_post_transparent":"default","_bst_post_title":"","_bst_post_layout":"default","_bst_post_sidebar_id":"","_bst_post_content_style":"default","_bst_post_vertical_padding":"default","_bst_post_feature":"","_bst_post_feature_position":"","_bst_post_header":false,"_bst_post_footer":false},"pwb-brand":[506],"product_brand":[],"product_cat":[],"product_tag":[],"product_brands":[],"class_list":{"0":"post-3106","1":"product","2":"type-product","3":"status-publish","4":"has-post-thumbnail","6":"pwb-brand-elevah","8":"first","9":"instock","10":"shipping-taxable","11":"purchasable","12":"product-type-simple","13":"entry","14":"content-bg","15":"loop-entry"},"acf":[],"brands":[{"id":506,"name":"ELEVAH","slug":"elevah"}],"_links":{"self":[{"href":"https:\/\/monechelle.ma\/ar\/wp-json\/wp\/v2\/product\/3106","targetHints":{"allow":["GET"]}}],"collection":[{"href":"https:\/\/monechelle.ma\/ar\/wp-json\/wp\/v2\/product"}],"about":[{"href":"https:\/\/monechelle.ma\/ar\/wp-json\/wp\/v2\/types\/product"}],"replies":[{"embeddable":true,"href":"https:\/\/monechelle.ma\/ar\/wp-json\/wp\/v2\/comments?post=3106"}],"version-history":[{"count":3,"href":"https:\/\/monechelle.ma\/ar\/wp-json\/wp\/v2\/product\/3106\/revisions"}],"predecessor-version":[{"id":8363,"href":"https:\/\/monechelle.ma\/ar\/wp-json\/wp\/v2\/product\/3106\/revisions\/8363"}],"wp:featuredmedia":[{"embeddable":true,"href":"https:\/\/monechelle.ma\/ar\/wp-json\/wp\/v2\/media\/1980"}],"wp:attachment":[{"href":"https:\/\/monechelle.ma\/ar\/wp-json\/wp\/v2\/media?parent=3106"}],"wp:term":[{"taxonomy":"pwb-brand","embeddable":true,"href":"https:\/\/monechelle.ma\/ar\/wp-json\/wp\/v2\/pwb-brand?post=3106"},{"taxonomy":"product_brand","embeddable":true,"href":"https:\/\/monechelle.ma\/ar\/wp-json\/wp\/v2\/product_brand?post=3106"},{"taxonomy":"product_cat","embeddable":true,"href":"https:\/\/monechelle.ma\/ar\/wp-json\/wp\/v2\/product_cat?post=3106"},{"taxonomy":"product_tag","embeddable":true,"href":"https:\/\/monechelle.ma\/ar\/wp-json\/wp\/v2\/product_tag?post=3106"},{"taxonomy":"product_brands","embeddable":true,"href":"https:\/\/monechelle.ma\/ar\/wp-json\/wp\/v2\/product_brands?post=3106"}],"curies":[{"name":"wp","href":"https:\/\/api.w.org\/{rel}","templated":true}]}}