{"id":3107,"date":"2024-11-28T13:01:30","date_gmt":"2024-11-28T12:01:30","guid":{"rendered":"https:\/\/monechelle.ma\/?post_type=product&#038;p=3107"},"modified":"2025-12-12T16:57:55","modified_gmt":"2025-12-12T15:57:55","slug":"plateforme-automotrice-manipulation-barrique-et-tonneau-en-cave","status":"publish","type":"product","link":"https:\/\/monechelle.ma\/ar\/product\/plateforme-automotrice-manipulation-barrique-et-tonneau-en-cave\/","title":{"rendered":"Plateforme automotrice manipulation barrique et tonneau en cave"},"content":{"rendered":"<p>Plate-forme compacte ideale pour les petits espaces. Elle fonctionne en seulement 120 cm.<\/p>\n<p>\u2022 Positionnement maximum des barriques 7m<br \/>\n\u2022 Port\u00e9 e des barriques 100kg<br \/>\n\u2022 Port\u00e9e de l\u2019operateur 100kg<br \/>\n\u2022 Syst\u00e8me de levage ligne HW: \u00e9conomique, pratique et polyvalent. Facile \u00e0 deplacer.<br \/>\n\u2022 Extraction manuelle en quelques operations faciles.<\/p>\n<p>Gr\u00e2ce \u00e0 cette nacelle \u00e9l\u00e9vatrice, vous pourrez ranger vos barils convenablement en hauteur. L\u2019appareil dispose d\u2019un m\u00e2t articul\u00e9 qui peut atteindre une hauteur de travail de 7 m\u00e8tres. Cela vous permet de superposer les f\u00fbts sur trois lignes horizontales. Bien que la plateforme poss\u00e8de des supports rigides pour saisir le baril, la machine est tr\u00e8s compacte. En effet, les piliers m\u00e9talliques pour lever la charge sont r\u00e9tractables. Vous pouvez les actionner \u00e0 l\u2019aide d\u2019un dispositif \u00e9lectronique. Ainsi, il devient facile d\u2019utiliser cet appareil dans un petit espace. En raison de sa robustesse, le chariot \u00e9l\u00e9vateurpeut supporter 200 kg, soit 100 kg pour lever la charge et 100 autres pour supporter l\u2019op\u00e9rateur.<\/p>\n<table style=\"border-collapse: collapse; width: 100%;\">\n<tbody>\n<tr>\n<td style=\"width: 50%;\">CAPACIT\u00c9 G\u00c9N\u00c9RALE<\/td>\n<td style=\"width: 50%;\">200 KG (OP\u00c9RATEUR + CHARGE)<\/td>\n<\/tr>\n<tr>\n<td style=\"width: 50%;\">CAPACIT\u00c9 DU SYST\u00c8ME DE LEVAGE<\/td>\n<td style=\"width: 50%;\">100 KG<\/td>\n<\/tr>\n<tr>\n<td style=\"width: 50%;\">ID\u00c9AL POUR<\/td>\n<td style=\"width: 50%;\">MANUTENTION ET R\u00c9PARTITION DES BARRIQUES<\/td>\n<\/tr>\n<\/tbody>\n<\/table>","protected":false},"excerpt":{"rendered":"<p>Plate-forme compacte ideale pour les petits espaces. Elle fonctionne en seulement 120 cm. \u2022 Positionnement maximum des barriques 7m \u2022 Port\u00e9 e des barriques 100kg \u2022 Port\u00e9e de l\u2019operateur 100kg \u2022 Syst\u00e8me de levage ligne HW: \u00e9conomique, pratique et polyvalent. Facile \u00e0 deplacer. \u2022 Extraction manuelle en quelques operations faciles. Gr\u00e2ce \u00e0 cette nacelle \u00e9l\u00e9vatrice,&#8230;<\/p>","protected":false},"featured_media":1991,"comment_status":"open","ping_status":"closed","template":"","meta":{"_acf_changed":false,"_bst_post_transparent":"default","_bst_post_title":"","_bst_post_layout":"default","_bst_post_sidebar_id":"","_bst_post_content_style":"default","_bst_post_vertical_padding":"default","_bst_post_feature":"","_bst_post_feature_position":"","_bst_post_header":false,"_bst_post_footer":false},"pwb-brand":[506],"product_brand":[],"product_cat":[],"product_tag":[],"product_brands":[],"class_list":{"0":"post-3107","1":"product","2":"type-product","3":"status-publish","4":"has-post-thumbnail","6":"pwb-brand-elevah","8":"first","9":"instock","10":"shipping-taxable","11":"purchasable","12":"product-type-simple","13":"entry","14":"content-bg","15":"loop-entry"},"acf":[],"brands":[{"id":506,"name":"ELEVAH","slug":"elevah"}],"_links":{"self":[{"href":"https:\/\/monechelle.ma\/ar\/wp-json\/wp\/v2\/product\/3107","targetHints":{"allow":["GET"]}}],"collection":[{"href":"https:\/\/monechelle.ma\/ar\/wp-json\/wp\/v2\/product"}],"about":[{"href":"https:\/\/monechelle.ma\/ar\/wp-json\/wp\/v2\/types\/product"}],"replies":[{"embeddable":true,"href":"https:\/\/monechelle.ma\/ar\/wp-json\/wp\/v2\/comments?post=3107"}],"version-history":[{"count":2,"href":"https:\/\/monechelle.ma\/ar\/wp-json\/wp\/v2\/product\/3107\/revisions"}],"predecessor-version":[{"id":8360,"href":"https:\/\/monechelle.ma\/ar\/wp-json\/wp\/v2\/product\/3107\/revisions\/8360"}],"wp:featuredmedia":[{"embeddable":true,"href":"https:\/\/monechelle.ma\/ar\/wp-json\/wp\/v2\/media\/1991"}],"wp:attachment":[{"href":"https:\/\/monechelle.ma\/ar\/wp-json\/wp\/v2\/media?parent=3107"}],"wp:term":[{"taxonomy":"pwb-brand","embeddable":true,"href":"https:\/\/monechelle.ma\/ar\/wp-json\/wp\/v2\/pwb-brand?post=3107"},{"taxonomy":"product_brand","embeddable":true,"href":"https:\/\/monechelle.ma\/ar\/wp-json\/wp\/v2\/product_brand?post=3107"},{"taxonomy":"product_cat","embeddable":true,"href":"https:\/\/monechelle.ma\/ar\/wp-json\/wp\/v2\/product_cat?post=3107"},{"taxonomy":"product_tag","embeddable":true,"href":"https:\/\/monechelle.ma\/ar\/wp-json\/wp\/v2\/product_tag?post=3107"},{"taxonomy":"product_brands","embeddable":true,"href":"https:\/\/monechelle.ma\/ar\/wp-json\/wp\/v2\/product_brands?post=3107"}],"curies":[{"name":"wp","href":"https:\/\/api.w.org\/{rel}","templated":true}]}}