{"id":3108,"date":"2024-11-28T13:01:31","date_gmt":"2024-11-28T12:01:31","guid":{"rendered":"https:\/\/monechelle.ma\/?post_type=product&#038;p=3108"},"modified":"2025-12-12T16:57:55","modified_gmt":"2025-12-12T15:57:55","slug":"plateforme-debarquement-en-altitude-6m","status":"publish","type":"product","link":"https:\/\/monechelle.ma\/ar\/product\/plateforme-debarquement-en-altitude-6m\/","title":{"rendered":"PLATEFORME DEBARQUEMENT EN ALTITUDE 6m"},"content":{"rendered":"<p>En plus d\u2019\u00eatre compacte, cette plateforme poss\u00e8de quatre roues. Ainsi, vous pouvez utiliser la nacelle dans un espace limit\u00e9 et effectuer plus librement des man\u0153uvres. L\u2019appareil dispose d\u2019une double configuration, de sorte que la plateforme puisse s\u2019adapter \u00e0 un op\u00e9rateur ou \u00e0 deux. Et tous les r\u00e9glages se font de fa\u00e7on \u00e9lectronique. Cela t\u00e9moigne du confort dont vous pourrez b\u00e9n\u00e9ficier \u00e0 l\u2019utilisation de cette machine. Sa hauteur de travail maximale est de 5 m\u00e8tres et ses stabilisateurs se d\u00e9plient suffisamment pour garantir une bonne stabilit\u00e9.<\/p>","protected":false},"excerpt":{"rendered":"<p>En plus d\u2019\u00eatre compacte, cette plateforme poss\u00e8de quatre roues. Ainsi, vous pouvez utiliser la nacelle dans un espace limit\u00e9 et effectuer plus librement des man\u0153uvres. L\u2019appareil dispose d\u2019une double configuration, de sorte que la plateforme puisse s\u2019adapter \u00e0 un op\u00e9rateur ou \u00e0 deux. Et tous les r\u00e9glages se font de fa\u00e7on \u00e9lectronique. Cela t\u00e9moigne du&#8230;<\/p>","protected":false},"featured_media":2003,"comment_status":"open","ping_status":"closed","template":"","meta":{"_acf_changed":false,"_bst_post_transparent":"default","_bst_post_title":"","_bst_post_layout":"default","_bst_post_sidebar_id":"","_bst_post_content_style":"default","_bst_post_vertical_padding":"default","_bst_post_feature":"","_bst_post_feature_position":"","_bst_post_header":false,"_bst_post_footer":false},"pwb-brand":[506],"product_brand":[],"product_cat":[],"product_tag":[],"product_brands":[],"class_list":{"0":"post-3108","1":"product","2":"type-product","3":"status-publish","4":"has-post-thumbnail","6":"pwb-brand-elevah","8":"first","9":"instock","10":"shipping-taxable","11":"purchasable","12":"product-type-simple","13":"entry","14":"content-bg","15":"loop-entry"},"acf":[],"brands":[{"id":506,"name":"ELEVAH","slug":"elevah"}],"_links":{"self":[{"href":"https:\/\/monechelle.ma\/ar\/wp-json\/wp\/v2\/product\/3108","targetHints":{"allow":["GET"]}}],"collection":[{"href":"https:\/\/monechelle.ma\/ar\/wp-json\/wp\/v2\/product"}],"about":[{"href":"https:\/\/monechelle.ma\/ar\/wp-json\/wp\/v2\/types\/product"}],"replies":[{"embeddable":true,"href":"https:\/\/monechelle.ma\/ar\/wp-json\/wp\/v2\/comments?post=3108"}],"version-history":[{"count":2,"href":"https:\/\/monechelle.ma\/ar\/wp-json\/wp\/v2\/product\/3108\/revisions"}],"predecessor-version":[{"id":8359,"href":"https:\/\/monechelle.ma\/ar\/wp-json\/wp\/v2\/product\/3108\/revisions\/8359"}],"wp:featuredmedia":[{"embeddable":true,"href":"https:\/\/monechelle.ma\/ar\/wp-json\/wp\/v2\/media\/2003"}],"wp:attachment":[{"href":"https:\/\/monechelle.ma\/ar\/wp-json\/wp\/v2\/media?parent=3108"}],"wp:term":[{"taxonomy":"pwb-brand","embeddable":true,"href":"https:\/\/monechelle.ma\/ar\/wp-json\/wp\/v2\/pwb-brand?post=3108"},{"taxonomy":"product_brand","embeddable":true,"href":"https:\/\/monechelle.ma\/ar\/wp-json\/wp\/v2\/product_brand?post=3108"},{"taxonomy":"product_cat","embeddable":true,"href":"https:\/\/monechelle.ma\/ar\/wp-json\/wp\/v2\/product_cat?post=3108"},{"taxonomy":"product_tag","embeddable":true,"href":"https:\/\/monechelle.ma\/ar\/wp-json\/wp\/v2\/product_tag?post=3108"},{"taxonomy":"product_brands","embeddable":true,"href":"https:\/\/monechelle.ma\/ar\/wp-json\/wp\/v2\/product_brands?post=3108"}],"curies":[{"name":"wp","href":"https:\/\/api.w.org\/{rel}","templated":true}]}}