{"id":3109,"date":"2024-11-28T13:01:32","date_gmt":"2024-11-28T12:01:32","guid":{"rendered":"https:\/\/monechelle.ma\/?post_type=product&#038;p=3109"},"modified":"2025-12-12T16:57:55","modified_gmt":"2025-12-12T15:57:55","slug":"elevah-50-move-air","status":"publish","type":"product","link":"https:\/\/monechelle.ma\/ar\/product\/elevah-50-move-air\/","title":{"rendered":"ELEVAH 50 Move AIR"},"content":{"rendered":"<p>Cette machine de seulement 78 cm de largeur, compl\u00e8tement prot\u00e9g\u00e9e, permet de travailler en toute s\u00e9curit\u00e9 jusqu&rsquo;\u00e0 5 m\u00e8tres (hauteur travail).\u2028 La compacit\u00e9 permet d&rsquo;entrer dans l&rsquo;espace entre le moteur et sa couverture. Les ouvertures lat\u00e9rales de la nacelle, \u00e0 2 r\u00e9glages diff\u00e9rents, permettent \u00e0 l&rsquo;op\u00e9rateur de s\u2019appuyer sur la paroi de la nacelle et d&rsquo;effectuer l&rsquo;entretien en toute commodit\u00e9. R\u00e9alis\u00e9e pour l&rsquo;entretien des moteurs des Airbus, cette inclinaison est particuli\u00e8rement utile pour r\u00e9ussir \u00e0 arriver en points non accessibles avec les \u00e9chelles normales. Automotrice en hauteur, avec la nacelle ferm\u00e9e, pour se d\u00e9placer d&rsquo;une zone de travail \u00e0 l\u2019autre.<\/p>\n<table style=\"border-collapse: collapse; width: 100%;\">\n<tbody>\n<tr>\n<td style=\"width: 50%;\">HAUTEUR MAXIMUM DE TRAVAIL<\/td>\n<td style=\"width: 50%;\">5 M<\/td>\n<\/tr>\n<tr>\n<td style=\"width: 50%;\">DIMENSIONS<\/td>\n<td style=\"width: 50%;\">78 X 128 CM H : 176 CM<\/td>\n<\/tr>\n<tr>\n<td style=\"width: 50%;\">CAPACIT\u00c9 MAXIMALE<\/td>\n<td style=\"width: 50%;\">200 KG<\/td>\n<\/tr>\n<tr>\n<td style=\"width: 50%;\">POIDS DE LA MACHINE<\/td>\n<td style=\"width: 50%;\">850 KG<\/td>\n<\/tr>\n<\/tbody>\n<\/table>","protected":false},"excerpt":{"rendered":"<p>Cette machine de seulement 78 cm de largeur, compl\u00e8tement prot\u00e9g\u00e9e, permet de travailler en toute s\u00e9curit\u00e9 jusqu&rsquo;\u00e0 5 m\u00e8tres (hauteur travail).\u2028 La compacit\u00e9 permet d&rsquo;entrer dans l&rsquo;espace entre le moteur et sa couverture. Les ouvertures lat\u00e9rales de la nacelle, \u00e0 2 r\u00e9glages diff\u00e9rents, permettent \u00e0 l&rsquo;op\u00e9rateur de s\u2019appuyer sur la paroi de la nacelle et&#8230;<\/p>","protected":false},"featured_media":2010,"comment_status":"open","ping_status":"closed","template":"","meta":{"_acf_changed":false,"_bst_post_transparent":"default","_bst_post_title":"","_bst_post_layout":"default","_bst_post_sidebar_id":"","_bst_post_content_style":"default","_bst_post_vertical_padding":"default","_bst_post_feature":"","_bst_post_feature_position":"","_bst_post_header":false,"_bst_post_footer":false},"pwb-brand":[506],"product_brand":[],"product_cat":[],"product_tag":[],"product_brands":[],"class_list":{"0":"post-3109","1":"product","2":"type-product","3":"status-publish","4":"has-post-thumbnail","6":"pwb-brand-elevah","8":"first","9":"instock","10":"shipping-taxable","11":"purchasable","12":"product-type-simple","13":"entry","14":"content-bg","15":"loop-entry"},"acf":[],"brands":[{"id":506,"name":"ELEVAH","slug":"elevah"}],"_links":{"self":[{"href":"https:\/\/monechelle.ma\/ar\/wp-json\/wp\/v2\/product\/3109","targetHints":{"allow":["GET"]}}],"collection":[{"href":"https:\/\/monechelle.ma\/ar\/wp-json\/wp\/v2\/product"}],"about":[{"href":"https:\/\/monechelle.ma\/ar\/wp-json\/wp\/v2\/types\/product"}],"replies":[{"embeddable":true,"href":"https:\/\/monechelle.ma\/ar\/wp-json\/wp\/v2\/comments?post=3109"}],"version-history":[{"count":3,"href":"https:\/\/monechelle.ma\/ar\/wp-json\/wp\/v2\/product\/3109\/revisions"}],"predecessor-version":[{"id":8355,"href":"https:\/\/monechelle.ma\/ar\/wp-json\/wp\/v2\/product\/3109\/revisions\/8355"}],"wp:featuredmedia":[{"embeddable":true,"href":"https:\/\/monechelle.ma\/ar\/wp-json\/wp\/v2\/media\/2010"}],"wp:attachment":[{"href":"https:\/\/monechelle.ma\/ar\/wp-json\/wp\/v2\/media?parent=3109"}],"wp:term":[{"taxonomy":"pwb-brand","embeddable":true,"href":"https:\/\/monechelle.ma\/ar\/wp-json\/wp\/v2\/pwb-brand?post=3109"},{"taxonomy":"product_brand","embeddable":true,"href":"https:\/\/monechelle.ma\/ar\/wp-json\/wp\/v2\/product_brand?post=3109"},{"taxonomy":"product_cat","embeddable":true,"href":"https:\/\/monechelle.ma\/ar\/wp-json\/wp\/v2\/product_cat?post=3109"},{"taxonomy":"product_tag","embeddable":true,"href":"https:\/\/monechelle.ma\/ar\/wp-json\/wp\/v2\/product_tag?post=3109"},{"taxonomy":"product_brands","embeddable":true,"href":"https:\/\/monechelle.ma\/ar\/wp-json\/wp\/v2\/product_brands?post=3109"}],"curies":[{"name":"wp","href":"https:\/\/api.w.org\/{rel}","templated":true}]}}