{"id":3111,"date":"2024-11-28T13:01:33","date_gmt":"2024-11-28T12:01:33","guid":{"rendered":"https:\/\/monechelle.ma\/?post_type=product&#038;p=3111"},"modified":"2025-12-12T16:57:55","modified_gmt":"2025-12-12T15:57:55","slug":"pks-920","status":"publish","type":"product","link":"https:\/\/monechelle.ma\/ar\/product\/pks-920\/","title":{"rendered":"PKS 920"},"content":{"rendered":"<p>PKS 920 PLATE-FORME SUPER COMPACTE : FERM\u00c9E H. 187 CM. VRS est un syst\u00e8me de 12 roues, r\u00e9glables, qui permet d\u2019obtenir un coulissement parfait et sans \u00ab jeu \u00bb, en garantissant la stabilit\u00e9 maximale. Autotraction en hauteur h. max. 9,2 m Homologu\u00e9e pour un usage \u00e0 l&rsquo;ext\u00e9rieur avec 2 op\u00e9rateurs et une port\u00e9e max. de 200 kg.<\/p>","protected":false},"excerpt":{"rendered":"<p>PKS 920 PLATE-FORME SUPER COMPACTE : FERM\u00c9E H. 187 CM. VRS est un syst\u00e8me de 12 roues, r\u00e9glables, qui permet d\u2019obtenir un coulissement parfait et sans \u00ab jeu \u00bb, en garantissant la stabilit\u00e9 maximale. Autotraction en hauteur h. max. 9,2 m Homologu\u00e9e pour un usage \u00e0 l&rsquo;ext\u00e9rieur avec 2 op\u00e9rateurs et une port\u00e9e max. de&#8230;<\/p>","protected":false},"featured_media":2028,"comment_status":"open","ping_status":"closed","template":"","meta":{"_acf_changed":false,"_bst_post_transparent":"default","_bst_post_title":"","_bst_post_layout":"default","_bst_post_sidebar_id":"","_bst_post_content_style":"default","_bst_post_vertical_padding":"default","_bst_post_feature":"","_bst_post_feature_position":"","_bst_post_header":false,"_bst_post_footer":false},"pwb-brand":[506],"product_brand":[],"product_cat":[],"product_tag":[],"product_brands":[],"class_list":{"0":"post-3111","1":"product","2":"type-product","3":"status-publish","4":"has-post-thumbnail","6":"pwb-brand-elevah","8":"first","9":"instock","10":"shipping-taxable","11":"purchasable","12":"product-type-simple","13":"entry","14":"content-bg","15":"loop-entry"},"acf":[],"brands":[{"id":506,"name":"ELEVAH","slug":"elevah"}],"_links":{"self":[{"href":"https:\/\/monechelle.ma\/ar\/wp-json\/wp\/v2\/product\/3111","targetHints":{"allow":["GET"]}}],"collection":[{"href":"https:\/\/monechelle.ma\/ar\/wp-json\/wp\/v2\/product"}],"about":[{"href":"https:\/\/monechelle.ma\/ar\/wp-json\/wp\/v2\/types\/product"}],"replies":[{"embeddable":true,"href":"https:\/\/monechelle.ma\/ar\/wp-json\/wp\/v2\/comments?post=3111"}],"version-history":[{"count":2,"href":"https:\/\/monechelle.ma\/ar\/wp-json\/wp\/v2\/product\/3111\/revisions"}],"predecessor-version":[{"id":8353,"href":"https:\/\/monechelle.ma\/ar\/wp-json\/wp\/v2\/product\/3111\/revisions\/8353"}],"wp:featuredmedia":[{"embeddable":true,"href":"https:\/\/monechelle.ma\/ar\/wp-json\/wp\/v2\/media\/2028"}],"wp:attachment":[{"href":"https:\/\/monechelle.ma\/ar\/wp-json\/wp\/v2\/media?parent=3111"}],"wp:term":[{"taxonomy":"pwb-brand","embeddable":true,"href":"https:\/\/monechelle.ma\/ar\/wp-json\/wp\/v2\/pwb-brand?post=3111"},{"taxonomy":"product_brand","embeddable":true,"href":"https:\/\/monechelle.ma\/ar\/wp-json\/wp\/v2\/product_brand?post=3111"},{"taxonomy":"product_cat","embeddable":true,"href":"https:\/\/monechelle.ma\/ar\/wp-json\/wp\/v2\/product_cat?post=3111"},{"taxonomy":"product_tag","embeddable":true,"href":"https:\/\/monechelle.ma\/ar\/wp-json\/wp\/v2\/product_tag?post=3111"},{"taxonomy":"product_brands","embeddable":true,"href":"https:\/\/monechelle.ma\/ar\/wp-json\/wp\/v2\/product_brands?post=3111"}],"curies":[{"name":"wp","href":"https:\/\/api.w.org\/{rel}","templated":true}]}}