{"id":3113,"date":"2024-11-28T13:01:34","date_gmt":"2024-11-28T12:01:34","guid":{"rendered":"https:\/\/monechelle.ma\/?post_type=product&#038;p=3113"},"modified":"2025-12-12T16:57:55","modified_gmt":"2025-12-12T15:57:55","slug":"zp-200","status":"publish","type":"product","link":"https:\/\/monechelle.ma\/ar\/product\/zp-200\/","title":{"rendered":"ZP 200"},"content":{"rendered":"<p>ZP 200 LA SEULE PLATE-FORME POUR 2 OP\u00c9RATEURS AVEC UN POSITIONNEMENT MANUEL, \u00c0 USAGE INT\u00c9RIEUR ET EXT\u00c9RIEUR.<\/p>\n<p>Une plate-forme a\u00e9rienne de 10 m de hauteur qui passe par une porte, encombrement L. 78x H.198.<\/p>\n<p>Avec le Kit SR05, toutes les plates-formes de la s\u00e9rie PK se chargent et se d\u00e9chargent facilement m\u00eame avec un seul op\u00e9rateur.<\/p>\n<p>ATTENTION:<br \/>\nVOUS ATTEIGNEZ LA HAUTEUR MAXIMALE EN PLA\u00c7ANT LA NACELLE DANS LA POSITION RELEV\u00c9E COMME INDIQU\u00c9 AVEC LA COTE \u00abO\u00bb.<\/p>","protected":false},"excerpt":{"rendered":"<p>ZP 200 LA SEULE PLATE-FORME POUR 2 OP\u00c9RATEURS AVEC UN POSITIONNEMENT MANUEL, \u00c0 USAGE INT\u00c9RIEUR ET EXT\u00c9RIEUR. Une plate-forme a\u00e9rienne de 10 m de hauteur qui passe par une porte, encombrement L. 78x H.198. Avec le Kit SR05, toutes les plates-formes de la s\u00e9rie PK se chargent et se d\u00e9chargent facilement m\u00eame avec un seul&#8230;<\/p>","protected":false},"featured_media":2044,"comment_status":"open","ping_status":"closed","template":"","meta":{"_acf_changed":false,"_bst_post_transparent":"default","_bst_post_title":"","_bst_post_layout":"default","_bst_post_sidebar_id":"","_bst_post_content_style":"default","_bst_post_vertical_padding":"default","_bst_post_feature":"","_bst_post_feature_position":"","_bst_post_header":false,"_bst_post_footer":false},"pwb-brand":[506],"product_brand":[],"product_cat":[],"product_tag":[],"product_brands":[],"class_list":{"0":"post-3113","1":"product","2":"type-product","3":"status-publish","4":"has-post-thumbnail","6":"pwb-brand-elevah","8":"first","9":"instock","10":"shipping-taxable","11":"purchasable","12":"product-type-simple","13":"entry","14":"content-bg","15":"loop-entry"},"acf":[],"brands":[{"id":506,"name":"ELEVAH","slug":"elevah"}],"_links":{"self":[{"href":"https:\/\/monechelle.ma\/ar\/wp-json\/wp\/v2\/product\/3113","targetHints":{"allow":["GET"]}}],"collection":[{"href":"https:\/\/monechelle.ma\/ar\/wp-json\/wp\/v2\/product"}],"about":[{"href":"https:\/\/monechelle.ma\/ar\/wp-json\/wp\/v2\/types\/product"}],"replies":[{"embeddable":true,"href":"https:\/\/monechelle.ma\/ar\/wp-json\/wp\/v2\/comments?post=3113"}],"version-history":[{"count":2,"href":"https:\/\/monechelle.ma\/ar\/wp-json\/wp\/v2\/product\/3113\/revisions"}],"predecessor-version":[{"id":8352,"href":"https:\/\/monechelle.ma\/ar\/wp-json\/wp\/v2\/product\/3113\/revisions\/8352"}],"wp:featuredmedia":[{"embeddable":true,"href":"https:\/\/monechelle.ma\/ar\/wp-json\/wp\/v2\/media\/2044"}],"wp:attachment":[{"href":"https:\/\/monechelle.ma\/ar\/wp-json\/wp\/v2\/media?parent=3113"}],"wp:term":[{"taxonomy":"pwb-brand","embeddable":true,"href":"https:\/\/monechelle.ma\/ar\/wp-json\/wp\/v2\/pwb-brand?post=3113"},{"taxonomy":"product_brand","embeddable":true,"href":"https:\/\/monechelle.ma\/ar\/wp-json\/wp\/v2\/product_brand?post=3113"},{"taxonomy":"product_cat","embeddable":true,"href":"https:\/\/monechelle.ma\/ar\/wp-json\/wp\/v2\/product_cat?post=3113"},{"taxonomy":"product_tag","embeddable":true,"href":"https:\/\/monechelle.ma\/ar\/wp-json\/wp\/v2\/product_tag?post=3113"},{"taxonomy":"product_brands","embeddable":true,"href":"https:\/\/monechelle.ma\/ar\/wp-json\/wp\/v2\/product_brands?post=3113"}],"curies":[{"name":"wp","href":"https:\/\/api.w.org\/{rel}","templated":true}]}}