{"id":6116,"date":"2025-07-04T14:04:02","date_gmt":"2025-07-04T12:04:02","guid":{"rendered":"https:\/\/monechelle.ma\/product\/sg60\/"},"modified":"2026-04-06T16:03:10","modified_gmt":"2026-04-06T15:03:10","slug":"echelle-fixe-sg60","status":"publish","type":"product","link":"https:\/\/monechelle.ma\/ar\/product\/echelle-fixe-sg60\/","title":{"rendered":"\u0633\u0644\u0645 \u062b\u0627\u0628\u062a SG60"},"content":{"rendered":"<p>\u064a\u0648\u0641\u0631 \u0627\u0644\u0633\u0644\u0645 \u0627\u0644\u0645\u0635\u0646\u0648\u0639 \u0645\u0646 \u0627\u0644\u0623\u0644\u0648\u0645\u0646\u064a\u0648\u0645 \u0627\u0644\u062b\u0627\u0628\u062a SG60 \u0648\u0635\u0648\u0644\u0627\u064b \u0645\u0631\u064a\u062d\u0627\u064b \u0648\u0622\u0645\u0646\u0627\u064b \u0625\u0644\u0649 \u0627\u0644\u0645\u064a\u0632\u0627\u0646\u064a\u0646 \u0648\u0627\u0644\u0639\u0644\u064a\u0627\u062a \u0641\u064a \u0627\u0644\u0647\u064a\u0627\u0643\u0644 \u0627\u0644\u0635\u0646\u0627\u0639\u064a\u0629.<\/p>\n<p>\u0648\u0647\u0648 \u0645\u0632\u0648\u062f \u0628\u0644\u0648\u062d\u062a\u064a \u062a\u062b\u0628\u064a\u062a \u0641\u064a \u0627\u0644\u0623\u0639\u0644\u0649 \u0648\u0642\u0627\u0639\u062f\u0629 \u062a\u062b\u0628\u064a\u062a \u0645\u0632\u0648\u062f\u0629 \u0628\u0648\u0633\u0627\u062f\u0627\u062a \u0645\u0636\u0627\u062f\u0629 \u0644\u0644\u0627\u0647\u062a\u0632\u0627\u0632 (\u062d\u0633\u0628 \u0627\u0644\u0637\u0631\u0627\u0632) \u0644\u0636\u0645\u0627\u0646 \u0627\u0633\u062a\u0642\u0631\u0627\u0631\u0647.<\/p>\n<p>\u0648\u0647\u0648 \u0645\u062c\u0647\u0632 \u0628\u062f\u0631\u0627\u0628\u0632\u064a\u0646 \u062c\u0627\u0646\u0628\u064a \u0648\u062f\u0631\u0627\u0628\u0632\u064a\u0646 \u0647\u0628\u0648\u0637 \u0628\u0627\u0631\u062a\u0641\u0627\u0639 \u0645\u062a\u0631 \u0648\u0627\u062d\u062f\u060c \u0645\u0635\u0645\u0645 \u0648\u0641\u0642\u064b\u0627 \u0644\u0644\u0648\u0627\u0626\u062d.<\/p>\n<p>\u064a\u062a\u0648\u0627\u0641\u0642 \u0627\u0631\u062a\u0641\u0627\u0639 \u0627\u0644\u0648\u0635\u0648\u0644 \u0644\u0647\u0630\u0627 \u0627\u0644\u0645\u0646\u062a\u062c \u0645\u0639 \u0627\u0644\u0645\u0639\u064a\u0627\u0631 \u0627\u0644\u0623\u0648\u0631\u0648\u0628\u064a EN 14122-3\u060c \u0648\u0647\u0648 \u0645\u0632\u0648\u062f \u0628\u0634\u0647\u0627\u062f\u0629 \u0645\u0637\u0627\u0628\u0642\u0629 \u0648\u062f\u0644\u064a\u0644 \u0627\u0633\u062a\u062e\u062f\u0627\u0645. \u062a\u0628\u0644\u063a \u062d\u0645\u0648\u0644\u062a\u0647 \u0627\u0644\u0642\u0635\u0648\u0649 150 \u0643\u062c\u0645.<\/p>\n<div><img decoding=\"async\" class=\"size-full wp-image-29277\" src=\"https:\/\/monechelle.ma\/wp-content\/uploads\/2025\/07\/EN-14122-3-faraone.webp\" alt=\"EN-14122\" width=\"500\" \/><\/div>","protected":false},"excerpt":{"rendered":"<p>L&rsquo;\u00e9chelle fixe SG60 en aluminium permet un acc\u00e8s pratique et s\u00e9curis\u00e9 aux mezzanines et aux combles des structures industrielles. Elle est dot\u00e9e de deux platines d&rsquo;ancrage en haut et d&rsquo;une base stabilisatrice avec patins antivibratoires (selon le mod\u00e8le) pour garantir sa stabilit\u00e9. Elle est \u00e9quip\u00e9e de garde-corps lat\u00e9raux et de garde-corps de palier d&rsquo;un m\u00e8tre&#8230;<\/p>","protected":false},"featured_media":6015,"comment_status":"open","ping_status":"closed","template":"","meta":{"_acf_changed":false,"_bst_post_transparent":"default","_bst_post_title":"","_bst_post_layout":"default","_bst_post_sidebar_id":"","_bst_post_content_style":"default","_bst_post_vertical_padding":"default","_bst_post_feature":"","_bst_post_feature_position":"","_bst_post_header":false,"_bst_post_footer":false},"pwb-brand":[507],"product_brand":[],"product_cat":[463],"product_tag":[],"product_brands":[],"class_list":{"0":"post-6116","1":"product","2":"type-product","3":"status-publish","4":"has-post-thumbnail","6":"pwb-brand-faraone","7":"product_cat-echelles","9":"first","10":"instock","11":"shipping-taxable","12":"product-type-variable","13":"entry","14":"content-bg","15":"loop-entry"},"acf":[],"brands":[{"id":507,"name":"\u0641\u0627\u0631\u0648\u0648\u0646","slug":"faraone"}],"_links":{"self":[{"href":"https:\/\/monechelle.ma\/ar\/wp-json\/wp\/v2\/product\/6116","targetHints":{"allow":["GET"]}}],"collection":[{"href":"https:\/\/monechelle.ma\/ar\/wp-json\/wp\/v2\/product"}],"about":[{"href":"https:\/\/monechelle.ma\/ar\/wp-json\/wp\/v2\/types\/product"}],"replies":[{"embeddable":true,"href":"https:\/\/monechelle.ma\/ar\/wp-json\/wp\/v2\/comments?post=6116"}],"version-history":[{"count":8,"href":"https:\/\/monechelle.ma\/ar\/wp-json\/wp\/v2\/product\/6116\/revisions"}],"predecessor-version":[{"id":9536,"href":"https:\/\/monechelle.ma\/ar\/wp-json\/wp\/v2\/product\/6116\/revisions\/9536"}],"wp:featuredmedia":[{"embeddable":true,"href":"https:\/\/monechelle.ma\/ar\/wp-json\/wp\/v2\/media\/6015"}],"wp:attachment":[{"href":"https:\/\/monechelle.ma\/ar\/wp-json\/wp\/v2\/media?parent=6116"}],"wp:term":[{"taxonomy":"pwb-brand","embeddable":true,"href":"https:\/\/monechelle.ma\/ar\/wp-json\/wp\/v2\/pwb-brand?post=6116"},{"taxonomy":"product_brand","embeddable":true,"href":"https:\/\/monechelle.ma\/ar\/wp-json\/wp\/v2\/product_brand?post=6116"},{"taxonomy":"product_cat","embeddable":true,"href":"https:\/\/monechelle.ma\/ar\/wp-json\/wp\/v2\/product_cat?post=6116"},{"taxonomy":"product_tag","embeddable":true,"href":"https:\/\/monechelle.ma\/ar\/wp-json\/wp\/v2\/product_tag?post=6116"},{"taxonomy":"product_brands","embeddable":true,"href":"https:\/\/monechelle.ma\/ar\/wp-json\/wp\/v2\/product_brands?post=6116"}],"curies":[{"name":"wp","href":"https:\/\/api.w.org\/{rel}","templated":true}]}}