{"id":6269,"date":"2025-08-07T15:51:49","date_gmt":"2025-08-07T13:51:49","guid":{"rendered":"https:\/\/monechelle.ma\/product\/publistep\/"},"modified":"2026-02-04T15:31:30","modified_gmt":"2026-02-04T14:31:30","slug":"publistep","status":"publish","type":"product","link":"https:\/\/monechelle.ma\/ar\/product\/publistep\/","title":{"rendered":"Publistep"},"content":{"rendered":"<h2 id=\"details\" class=\"t1\">Caract\u00e9ristiques<\/h2>\n<p>L&rsquo;escalier <strong>PUBLISTEP <\/strong>est compos\u00e9 de : garde-corps de palier, de longerons et longerons renforc\u00e9s, de planchers acier, de montants, de couvre-joints, de diagonales, de limon x marches droit et gauche, avec et sans garde-corps, de limons de d\u00e9part, de manchons de d\u00e9part,&nbsp;de cales, de poteaux de d\u00e9part, de socles \u00e0 vis et de marches.<\/p>\n<p><strong>6 configurations sont pr\u00e9d\u00e9finies :<\/strong><\/p>\n<p>1) Escalier quart et demi tournant avec palier en 2 ou 3 Unit\u00e9s de passage permettant l\u2019acc\u00e8s \u00e0 une toiture terrasse. Cette configuration peut \u00e9galement \u00eatre utilis\u00e9e en sortie de secours.<\/p>\n<p>2) Escalier double quart tournant et palier en 2 ou 3 Unit\u00e9s de passage permettant l\u2019acc\u00e8s entre deux niveaux de dalle d\u2019un b\u00e2timent.<\/p>\n<p>3) Escalier demi tournant et palier 2 ou 3 Unit\u00e9s de passage permettant l\u2019acc\u00e8s \u00e0 deux bungalows superpos\u00e9s d\u2019une base vie.<\/p>\n<p>4) Double escalier demi tournant et palier en 2 ou 3 Unit\u00e9s de passage permettant l\u2019acc\u00e8s au tablier d\u2019un pont.<\/p>\n<p>5) Escalier droit d\u2019acc\u00e8s 2 fois 2 ou 3 Unit\u00e9s de passage parall\u00e8le. Hauteur d\u2019acc\u00e8s de 4m (24 marches).<\/p>\n<p>6) Passerelle d\u2019enjambement auto stable desservie par deux escaliers demi tournant et palier 2 ou 3 Unit\u00e9s de passage. Elle permet de franchir une voie de circulation.<\/p>","protected":false},"excerpt":{"rendered":"<div class=\"d-inline-flex\">\n    <img decoding=\"async\" width=\"128\" height=\"40\" class=\"p-comabi\" src=\"https:\/\/monechelle.ma\/wp-content\/uploads\/2025\/09\/comabi.webp\" alt=\"comabi\" \/><br \/>\n    <img decoding=\"async\" width=\"100\" height=\"100\" class=\"fr\" src=\"https:\/\/monechelle.ma\/wp-content\/uploads\/2025\/09\/fabrique-en-france.webp\" alt=\"fabrique-en-france\" \/>\n<\/div>\n<p>Conforme \u00e0 la norme NF P 93-523<\/p>\n<p>L\u2019escalier grand public PUBLISTEP permet la r\u00e9alisation d\u2019acc\u00e8s provisoires s\u00e9curis\u00e9es :<\/p>\n<ul>\n<li>Lors de travaux dans les lieux publics (gare, station m\u00e9tro, a\u00e9roport, voie publique &#8230;).<\/li>\n<li>Pour des sorties de secours pour les \u00e9tablissements recevant du public (ERP)<\/li>\n<\/ul>\n<p>Limons, garde-corps de palier, marches, couvre-joints, accessoires&#8230;<\/p>\n<p>PUBLISTEP est con\u00e7u \u00e0 partir d&rsquo;\u00e9l\u00e9ments standards des \u00e9chafaudages M368 et Solidium conformes \u00e0 l&rsquo;EN 12810 et EN 12811, offrant toutes les garanties de confort et s\u00e9curit\u00e9 pour la circulation du public.<\/p>","protected":false},"featured_media":6268,"comment_status":"open","ping_status":"closed","template":"","meta":{"_acf_changed":false,"_bst_post_transparent":"default","_bst_post_title":"","_bst_post_layout":"default","_bst_post_sidebar_id":"","_bst_post_content_style":"default","_bst_post_vertical_padding":"default","_bst_post_feature":"","_bst_post_feature_position":"","_bst_post_header":false,"_bst_post_footer":false},"pwb-brand":[556],"product_brand":[],"product_cat":[],"product_tag":[],"product_brands":[],"class_list":{"0":"post-6269","1":"product","2":"type-product","3":"status-publish","4":"has-post-thumbnail","6":"pwb-brand-comabi","8":"first","9":"instock","10":"shipping-taxable","11":"product-type-simple","12":"entry","13":"content-bg","14":"loop-entry"},"acf":[],"brands":[{"id":556,"name":"COMABI","slug":"comabi"}],"_links":{"self":[{"href":"https:\/\/monechelle.ma\/ar\/wp-json\/wp\/v2\/product\/6269","targetHints":{"allow":["GET"]}}],"collection":[{"href":"https:\/\/monechelle.ma\/ar\/wp-json\/wp\/v2\/product"}],"about":[{"href":"https:\/\/monechelle.ma\/ar\/wp-json\/wp\/v2\/types\/product"}],"replies":[{"embeddable":true,"href":"https:\/\/monechelle.ma\/ar\/wp-json\/wp\/v2\/comments?post=6269"}],"version-history":[{"count":4,"href":"https:\/\/monechelle.ma\/ar\/wp-json\/wp\/v2\/product\/6269\/revisions"}],"predecessor-version":[{"id":7326,"href":"https:\/\/monechelle.ma\/ar\/wp-json\/wp\/v2\/product\/6269\/revisions\/7326"}],"wp:featuredmedia":[{"embeddable":true,"href":"https:\/\/monechelle.ma\/ar\/wp-json\/wp\/v2\/media\/6268"}],"wp:attachment":[{"href":"https:\/\/monechelle.ma\/ar\/wp-json\/wp\/v2\/media?parent=6269"}],"wp:term":[{"taxonomy":"pwb-brand","embeddable":true,"href":"https:\/\/monechelle.ma\/ar\/wp-json\/wp\/v2\/pwb-brand?post=6269"},{"taxonomy":"product_brand","embeddable":true,"href":"https:\/\/monechelle.ma\/ar\/wp-json\/wp\/v2\/product_brand?post=6269"},{"taxonomy":"product_cat","embeddable":true,"href":"https:\/\/monechelle.ma\/ar\/wp-json\/wp\/v2\/product_cat?post=6269"},{"taxonomy":"product_tag","embeddable":true,"href":"https:\/\/monechelle.ma\/ar\/wp-json\/wp\/v2\/product_tag?post=6269"},{"taxonomy":"product_brands","embeddable":true,"href":"https:\/\/monechelle.ma\/ar\/wp-json\/wp\/v2\/product_brands?post=6269"}],"curies":[{"name":"wp","href":"https:\/\/api.w.org\/{rel}","templated":true}]}}