{"id":6280,"date":"2025-08-07T15:52:13","date_gmt":"2025-08-07T13:52:13","guid":{"rendered":"https:\/\/monechelle.ma\/product\/parapluie-master-2-aluminium\/"},"modified":"2026-02-04T15:31:21","modified_gmt":"2026-02-04T14:31:21","slug":"parapluie-master-2-aluminium","status":"publish","type":"product","link":"https:\/\/monechelle.ma\/ar\/product\/parapluie-master-2-aluminium\/","title":{"rendered":"Parapluie Master 2 Aluminium"},"content":{"rendered":"<h2 id=\"details\" class=\"t1\">Caract\u00e9ristique<\/h2>\n<p>Deux configurations possibles :<\/p>\n<p>1) Grutable avec les poutres<\/p>\n<p>2) Non grutable avec les longerons<\/p>\n<p><strong>DE NOMBREUX AVANTAGES POUR&nbsp;:<\/strong><\/p>\n<p>LES MONTEURS D&rsquo;\u00c9CHAFAUDAGES<\/p>\n<p>Rapidit\u00e9 : montage et d\u00e9montage simplifi\u00e9s gr\u00e2ce au syst\u00e8me roulant et sans outil. Mise en place rapide des b\u00e2ches. L\u00e9g\u00e8ret\u00e9 : structure en aluminium : 15 kg\/m\u00b2. Polyvalence : possibilit\u00e9 de monter des trav\u00e9es de 3,00 m. Plusieurs trav\u00e9es grutables en m\u00eame temps. Fa\u00eetage 18\u00b0 ou 36\u00b0 en fonction des \u00e9difices. Compatibilit\u00e9 : compatible avec tous les types de toitures et s\u2019adapte pour les couvertures de grandes trav\u00e9es. Co\u00fbt : r\u00e9duction du temps et de la main d\u2019\u0153uvre sur le chantier.<\/p>\n<p>LE CONCEPTEUR DE L\u2019\u00c9CHAFAUDAGE<\/p>\n<p>Compatibilit\u00e9 : compatible avec tous les types de toitures et s\u2019adapte pour les couvertures de grandes trav\u00e9es. S\u00e9curit\u00e9 : construction robuste et protection suppl\u00e9mentaire pour le travail en hauteur. R\u00e9sistance : r\u00e9sistance des port\u00e9es de 36,00 m en configuration sym\u00e9trique avec des trav\u00e9es de 3,00 m.<\/p>\n<p>LE MA\u00ceTRE D\u2019\u0152UVRE<\/p>\n<p>Co\u00fbt : r\u00e9duction des temps d\u2019inactivit\u00e9 \u00e0 la suite des mauvaises conditions m\u00e9t\u00e9orologiques. Les b\u00e2ches \u00e9tanches permettent la continuit\u00e9 de l\u2019activit\u00e9 et r\u00e9duisent ainsi le nombre de jours perdus. Rapidit\u00e9 : syst\u00e8me rapide et l\u00e9ger, montage et d\u00e9montage simplifi\u00e9s. S\u00e9curit\u00e9 : construction robuste et protection suppl\u00e9mentaire pour le travail en hauteur.<\/p>\n<p>LE PROPRI\u00c9TAIRE DU B\u00c2TIMENT ET L\u2019UTILISATEUR FINAL<\/p>\n<p>Co\u00fbt : r\u00e9duction des co\u00fbts gr\u00e2ce \u00e0 l\u2019\u00e9tanch\u00e9it\u00e9 de la couverture face aux intemp\u00e9ries qui permet de finir plus rapidement les travaux. Protection : le parapluie prot\u00e8ge contre la pluie et les dommages occasionn\u00e9s par le vent. \u00c0 l\u2019int\u00e9rieur, il prot\u00e8ge les mat\u00e9riaux de construction et le contenu contre une exposition aux \u00e9l\u00e9ments. \u00c0 l\u2019ext\u00e9rieur, il peut contenir les poussi\u00e8res et les d\u00e9bris lors des travaux.<\/p>","protected":false},"excerpt":{"rendered":"<div class=\"d-inline-flex\">\n    <img decoding=\"async\" width=\"128\" height=\"40\" class=\"p-comabi\" src=\"https:\/\/monechelle.ma\/wp-content\/uploads\/2025\/09\/comabi.webp\" alt=\"comabi\" \/><br \/>\n    <img decoding=\"async\" width=\"100\" height=\"100\" class=\"fr\" src=\"https:\/\/monechelle.ma\/wp-content\/uploads\/2025\/09\/fabrique-en-france.webp\" alt=\"fabrique-en-france\" \/>\n<\/div>\n<p>Syst\u00e8me temporaire de toiture parapluie couvrant toutes les tailles et toutes les formes de toit m\u00eame asym\u00e9triques.<\/p>\n<p>Mobile par un engin de grutage.<\/p>\n<p>Offre une solution temporaire pr\u00eate \u00e0 l&#8217;emploi dans la plupart des applications.<\/p>","protected":false},"featured_media":6279,"comment_status":"open","ping_status":"closed","template":"","meta":{"_acf_changed":false,"_bst_post_transparent":"default","_bst_post_title":"","_bst_post_layout":"default","_bst_post_sidebar_id":"","_bst_post_content_style":"default","_bst_post_vertical_padding":"default","_bst_post_feature":"","_bst_post_feature_position":"","_bst_post_header":false,"_bst_post_footer":false},"pwb-brand":[556],"product_brand":[],"product_cat":[],"product_tag":[],"product_brands":[],"class_list":{"0":"post-6280","1":"product","2":"type-product","3":"status-publish","4":"has-post-thumbnail","6":"pwb-brand-comabi","8":"first","9":"instock","10":"shipping-taxable","11":"product-type-simple","12":"entry","13":"content-bg","14":"loop-entry"},"acf":[],"brands":[{"id":556,"name":"COMABI","slug":"comabi"}],"_links":{"self":[{"href":"https:\/\/monechelle.ma\/ar\/wp-json\/wp\/v2\/product\/6280","targetHints":{"allow":["GET"]}}],"collection":[{"href":"https:\/\/monechelle.ma\/ar\/wp-json\/wp\/v2\/product"}],"about":[{"href":"https:\/\/monechelle.ma\/ar\/wp-json\/wp\/v2\/types\/product"}],"replies":[{"embeddable":true,"href":"https:\/\/monechelle.ma\/ar\/wp-json\/wp\/v2\/comments?post=6280"}],"version-history":[{"count":3,"href":"https:\/\/monechelle.ma\/ar\/wp-json\/wp\/v2\/product\/6280\/revisions"}],"predecessor-version":[{"id":7317,"href":"https:\/\/monechelle.ma\/ar\/wp-json\/wp\/v2\/product\/6280\/revisions\/7317"}],"wp:featuredmedia":[{"embeddable":true,"href":"https:\/\/monechelle.ma\/ar\/wp-json\/wp\/v2\/media\/6279"}],"wp:attachment":[{"href":"https:\/\/monechelle.ma\/ar\/wp-json\/wp\/v2\/media?parent=6280"}],"wp:term":[{"taxonomy":"pwb-brand","embeddable":true,"href":"https:\/\/monechelle.ma\/ar\/wp-json\/wp\/v2\/pwb-brand?post=6280"},{"taxonomy":"product_brand","embeddable":true,"href":"https:\/\/monechelle.ma\/ar\/wp-json\/wp\/v2\/product_brand?post=6280"},{"taxonomy":"product_cat","embeddable":true,"href":"https:\/\/monechelle.ma\/ar\/wp-json\/wp\/v2\/product_cat?post=6280"},{"taxonomy":"product_tag","embeddable":true,"href":"https:\/\/monechelle.ma\/ar\/wp-json\/wp\/v2\/product_tag?post=6280"},{"taxonomy":"product_brands","embeddable":true,"href":"https:\/\/monechelle.ma\/ar\/wp-json\/wp\/v2\/product_brands?post=6280"}],"curies":[{"name":"wp","href":"https:\/\/api.w.org\/{rel}","templated":true}]}}