{"id":6317,"date":"2025-08-07T15:53:18","date_gmt":"2025-08-07T13:53:18","guid":{"rendered":"https:\/\/monechelle.ma\/product\/lot-fixe-4m-4m-4m\/"},"modified":"2026-02-04T15:28:16","modified_gmt":"2026-02-04T14:28:16","slug":"lot-fixe-4m-4m-4m","status":"publish","type":"product","link":"https:\/\/monechelle.ma\/ar\/product\/lot-fixe-4m-4m-4m\/","title":{"rendered":"Lot Fixe 4m 4m 4m"},"content":{"rendered":"<p>Nous travaillons exclusivement avec la marque COMABI, fabriquant d&rsquo;\u00e9chafaudages fixes qui r\u00e9pondent aux besoins et exigences de tous les corps de m\u00e9tier (finition, maintenance, r\u00e9novation et construction). L&rsquo;\u00e9chafaudage multidirectionnel M368 est constitu\u00e9 de montants et de longerons. Sp\u00e9cialement con\u00e7u pour supporter des charges lourdes et s\u2019adapter aux configurations les plus complexes. D\u00e9velopp\u00e9 pour les travaux de ma\u00e7onnerie, charpente, couverture ainsi qu\u2019\u00e0 la pierre de taille et aux monuments historiques. (7700 daN \u00e0 l\u2019effort tranchant et 5300 daN \u00e0 la traction). Adapt\u00e9 aux chantiers navals, raffineries de p\u00e9trole, centrales nucl\u00e9aires et thermiques, \u00e0 l\u2019industrie chimique et \u00e0 l\u2019industrie lourde.<\/p>","protected":false},"excerpt":{"rendered":"<div class=\"d-inline-flex\"><img decoding=\"async\" width=\"128\" height=\"40\" class=\"p-comabi\" src=\"https:\/\/monechelle.ma\/wp-content\/uploads\/2025\/09\/comabi.webp\" alt=\"comabi\" \/><br \/>\n<img decoding=\"async\" width=\"100\" height=\"100\" class=\"nf\" src=\"https:\/\/monechelle.ma\/wp-content\/uploads\/2025\/09\/nf.webp\" alt=\"nf\" \/><br \/>\n<img decoding=\"async\" width=\"100\" height=\"100\" class=\"fr\" src=\"https:\/\/monechelle.ma\/wp-content\/uploads\/2025\/09\/fabrique-en-france.webp\" alt=\"fabrique-en-france\" \/><\/div>\n<p>Lot d&rsquo;\u00e9chafaudage sur mesure, caract\u00e9ristiques :<\/p>\n<ul>\n<li>Omnidirectionnel \u00e0 8 positions<\/li>\n<li>Haute r\u00e9sistance : montant \u00d8 48,3 mm, \u00e9paisseur 3,2 mm<\/li>\n<li>Rigide : assemblage pr\u00e9cis et blocage int\u00e9gral de tous les composants<\/li>\n<li>S\u00fbr : 100% montage en s\u00e9curit\u00e9 sur chaque douille<\/li>\n<li>Efficace : supporte de fortes charges et permet d\u2019acc\u00e9der aux grandes hauteurs<\/li>\n<li>Forte r\u00e9sistance \u00e0 la compression, tenue parfaite face aux sollicitations des consoles, colliers, etc.<\/li>\n<li>Possibilit\u00e9 de montage \u00e0 180\u00b0 sur chaque douille<\/li>\n<li>Seul le montage \u00e0 0\u00b0 autorise les porte-\u00e0-faux<\/li>\n<li>Compatible R200<\/li>\n<li>Recommand\u00e9 par la CARSAT \/ CRAMI<\/li>\n<\/ul>\n<p><em>Les cales en bois et les ancrages ne sont pas fournis avec les lots, mais peuvent \u00eatre inclus si chiffr\u00e9s.<\/em><\/p>","protected":false},"featured_media":6316,"comment_status":"open","ping_status":"closed","template":"","meta":{"_acf_changed":false,"_bst_post_transparent":"default","_bst_post_title":"","_bst_post_layout":"default","_bst_post_sidebar_id":"","_bst_post_content_style":"default","_bst_post_vertical_padding":"default","_bst_post_feature":"","_bst_post_feature_position":"","_bst_post_header":false,"_bst_post_footer":false},"pwb-brand":[556],"product_brand":[],"product_cat":[],"product_tag":[],"product_brands":[],"class_list":{"0":"post-6317","1":"product","2":"type-product","3":"status-publish","4":"has-post-thumbnail","6":"pwb-brand-comabi","8":"first","9":"instock","10":"shipping-taxable","11":"product-type-simple","12":"entry","13":"content-bg","14":"loop-entry"},"acf":[],"brands":[{"id":556,"name":"COMABI","slug":"comabi"}],"_links":{"self":[{"href":"https:\/\/monechelle.ma\/ar\/wp-json\/wp\/v2\/product\/6317","targetHints":{"allow":["GET"]}}],"collection":[{"href":"https:\/\/monechelle.ma\/ar\/wp-json\/wp\/v2\/product"}],"about":[{"href":"https:\/\/monechelle.ma\/ar\/wp-json\/wp\/v2\/types\/product"}],"replies":[{"embeddable":true,"href":"https:\/\/monechelle.ma\/ar\/wp-json\/wp\/v2\/comments?post=6317"}],"version-history":[{"count":5,"href":"https:\/\/monechelle.ma\/ar\/wp-json\/wp\/v2\/product\/6317\/revisions"}],"predecessor-version":[{"id":7289,"href":"https:\/\/monechelle.ma\/ar\/wp-json\/wp\/v2\/product\/6317\/revisions\/7289"}],"wp:featuredmedia":[{"embeddable":true,"href":"https:\/\/monechelle.ma\/ar\/wp-json\/wp\/v2\/media\/6316"}],"wp:attachment":[{"href":"https:\/\/monechelle.ma\/ar\/wp-json\/wp\/v2\/media?parent=6317"}],"wp:term":[{"taxonomy":"pwb-brand","embeddable":true,"href":"https:\/\/monechelle.ma\/ar\/wp-json\/wp\/v2\/pwb-brand?post=6317"},{"taxonomy":"product_brand","embeddable":true,"href":"https:\/\/monechelle.ma\/ar\/wp-json\/wp\/v2\/product_brand?post=6317"},{"taxonomy":"product_cat","embeddable":true,"href":"https:\/\/monechelle.ma\/ar\/wp-json\/wp\/v2\/product_cat?post=6317"},{"taxonomy":"product_tag","embeddable":true,"href":"https:\/\/monechelle.ma\/ar\/wp-json\/wp\/v2\/product_tag?post=6317"},{"taxonomy":"product_brands","embeddable":true,"href":"https:\/\/monechelle.ma\/ar\/wp-json\/wp\/v2\/product_brands?post=6317"}],"curies":[{"name":"wp","href":"https:\/\/api.w.org\/{rel}","templated":true}]}}